{"id":4495,"date":"2020-03-09T14:01:40","date_gmt":"2020-03-09T14:01:40","guid":{"rendered":"http:\/\/www.feketeszakallkalandpark.hu\/jatekok\/"},"modified":"2024-04-12T08:54:43","modified_gmt":"2024-04-12T08:54:43","slug":"jatekok","status":"publish","type":"page","link":"https:\/\/www.feketeszakallkalandpark.hu\/en\/jatekok\/","title":{"rendered":"Read more"},"content":{"rendered":"<div class=\"\" style=\"\" >\n    \n    <section class=\"u-clearfix u-palette-3-base u-section-2\" id=\"carousel_9d00\">\n      <div class=\"u-clearfix u-sheet u-sheet-1\"><\/div>\n    <\/section>\n    <section class=\"u-clearfix u-custom-color-1 u-section-3\" id=\"carousel_091a\">\n      <div class=\"u-clearfix u-sheet u-sheet-1\">\n        <p class=\"u-align-center-xs u-text u-text-1\">Beach<\/p>\n        <p class=\"u-text u-text-custom-color-2 u-text-2\">\n          <a href=\"#carousel_d703\">Ugr\u00e1s a&nbsp;V\u00edzi \u00e9lm\u00e9nyparkhoz<\/a>\n        <\/p>\n        <p class=\"u-align-justify u-text u-text-3\">A Tisza foly\u00f3 egy mesters\u00e9ges \u00f6bl\u00f6zet\u00e9ben ker\u00fclt kialak\u00edt\u00e1sra a mintegy 2,5 hekt\u00e1r v\u00edzfel\u00fclet\u0171 strand, mely egy t\u00f6bb mint 100 m\u00e9ter hossz\u00fa karbantartott, feh\u00e9rhomokos partszakasszal rendelkezik. A v\u00edz lassan m\u00e9ly\u00fcl\u0151, ide\u00e1lis kisgyermekes csal\u00e1dok sz\u00e1m\u00e1ra is, ny\u00e1ri id\u0151szakban az \u00e1tlag v\u00edzh\u0151m\u00e9rs\u00e9klet 28 fok. Az \u00f6bl\u00f6zetnek k\u00f6sz\u00f6nhet\u0151en nincs v\u00edzmozg\u00e1s, a v\u00edznek nincs sodr\u00e1sa, illetve nem alakulnak ki \u00f6rv\u00e9nyek sem. <br>A parton naperny\u0151k \u00e9s nyug\u00e1gyak szolg\u00e1lj\u00e1k a pihenni v\u00e1gy\u00f3k k\u00e9nyelm\u00e9t, m\u00edg a ter\u00fcleten minden sz\u00fcks\u00e9ges kiszolg\u00e1l\u00f3 egys\u00e9g is megtal\u00e1lhat\u00f3: \u00f6lt\u00f6z\u0151k, zuhanyz\u00f3k, szoci\u00e1lis l\u00e9tes\u00edtm\u00e9nyek, illetve k\u00fcl\u00f6n csal\u00e1di \u00f6lt\u00f6z\u0151, gyermek wc-vel valamint pelenk\u00e1z\u00f3val is felszerelve. <br>\n          <br>A felt\u00f6lt\u0151d\u00e9shez elengedhetetlenek a finom \u00e9telek, h\u0171s\u00edt\u0151 italok, melyekr\u0151l a <b>Feketeszak\u00e1ll \u00c9telb\u00e1r<\/b> mellett 2021-t\u0151l m\u00e1r a <b>TAT Bisztr\u00f3 \u00e9s Vine Bar<\/b> is gondoskodik majd, csak\u00fagy mint a parton kialak\u00edtott <b>fagyiz\u00f3<\/b>. <br>\n          <br>Az \u00c9lm\u00e9nypark ter\u00fclet\u00e9n elhelyezked\u0151 l\u00e9tes\u00edtm\u00e9nyekre k\u00fcl\u00f6n-k\u00fcl\u00f6n is v\u00e1lthat\u00f3 bel\u00e9p\u0151jegy, \u00edgy aki csak strandolni szeretne, azt is megteheti, m\u00edg m\u00e1sok \u00e9lvezhetik a v\u00edzi \u00e9lm\u00e9nypark, illetve 2021-t\u0151l m\u00e1r a<b> sz\u00e1razf\u00f6ldi extr\u00e9m p\u00e1lya<\/b> \u00e1ltal biztos\u00edtott \u00e9lm\u00e9nyeket is. A v\u00edzi p\u00e1lya, illetve az extr\u00e9m p\u00e1lya bel\u00e9p\u0151d\u00edja a strandra t\u00f6rt\u00e9n\u0151 bel\u00e9p\u00e9sre is feljogos\u00edt.<br>\n        <\/p>\n        <p class=\"u-align-justify u-text u-text-4\">A Strand h\u00e1zirendje itt \u00e9rhet\u0151 el:<\/p>\n        <p class=\"u-align-justify u-text u-text-custom-color-2 u-text-default u-text-5\">\n          <a href=\"https:\/\/www.feketeszakallkalandpark.hu\/en\/elmenypark-hazirend\/\">H\u00e1zirend<\/a>\n        <\/p>\n      <\/div>\n    <\/section>\n    <section class=\"u-clearfix u-custom-color-1 u-section-4\" id=\"carousel_7d08\">\n      <div class=\"u-clearfix u-sheet u-valign-middle u-sheet-1\">\n        <div class=\"u-clearfix u-expanded-width u-gutter-10 u-layout-wrap u-layout-wrap-1\">\n          <div class=\"u-layout\">\n            <div class=\"u-layout-row\">\n              <div class=\"u-container-style u-image u-layout-cell u-left-cell u-size-12 u-size-20-md u-image-1\" src=\"\" data-image-width=\"500\" data-image-height=\"332\" style=\"background-image: url(&quot;https:\/\/www.feketeszakallkalandpark.hu\/wp-content\/uploads\/2020\/03\/tiniknek-1.jpg&quot;);\">\n                <div class=\"u-container-layout u-valign-middle u-container-layout-1\"><\/div>\n              <\/div>\n              <div class=\"u-container-style u-image u-layout-cell u-size-12 u-size-20-md u-image-2\" src=\"\" data-image-width=\"2560\" data-image-height=\"1707\" style=\"background-image: url(&quot;https:\/\/www.feketeszakallkalandpark.hu\/wp-content\/uploads\/2022\/06\/002_JEB1688-min-scaled.jpg&quot;);\">\n                <div class=\"u-container-layout u-valign-middle u-container-layout-2\"><\/div>\n              <\/div>\n              <div class=\"u-container-style u-image u-layout-cell u-size-12 u-size-20-md u-image-3\" src=\"\" data-image-width=\"2560\" data-image-height=\"2048\" style=\"background-image: url(&quot;https:\/\/www.feketeszakallkalandpark.hu\/wp-content\/uploads\/2022\/05\/pillanatkp2-scaled.jpg&quot;);\">\n                <div class=\"u-container-layout u-valign-middle u-container-layout-3\"><\/div>\n              <\/div>\n              <div class=\"u-container-style u-image u-layout-cell u-size-12 u-size-30-md u-image-4\" src=\"\" data-image-width=\"1707\" data-image-height=\"2560\" style=\"background-image: url(&quot;https:\/\/www.feketeszakallkalandpark.hu\/wp-content\/uploads\/2022\/06\/139_JEB1704-1200x1800.jpg&quot;);\">\n                <div class=\"u-container-layout u-valign-middle u-container-layout-4\"><\/div>\n              <\/div>\n              <div class=\"u-container-style u-image u-layout-cell u-right-cell u-size-12 u-size-30-md u-image-5\" src=\"\" data-image-width=\"2560\" data-image-height=\"1707\" style=\"background-image: url(&quot;https:\/\/www.feketeszakallkalandpark.hu\/wp-content\/uploads\/2022\/08\/143_JEB1719-scaled.jpg&quot;);\">\n                <div class=\"u-container-layout u-valign-middle u-container-layout-5\"><\/div>\n              <\/div>\n            <\/div>\n          <\/div>\n        <\/div>\n      <\/div>\n    <\/section>\n    <section class=\"u-clearfix u-custom-color-1 u-section-5\" id=\"carousel_d703\">\n      <div class=\"u-clearfix u-sheet u-sheet-1\">\n        <p class=\"u-text u-text-1\">Aquatic Amusement Park<\/p>\n        <p class=\"u-align-justify u-text u-text-2\">V\u00edzi kalandp\u00e1ly\u00e1nkat 2020-ban alak\u00edtottuk ki, mintegy 1200 n\u00e9gyzetm\u00e9teren, ahol t\u00f6bb, mint 20 k\u00fcl\u00f6nleges \u00e9lm\u00e9nyelem v\u00e1rja az akt\u00edv kikapcsol\u00f3d\u00e1sra, a vizes \u00e9lm\u00e9nyekre v\u00e1gy\u00f3 vend\u00e9geinket. A p\u00e1lya alkalmas egy\u00e9ni kalandoz\u00e1sokra, de versenyek \u00e9s csapat\u00e9p\u00edt\u0151 tr\u00e9ningek lebonyol\u00edt\u00e1s\u00e1ra is.<br>A p\u00e1lya gyermekek sz\u00e1m\u00e1ra kiz\u00e1r\u00f3lag sz\u00fcl\u0151i kis\u00e9rettel vehet\u0151 ig\u00e9nybe, melynek r\u00e9szleteit a p\u00e1lya szab\u00e1lyzat tartalmazza. A p\u00e1ly\u00e1ra k\u00fcl\u00f6n bel\u00e9p\u0151jegy v\u00e1lt\u00e1sa k\u00f6telez\u0151, amely mag\u00e1ban foglalja az eg\u00e9sznapos strand bel\u00e9p\u0151 \u00e1r\u00e1t is.\n        <\/p>\n        <p class=\"u-text u-text-3\">A V\u00edzi \u00c9lm\u00e9nypark szab\u00e1lyzata itt \u00e9rhet\u0151 el, k\u00e9rj\u00fck \u00e9rkez\u00e9s el\u0151tt olvass\u00e1k el figyelmesen:&nbsp;<\/p>\n        <p class=\"u-align-center-xs u-text u-text-custom-color-2 u-text-4\">\n          <a href=\"https:\/\/www.feketeszakallkalandpark.hu\/en\/vizi-kalandpalya-szabalyzata\/\">Szab\u00e1lyzat<\/a>\n        <\/p>\n      <\/div>\n    <\/section>\n    <section class=\"u-clearfix u-custom-color-1 u-section-6\" id=\"carousel_3b5a\">\n      <div class=\"u-clearfix u-sheet u-valign-middle u-sheet-1\">\n        <div class=\"u-clearfix u-expanded-width u-gutter-10 u-layout-wrap u-layout-wrap-1\">\n          <div class=\"u-layout\">\n            <div class=\"u-layout-row\">\n              <div class=\"u-container-style u-image u-layout-cell u-left-cell u-size-12 u-size-20-md u-image-1\" src=\"\" data-image-width=\"2560\" data-image-height=\"1707\" style=\"background-image: url(&quot;https:\/\/www.feketeszakallkalandpark.hu\/wp-content\/uploads\/2020\/06\/Vizipark-1276-min-scaled.jpg&quot;);\">\n                <div class=\"u-container-layout u-valign-middle u-container-layout-1\"><\/div>\n              <\/div>\n              <div class=\"u-container-style u-image u-layout-cell u-size-12 u-size-20-md u-image-2\" src=\"\" data-image-width=\"2560\" data-image-height=\"1437\" style=\"background-image: url(&quot;https:\/\/www.feketeszakallkalandpark.hu\/wp-content\/uploads\/2020\/06\/Vizipark-1259-min-scaled.jpg&quot;);\">\n                <div class=\"u-container-layout u-valign-middle u-container-layout-2\"><\/div>\n              <\/div>\n              <div class=\"u-container-style u-image u-layout-cell u-size-12 u-size-20-md u-image-3\" src=\"\" data-image-width=\"2560\" data-image-height=\"1707\" style=\"background-image: url(&quot;https:\/\/www.feketeszakallkalandpark.hu\/wp-content\/uploads\/2020\/06\/Vizipark-1246-min-scaled.jpg&quot;);\">\n                <div class=\"u-container-layout u-valign-middle u-container-layout-3\"><\/div>\n              <\/div>\n              <div class=\"u-container-style u-image u-layout-cell u-size-12 u-size-30-md u-image-4\" src=\"\" data-image-width=\"2560\" data-image-height=\"1707\" style=\"background-image: url(&quot;https:\/\/www.feketeszakallkalandpark.hu\/wp-content\/uploads\/2020\/06\/Vizipark-1045-min-scaled.jpg&quot;);\">\n                <div class=\"u-container-layout u-valign-middle u-container-layout-4\"><\/div>\n              <\/div>\n              <div class=\"u-container-style u-image u-layout-cell u-right-cell u-size-12 u-size-30-md u-image-5\" src=\"\" data-image-width=\"2560\" data-image-height=\"1707\" style=\"background-image: url(&quot;https:\/\/www.feketeszakallkalandpark.hu\/wp-content\/uploads\/2020\/06\/Vizipark-0334-min-scaled.jpg&quot;);\">\n                <div class=\"u-container-layout u-valign-middle u-container-layout-5\"><\/div>\n              <\/div>\n            <\/div>\n          <\/div>\n        <\/div>\n      <\/div>\n    <\/section>\n    <section class=\"u-clearfix u-custom-color-1 u-section-7\" id=\"carousel_612a\">\n      <div class=\"u-clearfix u-sheet u-sheet-1\">\n        <p class=\"u-text u-text-1\">Extreme Land obstacle course<\/p>\n        <p class=\"u-align-justify u-text u-text-2\"><b>The only one in Hungary!<\/b>\n          <br>\n          <br>Extr\u00e9m p\u00e1ly\u00e1nk k\u00f6zel 200 m\u00e9ter hossz\u00fa, 18 j\u00e1t\u00e9kelemb\u0151l, mintegy 40 k\u00fcl\u00f6nb\u00f6z\u0151 akad\u00e1lyb\u00f3l \u00e1ll, ahol az egy\u00e9ni j\u00e1t\u00e9k mellett p\u00e1rbajoz\u00e1sra,&nbsp;illetve komplett csapat\u00e9p\u00edt\u0151 tr\u00e9ningek lebonyol\u00edt\u00e1s\u00e1ra is van lehet\u0151s\u00e9g.<br>\u00daj extr\u00e9m sz\u00e1razf\u00f6ldi akad\u00e1lyp\u00e1ly\u00e1nkat 2021 nyar\u00e1n alak\u00edtottuk ki azzal a c\u00e9llal, hogy az aktiv kikapcsol\u00f3d\u00e1st kedvel\u0151, az igaz\u00e1n k\u00fcl\u00f6nleges \u00e9lm\u00e9nyeket keres\u0151 vend\u00e9geink ig\u00e9nyeit kiel\u00e9g\u00edts\u00fck.&nbsp;<br>\n          <br>A p\u00e1lya a v\u00edzi parkkal kombin\u00e1lt jeggyel is ig\u00e9nybevehet\u00f6.\n        <\/p>\n        <p class=\"u-align-center-xs u-text u-text-custom-color-2 u-text-3\">\n          <a href=\"https:\/\/www.feketeszakallkalandpark.hu\/en\/a-feketeszakall-elmenypark-szarazfoldi-extrem-palya-szabalyzat\/\">Szab\u00e1lyzat<\/a>\n        <\/p>\n        <p class=\"u-text u-text-4\">Az Extr\u00e9m Sz\u00e1razf\u00f6ldi Akad\u00e1lyp\u00e1lya szab\u00e1lyzata itt \u00e9rhet\u0151 el, k\u00e9rj\u00fck \u00e9rkez\u00e9s el\u0151tt olvass\u00e1k el figyelmesen:&nbsp;<\/p>\n      <\/div>\n    <\/section>\n    <section class=\"u-clearfix u-custom-color-1 u-section-8\" id=\"carousel_c6ea\">\n      <div class=\"u-clearfix u-sheet u-valign-middle u-sheet-1\">\n        <div class=\"u-clearfix u-expanded-width u-gutter-10 u-layout-wrap u-layout-wrap-1\">\n          <div class=\"u-layout\">\n            <div class=\"u-layout-row\">\n              <div class=\"u-container-style u-image u-layout-cell u-left-cell u-size-12 u-size-20-md u-image-1\" src=\"\" data-image-width=\"2560\" data-image-height=\"1920\" style=\"background-image: url(&quot;https:\/\/www.feketeszakallkalandpark.hu\/wp-content\/uploads\/2021\/06\/IMG_20210604_194617-min-scaled.jpg&quot;);\">\n                <div class=\"u-container-layout u-valign-middle u-container-layout-1\"><\/div>\n              <\/div>\n              <div class=\"u-container-style u-image u-layout-cell u-size-12 u-size-20-md u-image-2\" src=\"\" data-image-width=\"2560\" data-image-height=\"1707\" style=\"background-image: url(&quot;https:\/\/www.feketeszakallkalandpark.hu\/wp-content\/uploads\/2022\/06\/039_JEB0787-1-scaled.jpg&quot;);\">\n                <div class=\"u-container-layout u-valign-middle u-container-layout-2\"><\/div>\n              <\/div>\n              <div class=\"u-container-style u-image u-layout-cell u-size-12 u-size-20-md u-image-3\" src=\"\" data-image-width=\"2560\" data-image-height=\"1709\" style=\"background-image: url(&quot;https:\/\/www.feketeszakallkalandpark.hu\/wp-content\/uploads\/2022\/06\/036_JEB6756-scaled.jpg&quot;);\">\n                <div class=\"u-container-layout u-valign-middle u-container-layout-3\"><\/div>\n              <\/div>\n              <div class=\"u-container-style u-image u-layout-cell u-size-12 u-size-30-md u-image-4\" src=\"\" data-image-width=\"2560\" data-image-height=\"1709\" style=\"background-image: url(&quot;https:\/\/www.feketeszakallkalandpark.hu\/wp-content\/uploads\/2022\/06\/032_JEB6688-scaled.jpg&quot;);\">\n                <div class=\"u-container-layout u-valign-middle u-container-layout-4\"><\/div>\n              <\/div>\n              <div class=\"u-container-style u-image u-layout-cell u-right-cell u-size-12 u-size-30-md u-image-5\" src=\"\" data-image-width=\"2560\" data-image-height=\"1709\" style=\"background-image: url(&quot;https:\/\/www.feketeszakallkalandpark.hu\/wp-content\/uploads\/2022\/06\/035_JEB6722-scaled.jpg&quot;);\">\n                <div class=\"u-container-layout u-valign-middle u-container-layout-5\"><\/div>\n              <\/div>\n            <\/div>\n          <\/div>\n        <\/div>\n      <\/div>\n    <\/section>\n    <section class=\"u-clearfix u-custom-color-1 u-section-9\" id=\"sec-f117\">\n      <div class=\"u-clearfix u-sheet u-sheet-1\"><\/div>\n    <\/section>\n    <section class=\"u-clearfix u-custom-color-1 u-section-10\" id=\"sec-7ae5\">\n      <div class=\"u-clearfix u-sheet u-sheet-1\"><\/div>\n    <\/section>\n    <section class=\"u-clearfix u-palette-3-base u-section-11\" id=\"carousel_0896\">\n      <div class=\"u-clearfix u-sheet u-sheet-1\"><\/div>\n    <\/section>\n    \n    \n    \n  \n<\/div>","protected":false},"excerpt":{"rendered":"<p>Strand Ugr\u00e1s a&nbsp;V\u00edzi \u00e9lm\u00e9nyparkhoz A Tisza foly\u00f3 egy mesters\u00e9ges \u00f6bl\u00f6zet\u00e9ben ker\u00fclt kialak\u00edt\u00e1sra a mintegy 2,5 hekt\u00e1r v\u00edzfel\u00fclet\u0171 strand, mely egy t\u00f6bb mint 100 m\u00e9ter hossz\u00fa karbantartott, feh\u00e9rhomokos partszakasszal rendelkezik. A v\u00edz lassan m\u00e9ly\u00fcl\u0151, ide\u00e1lis kisgyermekes csal\u00e1dok sz\u00e1m\u00e1ra is, ny\u00e1ri id\u0151szakban az \u00e1tlag v\u00edzh\u0151m\u00e9rs\u00e9klet 28 fok. Az \u00f6bl\u00f6zetnek k\u00f6sz\u00f6nhet\u0151en nincs v\u00edzmozg\u00e1s, a v\u00edznek nincs sodr\u00e1sa, illetve &hellip; <a href=\"https:\/\/www.feketeszakallkalandpark.hu\/en\/jatekok\/\" class=\"more-link\">Continue reading<span class=\"screen-reader-text\"> &#8222;B\u0151vebben&#8221;<\/span><\/a><\/p>","protected":false},"author":4,"featured_media":0,"parent":0,"menu_order":3,"comment_status":"closed","ping_status":"closed","template":"","meta":{"footnotes":""},"class_list":["post-4495","page","type-page","status-publish","hentry"],"yoast_head":"<!-- This site is optimized with the Yoast SEO Premium plugin v27.3 (Yoast SEO v27.3) - https:\/\/yoast.com\/product\/yoast-seo-premium-wordpress\/ -->\n<title>B\u0151vebben - Feketeszak\u00e1ll \u00c9lm\u00e9nypark<\/title>\n<meta name=\"robots\" content=\"index, follow, max-snippet:-1, max-image-preview:large, max-video-preview:-1\" \/>\n<link rel=\"canonical\" href=\"https:\/\/www.feketeszakallkalandpark.hu\/en\/jatekok\/\" \/>\n<meta property=\"og:locale\" content=\"en_GB\" \/>\n<meta property=\"og:type\" content=\"article\" \/>\n<meta property=\"og:title\" content=\"B\u0151vebben\" \/>\n<meta property=\"og:description\" content=\"Strand Ugr\u00e1s a&nbsp;V\u00edzi \u00e9lm\u00e9nyparkhoz A Tisza foly\u00f3 egy mesters\u00e9ges \u00f6bl\u00f6zet\u00e9ben ker\u00fclt kialak\u00edt\u00e1sra a mintegy 2,5 hekt\u00e1r v\u00edzfel\u00fclet\u0171 strand, mely egy t\u00f6bb mint 100 m\u00e9ter hossz\u00fa karbantartott, feh\u00e9rhomokos partszakasszal rendelkezik. A v\u00edz lassan m\u00e9ly\u00fcl\u0151, ide\u00e1lis kisgyermekes csal\u00e1dok sz\u00e1m\u00e1ra is, ny\u00e1ri id\u0151szakban az \u00e1tlag v\u00edzh\u0151m\u00e9rs\u00e9klet 28 fok. Az \u00f6bl\u00f6zetnek k\u00f6sz\u00f6nhet\u0151en nincs v\u00edzmozg\u00e1s, a v\u00edznek nincs sodr\u00e1sa, illetve &hellip; Continue reading &quot;B\u0151vebben&quot;\" \/>\n<meta property=\"og:url\" content=\"https:\/\/www.feketeszakallkalandpark.hu\/en\/jatekok\/\" \/>\n<meta property=\"og:site_name\" content=\"Feketeszak\u00e1ll \u00c9lm\u00e9nypark\" \/>\n<meta property=\"article:modified_time\" content=\"2024-04-12T08:54:43+00:00\" \/>\n<meta name=\"twitter:card\" content=\"summary_large_image\" \/>\n<meta name=\"twitter:label1\" content=\"Estimated reading time\" \/>\n\t<meta name=\"twitter:data1\" content=\"3 minutes\" \/>\n<script type=\"application\/ld+json\" class=\"yoast-schema-graph\">{\"@context\":\"https:\\\/\\\/schema.org\",\"@graph\":[{\"@type\":\"WebPage\",\"@id\":\"https:\\\/\\\/www.feketeszakallkalandpark.hu\\\/jatekok\\\/\",\"url\":\"https:\\\/\\\/www.feketeszakallkalandpark.hu\\\/jatekok\\\/\",\"name\":\"B\u0151vebben - Feketeszak\u00e1ll \u00c9lm\u00e9nypark\",\"isPartOf\":{\"@id\":\"https:\\\/\\\/www.feketeszakallkalandpark.hu\\\/#website\"},\"datePublished\":\"2020-03-09T14:01:40+00:00\",\"dateModified\":\"2024-04-12T08:54:43+00:00\",\"breadcrumb\":{\"@id\":\"https:\\\/\\\/www.feketeszakallkalandpark.hu\\\/jatekok\\\/#breadcrumb\"},\"inLanguage\":\"en-GB\",\"potentialAction\":[{\"@type\":\"ReadAction\",\"target\":[\"https:\\\/\\\/www.feketeszakallkalandpark.hu\\\/jatekok\\\/\"]}]},{\"@type\":\"BreadcrumbList\",\"@id\":\"https:\\\/\\\/www.feketeszakallkalandpark.hu\\\/jatekok\\\/#breadcrumb\",\"itemListElement\":[{\"@type\":\"ListItem\",\"position\":1,\"name\":\"Home\",\"item\":\"https:\\\/\\\/www.feketeszakallkalandpark.hu\\\/\"},{\"@type\":\"ListItem\",\"position\":2,\"name\":\"B\u0151vebben\"}]},{\"@type\":\"WebSite\",\"@id\":\"https:\\\/\\\/www.feketeszakallkalandpark.hu\\\/#website\",\"url\":\"https:\\\/\\\/www.feketeszakallkalandpark.hu\\\/\",\"name\":\"Feketeszak\u00e1ll \u00c9lm\u00e9nypark\",\"description\":\"\u00c9lm\u00e9nypark \u00e9s Strand Tiszal\u00f6k\",\"potentialAction\":[{\"@type\":\"SearchAction\",\"target\":{\"@type\":\"EntryPoint\",\"urlTemplate\":\"https:\\\/\\\/www.feketeszakallkalandpark.hu\\\/?s={search_term_string}\"},\"query-input\":{\"@type\":\"PropertyValueSpecification\",\"valueRequired\":true,\"valueName\":\"search_term_string\"}}],\"inLanguage\":\"en-GB\"}]}<\/script>\n<!-- \/ Yoast SEO Premium plugin. -->","yoast_head_json":{"title":"B\u0151vebben - Feketeszak\u00e1ll \u00c9lm\u00e9nypark","robots":{"index":"index","follow":"follow","max-snippet":"max-snippet:-1","max-image-preview":"max-image-preview:large","max-video-preview":"max-video-preview:-1"},"canonical":"https:\/\/www.feketeszakallkalandpark.hu\/en\/jatekok\/","og_locale":"en_GB","og_type":"article","og_title":"B\u0151vebben","og_description":"Strand Ugr\u00e1s a&nbsp;V\u00edzi \u00e9lm\u00e9nyparkhoz A Tisza foly\u00f3 egy mesters\u00e9ges \u00f6bl\u00f6zet\u00e9ben ker\u00fclt kialak\u00edt\u00e1sra a mintegy 2,5 hekt\u00e1r v\u00edzfel\u00fclet\u0171 strand, mely egy t\u00f6bb mint 100 m\u00e9ter hossz\u00fa karbantartott, feh\u00e9rhomokos partszakasszal rendelkezik. A v\u00edz lassan m\u00e9ly\u00fcl\u0151, ide\u00e1lis kisgyermekes csal\u00e1dok sz\u00e1m\u00e1ra is, ny\u00e1ri id\u0151szakban az \u00e1tlag v\u00edzh\u0151m\u00e9rs\u00e9klet 28 fok. Az \u00f6bl\u00f6zetnek k\u00f6sz\u00f6nhet\u0151en nincs v\u00edzmozg\u00e1s, a v\u00edznek nincs sodr\u00e1sa, illetve &hellip; Continue reading \"B\u0151vebben\"","og_url":"https:\/\/www.feketeszakallkalandpark.hu\/en\/jatekok\/","og_site_name":"Feketeszak\u00e1ll \u00c9lm\u00e9nypark","article_modified_time":"2024-04-12T08:54:43+00:00","twitter_card":"summary_large_image","twitter_misc":{"Estimated reading time":"3 minutes"},"schema":{"@context":"https:\/\/schema.org","@graph":[{"@type":"WebPage","@id":"https:\/\/www.feketeszakallkalandpark.hu\/jatekok\/","url":"https:\/\/www.feketeszakallkalandpark.hu\/jatekok\/","name":"B\u0151vebben - Feketeszak\u00e1ll \u00c9lm\u00e9nypark","isPartOf":{"@id":"https:\/\/www.feketeszakallkalandpark.hu\/#website"},"datePublished":"2020-03-09T14:01:40+00:00","dateModified":"2024-04-12T08:54:43+00:00","breadcrumb":{"@id":"https:\/\/www.feketeszakallkalandpark.hu\/jatekok\/#breadcrumb"},"inLanguage":"en-GB","potentialAction":[{"@type":"ReadAction","target":["https:\/\/www.feketeszakallkalandpark.hu\/jatekok\/"]}]},{"@type":"BreadcrumbList","@id":"https:\/\/www.feketeszakallkalandpark.hu\/jatekok\/#breadcrumb","itemListElement":[{"@type":"ListItem","position":1,"name":"Home","item":"https:\/\/www.feketeszakallkalandpark.hu\/"},{"@type":"ListItem","position":2,"name":"B\u0151vebben"}]},{"@type":"WebSite","@id":"https:\/\/www.feketeszakallkalandpark.hu\/#website","url":"https:\/\/www.feketeszakallkalandpark.hu\/","name":"Feketeszak\u00e1ll \u00c9lm\u00e9nypark","description":"\u00c9lm\u00e9nypark \u00e9s Strand Tiszal\u00f6k","potentialAction":[{"@type":"SearchAction","target":{"@type":"EntryPoint","urlTemplate":"https:\/\/www.feketeszakallkalandpark.hu\/?s={search_term_string}"},"query-input":{"@type":"PropertyValueSpecification","valueRequired":true,"valueName":"search_term_string"}}],"inLanguage":"en-GB"}]}},"_links":{"self":[{"href":"https:\/\/www.feketeszakallkalandpark.hu\/en\/wp-json\/wp\/v2\/pages\/4495","targetHints":{"allow":["GET"]}}],"collection":[{"href":"https:\/\/www.feketeszakallkalandpark.hu\/en\/wp-json\/wp\/v2\/pages"}],"about":[{"href":"https:\/\/www.feketeszakallkalandpark.hu\/en\/wp-json\/wp\/v2\/types\/page"}],"author":[{"embeddable":true,"href":"https:\/\/www.feketeszakallkalandpark.hu\/en\/wp-json\/wp\/v2\/users\/4"}],"replies":[{"embeddable":true,"href":"https:\/\/www.feketeszakallkalandpark.hu\/en\/wp-json\/wp\/v2\/comments?post=4495"}],"version-history":[{"count":16,"href":"https:\/\/www.feketeszakallkalandpark.hu\/en\/wp-json\/wp\/v2\/pages\/4495\/revisions"}],"predecessor-version":[{"id":5164,"href":"https:\/\/www.feketeszakallkalandpark.hu\/en\/wp-json\/wp\/v2\/pages\/4495\/revisions\/5164"}],"wp:attachment":[{"href":"https:\/\/www.feketeszakallkalandpark.hu\/en\/wp-json\/wp\/v2\/media?parent=4495"}],"curies":[{"name":"wp","href":"https:\/\/api.w.org\/{rel}","templated":true}]}}