{"id":4501,"date":"2020-03-09T14:01:42","date_gmt":"2020-03-09T14:01:42","guid":{"rendered":"http:\/\/www.feketeszakallkalandpark.hu\/kapcsolat\/"},"modified":"2026-03-28T16:50:45","modified_gmt":"2026-03-28T16:50:45","slug":"kapcsolat","status":"publish","type":"page","link":"https:\/\/www.feketeszakallkalandpark.hu\/en\/kapcsolat\/","title":{"rendered":"Contact"},"content":{"rendered":"<div class=\"\" style=\"\" >\n    \n    <section class=\"u-clearfix u-palette-3-base u-section-2\" id=\"carousel_9d00\">\n      <div class=\"u-clearfix u-sheet u-sheet-1\"><\/div>\n    <\/section>\n    <section class=\"u-align-left u-clearfix u-container-align-left u-custom-color-1 u-section-3\" id=\"sec-3375\">\n      <div class=\"u-clearfix u-sheet u-sheet-1\">\n        <p class=\"u-align-center u-text u-text-1\">Nyitva tart\u00e1s<\/p>\n        <div class=\"data-layout-selected u-clearfix u-gutter-0 u-layout-wrap u-layout-wrap-1\">\n          <div class=\"u-layout\" style=\"\">\n            <div class=\"u-layout-row\" style=\"\">\n              <div class=\"u-container-style u-layout-cell u-left-cell u-size-9 u-layout-cell-1\">\n                <div class=\"u-container-layout u-valign-top u-container-layout-1\">\n                  <img decoding=\"async\" src=\"https:\/\/www.feketeszakallkalandpark.hu\/wp-content\/uploads\/2020\/03\/dron1min-scaled.jpg\" alt=\"\" class=\"u-expanded-width u-image u-image-default u-image-1\" data-image-width=\"2560\" data-image-height=\"1919\">\n                  <h4 class=\"u-align-center u-text u-text-2\">Strand<\/h4>\n                  <p class=\"u-align-center u-text u-text-3\"><span style=\"font-weight: 400;\">Nyit\u00e1s: 2026 tavasz<\/span>\n                  <\/p>\n                <\/div>\n              <\/div>\n              <div class=\"u-container-style u-layout-cell u-size-10 u-layout-cell-2\">\n                <div class=\"u-container-layout u-container-layout-2\">\n                  <img decoding=\"async\" src=\"https:\/\/www.feketeszakallkalandpark.hu\/wp-content\/uploads\/2021\/06\/IMG_20210604_194617-min-scaled.jpg\" alt=\"\" class=\"u-image u-image-default u-image-2\" data-image-width=\"2560\" data-image-height=\"1920\">\n                  <h4 class=\"u-align-center u-text u-text-4\">Extr\u00e9m sz\u00e1razf\u00f6ldi akad\u00e1lyp\u00e1lya<\/h4>\n                  <p class=\"u-align-center u-text u-text-5\"><span style=\"font-weight: 400;\"><\/span>Nyit\u00e1s: 2026 tavasz<br>\n                  <\/p>\n                <\/div>\n              <\/div>\n              <div class=\"u-container-style u-layout-cell u-size-11 u-layout-cell-3\">\n                <div class=\"u-container-layout u-valign-top u-container-layout-3\">\n                  <img decoding=\"async\" src=\"https:\/\/www.feketeszakallkalandpark.hu\/wp-content\/uploads\/2020\/06\/Vizipark-0407-min-scaled.jpg\" alt=\"\" class=\"u-expanded-width u-image u-image-default u-image-3\" data-image-width=\"2560\" data-image-height=\"1707\">\n                  <h4 class=\"u-align-center u-text u-text-6\">V\u00edzi \u00e9lm\u00e9nypark<\/h4>\n                  <p class=\"u-align-center u-text u-text-7\"><b><span style=\"font-weight: 400;\"><\/span><\/b> Nyit\u00e1s: 2026 tavasz<br>\n                  <\/p>\n                <\/div>\n              <\/div>\n              <div class=\"u-container-style u-layout-cell u-size-9 u-layout-cell-4\">\n                <div class=\"u-container-layout u-valign-top-xs u-container-layout-4\">\n                  <img decoding=\"async\" src=\"https:\/\/www.feketeszakallkalandpark.hu\/wp-content\/uploads\/2021\/06\/TATVILGOS-1-scaled.jpg\" alt=\"\" class=\"u-image u-image-default u-image-4\" data-image-width=\"2560\" data-image-height=\"1918\">\n                  <h4 class=\"u-align-center u-text u-text-8\">TAT Bistro &amp; Wine Bar<\/h4>\n                  <p class=\"u-align-center u-text u-text-9\">Kib\u00e9relhet\u0151<\/p>\n                <\/div>\n              <\/div>\n              <div class=\"u-align-center u-container-align-center u-container-style u-layout-cell u-right-cell u-size-10 u-layout-cell-5\">\n                <div class=\"u-container-layout u-valign-bottom-md u-valign-bottom-sm u-valign-bottom-xs u-valign-top-lg u-valign-top-xl u-container-layout-5\">\n                  <img decoding=\"async\" src=\"https:\/\/www.feketeszakallkalandpark.hu\/wp-content\/uploads\/2020\/06\/IMG_9621-min-scaled.jpg\" alt=\"\" class=\"u-expanded-width u-image u-image-default u-image-5\" data-image-width=\"2560\" data-image-height=\"1707\">\n                  <h4 class=\"u-text u-text-10\">\u00c9telb\u00e1r<\/h4>\n                  <p class=\"u-align-center u-text u-text-11\"> Nyit\u00e1s: 2026 tavasz<\/p>\n                <\/div>\n              <\/div>\n              <div class=\"u-align-center u-container-align-center u-container-style u-layout-cell u-size-11 u-layout-cell-6\">\n                <div class=\"u-container-layout u-container-layout-6\">\n                  <img decoding=\"async\" class=\"u-expanded-width-xs u-image u-image-default u-image-6\" src=\"https:\/\/www.feketeszakallkalandpark.hu\/wp-content\/uploads\/2022\/06\/126_JEB1615-scaled.jpg\" alt=\"\" data-image-width=\"2560\" data-image-height=\"1707\">\n                  <h4 class=\"u-text u-text-12\">Grillterasz<\/h4>\n                  <p class=\"u-text u-text-13\"><b><\/b>Nyit\u00e1s: 2026 tavasz\n                  <\/p>\n                <\/div>\n              <\/div>\n            <\/div>\n          <\/div>\n        <\/div>\n        <div class=\"data-layout-selected u-clearfix u-expanded-width u-gutter-10 u-layout-wrap u-layout-wrap-2\">\n          <div class=\"u-layout\">\n            <div class=\"u-layout-row\">\n              <div class=\"u-align-left u-container-align-left u-container-style u-layout-cell u-left-cell u-size-20 u-layout-cell-7\">\n                <div class=\"u-container-layout u-valign-bottom u-container-layout-7\">\n                  <p class=\"u-text u-text-14\">Feketeszak\u00e1ll \u00c9lm\u00e9nypark el\u00e9rhet\u0151s\u00e9gei:<\/p>\n                  <p class=\"u-text u-text-15\">C\u00edm: 4450 Tiszal\u00f6k, Hrsz: 0537\/127&nbsp;<br>\n                    <br>Facebook\n                                    oldalunk: <br>\n                    <a href=\"https:\/\/www.facebook.com\/feketeszakallkalandpark\" target=\"_blank\">facebook.com\/feketeszakallkalandpark<\/a>\n                  <\/p>\n                  <p class=\"u-text u-text-16\">Telefon:&nbsp;<br>Szezonban: +36-70\/679-3490<br>Szezonon k\u00edv\u00fcl:&nbsp;<br>+36-70\/679-3491<br>\n                    <br>E-mail:&nbsp;&nbsp;&nbsp;info@feketeszakallkalandpark.hu<br>\n                  <\/p>\n                  <p class=\"u-text u-text-17\">Strand \u00e9s \u00e9telb\u00e1r \u00fczemeltet\u0151je:<\/p>\n                  <p class=\"u-text u-text-18\">Centrum Tender Kft.<br>4450 Tiszal\u00f6k, Kossuth u. 139.<br>Ad\u00f3sz\u00e1m: 24127257-2-15<br>\n                  <\/p>\n                  <p class=\"u-text u-text-19\"><b>V\u00edzi \u00e9lm\u00e9nypark \u00fczemeltet\u0151je:<\/b>\n                    <br>B\u00f6lcs Baglyok Sz\u00f6gi Lajos K\u00f6zhaszn\u00fa Alap\u00edtv\u00e1ny<br>4450 Tiszal\u00f6k, J\u00f3zsef Attila u 17. &nbsp; &nbsp; &nbsp; &nbsp; &nbsp; &nbsp; &nbsp;&nbsp;<br>\n                  <\/p>\n                  <p class=\"u-text u-text-20\"><b>Sz\u00e1razf\u00f6ldi extr\u00e9m p\u00e1lya \u00fczemeltet\u0151je:<\/b>\n                    <br>B\u00f6lcs Baglyok Sz\u00f6gi Lajos K\u00f6zhaszn\u00fa Alap\u00edtv\u00e1ny<br>4450 Tiszal\u00f6k, J\u00f3zsef Attila u 17.&nbsp; &nbsp; &nbsp;<br>\n                  <\/p>\n                <\/div>\n              <\/div>\n              <div class=\"u-container-style u-layout-cell u-size-20 u-layout-cell-8\">\n                <div class=\"u-container-layout u-container-layout-8\">\n                  <div class=\"u-expanded u-grey-light-2 u-map\">\n                    <div class=\"embed-responsive\">\n                      <iframe class=\"embed-responsive-item\" src=\"\/\/maps.google.com\/maps?output=embed&amp;q=4450%20Tiszal%C3%B6k%2C%20Hrsz%3A%200537%2F37&amp;z=15&amp;t=m\" data-map=\"JTdCJTIycG9zaXRpb25UeXBlJTIyJTNBJTIybWFwLXBvaW50JTIyJTJDJTIyYWRkcmVzcyUyMiUzQSUyMjQ0NTAlMjBUaXN6YWwlQzMlQjZrJTJDJTIwSHJzeiUzQSUyMDA1MzclMkYzNyUyMiUyQyUyMnpvb20lMjIlM0ExNSUyQyUyMnR5cGVJZCUyMiUzQSUyMnJvYWQlMjIlMkMlMjJsYW5nJTIyJTNBJTIyJTIyJTdE\"><\/iframe>\n                    <\/div>\n                  <\/div>\n                <\/div>\n              <\/div>\n              <div class=\"u-container-style u-layout-cell u-right-cell u-size-20 u-layout-cell-9\">\n                <div class=\"u-container-layout u-container-layout-9\">\n                  <p class=\"u-align-center u-text u-text-21\">\u00c9rdekl\u0151dj\u00f6n \u00fczenetben!<\/p>\n                  <div class=\"u-align-left u-expanded-width u-form u-form-1\">\n                            <script>\n            function onSuccess(event) {\n                if (typeof window.serviceRequest !== 'undefined') {\n                    window.serviceRequest(jQuery(this).find('form'));\n                }\n                var msgContainer = jQuery(event.currentTarget).find('.wpcf7-response-output');\n                msgContainer.removeClass('u-form-send-error').addClass('u-form-send-message u-form-send-success');\n                msgContainer.show();\n                var redirectAddress = jQuery(event.currentTarget).find('[redirect-address]').attr('redirect-address');\n                if (redirectAddress) {\n                    setTimeout(function () {\n                        location.replace(redirectAddress);\n                    }, 2000);\n                }\n            }\n            function onError(event) {\n                var msgContainer = jQuery(event.currentTarget).find('.wpcf7-response-output');\n                msgContainer.removeClass('u-form-send-success').addClass('u-form-send-message u-form-send-error');\n                msgContainer.show();\n            }\n\n            jQuery('body')\n                .on('wpcf7mailsent',   '.u-form .wpcf7', onSuccess)\n                .on('wpcf7invalid',    '.u-form .wpcf7', onError)\n                .on('wpcf7:unaccepted', '.u-form .wpcf7', onError)\n                .on('wpcf7spam',       '.u-form .wpcf7', onError)\n                .on('wpcf7:aborted',    '.u-form .wpcf7', onError)\n                .on('wpcf7mailfailed', '.u-form .wpcf7', onError);\n        <\/script>\n        <style>\n            .u-form .wpcf7-response-output {\n                \/*position: relative !important;*\/\n                margin: 0 !important;\n                bottom: -70px!important;\n            }\n            .u-form .wpcf7 .ajax-loader {\n                margin-left: -24px;\n                margin-right: 0;\n            }\n        <\/style>\n\n<div class=\"wpcf7 no-js\" id=\"wpcf7-f4533-o1\" lang=\"hu-HU\" dir=\"ltr\" data-wpcf7-id=\"4533\">\n<div class=\"screen-reader-response\"><p role=\"status\" aria-live=\"polite\" aria-atomic=\"true\"><\/p> <ul><\/ul><\/div>\n<form action=\"\/en\/wp-json\/wp\/v2\/pages\/4501#wpcf7-f4533-o1\" method=\"post\" class=\"wpcf7-form init u-block-447f-11 u-form-spacing-15 u-form-vertical u-inner-form u-form-custom-backend\" aria-label=\"Contact form\" novalidate=\"novalidate\" data-status=\"init\">\n<fieldset class=\"hidden-fields-container\"><input type=\"hidden\" name=\"_wpcf7\" value=\"4533\" \/><input type=\"hidden\" name=\"_wpcf7_version\" value=\"6.1.5\" \/><input type=\"hidden\" name=\"_wpcf7_locale\" value=\"hu_HU\" \/><input type=\"hidden\" name=\"_wpcf7_unit_tag\" value=\"wpcf7-f4533-o1\" \/><input type=\"hidden\" name=\"_wpcf7_container_post\" value=\"0\" \/><input type=\"hidden\" name=\"_wpcf7_posted_data_hash\" value=\"\" \/>\n<\/fieldset>\n\n                      <div class=\"u-form-group wpcf7-form-control-wrap u-form-name\">\n                        <label for=\"name-65b5\" class=\"u-form-control-hidden u-label\">Name<\/label>\n                        <input type=\"text\" placeholder=\"N\u00e9v\" id=\"name-65b5\" name=\"name1\" class=\"u-input\" required=\"\">\n                      <\/div>\n                      <div class=\"u-form-email u-form-group wpcf7-form-control-wrap\">\n                        <label for=\"email-65b5\" class=\"u-form-control-hidden u-label\">Email<\/label>\n                        <input type=\"text\" placeholder=\"Email\" id=\"email-65b5\" name=\"email\" class=\"u-input\" required=\"\">\n                      <\/div>\n                      <div class=\"u-form-group wpcf7-form-control-wrap u-form-message\">\n                        <label for=\"message-65b5\" class=\"u-form-control-hidden u-label\">Message<\/label>\n                        <textarea placeholder=\"\u00dczenet\" rows=\"4\" cols=\"50\" id=\"message-65b5\" name=\"message\" class=\"u-input\" required=\"\"><\/textarea>\n                      <\/div>\n                      <div class=\"u-align-center-xs u-align-left-lg u-align-left-md u-align-left-sm u-align-left-xl u-form-group wpcf7-form-control-wrap u-form-submit wpcf7-form-control\">\n                        <a href=\"#\" class=\"u-border-none u-btn u-btn-submit wpcf7-submit u-button-style u-palette-1-base\">K\u00fcld\u00e9s<\/a>\n                        <input type=\"submit\" value=\"submit\" class=\"u-form-control-hidden\" placeholder=\"\">\n                      <\/div>\n                      <div class=\"u-form-send-message u-form-send-success\">Thank you! Your message has been sent.<\/div>\n                      <div class=\"u-form-send-error u-form-send-message\">Unable to send your message. Please fix errors then try again.<\/div>\n                      <input type=\"hidden\" value=\"\" name=\"recaptchaResponse\">\n                    <input type=\"hidden\" name=\"_contact7_backend\" value=\"1\"><p style=\"display: none !important;\" class=\"akismet-fields-container\" data-prefix=\"_wpcf7_ak_\"><label>&#916;<textarea name=\"_wpcf7_ak_hp_textarea\" cols=\"45\" rows=\"8\" maxlength=\"100\"><\/textarea><\/label><input type=\"hidden\" id=\"ak_js_1\" name=\"_wpcf7_ak_js\" value=\"55\"\/><script>document.getElementById( \"ak_js_1\" ).setAttribute( \"value\", ( new Date() ).getTime() );<\/script><\/p><div class=\"wpcf7-response-output\" aria-hidden=\"true\"><\/div>\n<\/form>\n<\/div>\n\n                  <\/div>\n                <\/div>\n              <\/div>\n            <\/div>\n          <\/div>\n        <\/div>\n        <p class=\"u-align-center u-text u-text-22\"><span style=\"font-weight: 700;\">El\u00e9rhet\u0151s\u00e9g t\u00f6megk\u00f6zleked\u00e9ssel:<\/span>&nbsp;buszmeg\u00e1ll\u00f3 (Tiszal\u00f6k, \u00dcd\u00fcl\u0151telep) a f\u0151\u00fatr\u00f3l val\u00f3 let\u00e9r\u0151n\u00e9l van, kb. 10 perc s\u00e9ta, vas\u00fat\u00e1llom\u00e1st\u00f3l kb. 20-25 perc s\u00e9ta.<br><span style=\"font-weight: 700;\">El\u00e9rhet\u0151s\u00e9g aut\u00f3val:<\/span> a Tiszal\u00f6k t\u00e1bl\u00e1t elhagyva Tiszadada fel\u00e9 az els\u0151 lehet\u0151s\u00e9gn\u00e9l jobbra (a nagy balra kanyar el\u0151tt). T\u00e1bla jelzi. A parkol\u00e1s <span style=\"font-weight: 700;\">ingyenes<\/span>.\n        <\/p>\n      <\/div>\n    <\/section>\n    <section class=\"u-clearfix u-palette-3-base u-section-4\" id=\"sec-d746\">\n      <div class=\"u-clearfix u-sheet u-sheet-1\"><\/div>\n    <\/section>\n    \n    \n    \n  \n<\/div>","protected":false},"excerpt":{"rendered":"<p>Nyitva tart\u00e1s Strand Nyit\u00e1s: 2026 tavasz Extr\u00e9m sz\u00e1razf\u00f6ldi akad\u00e1lyp\u00e1lya Nyit\u00e1s: 2026 tavasz V\u00edzi \u00e9lm\u00e9nypark Nyit\u00e1s: 2026 tavasz TAT Bistro &amp; Wine Bar Kib\u00e9relhet\u0151 \u00c9telb\u00e1r Nyit\u00e1s: 2026 tavasz Grillterasz Nyit\u00e1s: 2026 tavasz Feketeszak\u00e1ll \u00c9lm\u00e9nypark el\u00e9rhet\u0151s\u00e9gei: C\u00edm: 4450 Tiszal\u00f6k, Hrsz: 0537\/127&nbsp; Facebook oldalunk: facebook.com\/feketeszakallkalandpark Telefon:&nbsp;Szezonban: +36-70\/679-3490Szezonon k\u00edv\u00fcl:&nbsp;+36-70\/679-3491 E-mail:&nbsp;&nbsp;&nbsp;info@feketeszakallkalandpark.hu Strand \u00e9s \u00e9telb\u00e1r \u00fczemeltet\u0151je: Centrum Tender Kft.4450 Tiszal\u00f6k, Kossuth &hellip; <a href=\"https:\/\/www.feketeszakallkalandpark.hu\/en\/kapcsolat\/\" class=\"more-link\">Continue reading<span class=\"screen-reader-text\"> &#8222;Kapcsolat&#8221;<\/span><\/a><\/p>","protected":false},"author":4,"featured_media":0,"parent":0,"menu_order":5,"comment_status":"closed","ping_status":"closed","template":"","meta":{"footnotes":""},"class_list":["post-4501","page","type-page","status-publish","hentry"],"yoast_head":"<!-- This site is optimized with the Yoast SEO Premium plugin v27.3 (Yoast SEO v27.3) - https:\/\/yoast.com\/product\/yoast-seo-premium-wordpress\/ -->\n<title>Kapcsolat - Feketeszak\u00e1ll \u00c9lm\u00e9nypark<\/title>\n<meta name=\"robots\" content=\"index, follow, max-snippet:-1, max-image-preview:large, max-video-preview:-1\" \/>\n<link rel=\"canonical\" href=\"https:\/\/www.feketeszakallkalandpark.hu\/en\/kapcsolat\/\" \/>\n<meta property=\"og:locale\" content=\"en_GB\" \/>\n<meta property=\"og:type\" content=\"article\" \/>\n<meta property=\"og:title\" content=\"Kapcsolat\" \/>\n<meta property=\"og:description\" content=\"Nyitva tart\u00e1s Strand Nyit\u00e1s: 2026 tavasz Extr\u00e9m sz\u00e1razf\u00f6ldi akad\u00e1lyp\u00e1lya Nyit\u00e1s: 2026 tavasz V\u00edzi \u00e9lm\u00e9nypark Nyit\u00e1s: 2026 tavasz TAT Bistro &amp; Wine Bar Kib\u00e9relhet\u0151 \u00c9telb\u00e1r Nyit\u00e1s: 2026 tavasz Grillterasz Nyit\u00e1s: 2026 tavasz Feketeszak\u00e1ll \u00c9lm\u00e9nypark el\u00e9rhet\u0151s\u00e9gei: C\u00edm: 4450 Tiszal\u00f6k, Hrsz: 0537\/127&nbsp; Facebook oldalunk: facebook.com\/feketeszakallkalandpark Telefon:&nbsp;Szezonban: +36-70\/679-3490Szezonon k\u00edv\u00fcl:&nbsp;+36-70\/679-3491 E-mail:&nbsp;&nbsp;&nbsp;info@feketeszakallkalandpark.hu Strand \u00e9s \u00e9telb\u00e1r \u00fczemeltet\u0151je: Centrum Tender Kft.4450 Tiszal\u00f6k, Kossuth &hellip; Continue reading &quot;Kapcsolat&quot;\" \/>\n<meta property=\"og:url\" content=\"https:\/\/www.feketeszakallkalandpark.hu\/en\/kapcsolat\/\" \/>\n<meta property=\"og:site_name\" content=\"Feketeszak\u00e1ll \u00c9lm\u00e9nypark\" \/>\n<meta property=\"article:modified_time\" content=\"2026-03-28T16:50:45+00:00\" \/>\n<meta name=\"twitter:card\" content=\"summary_large_image\" \/>\n<meta name=\"twitter:label1\" content=\"Estimated reading time\" \/>\n\t<meta name=\"twitter:data1\" content=\"3 minutes\" \/>\n<script type=\"application\/ld+json\" class=\"yoast-schema-graph\">{\"@context\":\"https:\\\/\\\/schema.org\",\"@graph\":[{\"@type\":\"WebPage\",\"@id\":\"https:\\\/\\\/www.feketeszakallkalandpark.hu\\\/kapcsolat\\\/\",\"url\":\"https:\\\/\\\/www.feketeszakallkalandpark.hu\\\/kapcsolat\\\/\",\"name\":\"Kapcsolat - Feketeszak\u00e1ll \u00c9lm\u00e9nypark\",\"isPartOf\":{\"@id\":\"https:\\\/\\\/www.feketeszakallkalandpark.hu\\\/#website\"},\"datePublished\":\"2020-03-09T14:01:42+00:00\",\"dateModified\":\"2026-03-28T16:50:45+00:00\",\"breadcrumb\":{\"@id\":\"https:\\\/\\\/www.feketeszakallkalandpark.hu\\\/kapcsolat\\\/#breadcrumb\"},\"inLanguage\":\"en-GB\",\"potentialAction\":[{\"@type\":\"ReadAction\",\"target\":[\"https:\\\/\\\/www.feketeszakallkalandpark.hu\\\/kapcsolat\\\/\"]}]},{\"@type\":\"BreadcrumbList\",\"@id\":\"https:\\\/\\\/www.feketeszakallkalandpark.hu\\\/kapcsolat\\\/#breadcrumb\",\"itemListElement\":[{\"@type\":\"ListItem\",\"position\":1,\"name\":\"Home\",\"item\":\"https:\\\/\\\/www.feketeszakallkalandpark.hu\\\/\"},{\"@type\":\"ListItem\",\"position\":2,\"name\":\"Kapcsolat\"}]},{\"@type\":\"WebSite\",\"@id\":\"https:\\\/\\\/www.feketeszakallkalandpark.hu\\\/#website\",\"url\":\"https:\\\/\\\/www.feketeszakallkalandpark.hu\\\/\",\"name\":\"Feketeszak\u00e1ll \u00c9lm\u00e9nypark\",\"description\":\"\u00c9lm\u00e9nypark \u00e9s Strand Tiszal\u00f6k\",\"potentialAction\":[{\"@type\":\"SearchAction\",\"target\":{\"@type\":\"EntryPoint\",\"urlTemplate\":\"https:\\\/\\\/www.feketeszakallkalandpark.hu\\\/?s={search_term_string}\"},\"query-input\":{\"@type\":\"PropertyValueSpecification\",\"valueRequired\":true,\"valueName\":\"search_term_string\"}}],\"inLanguage\":\"en-GB\"}]}<\/script>\n<!-- \/ Yoast SEO Premium plugin. -->","yoast_head_json":{"title":"Kapcsolat - Feketeszak\u00e1ll \u00c9lm\u00e9nypark","robots":{"index":"index","follow":"follow","max-snippet":"max-snippet:-1","max-image-preview":"max-image-preview:large","max-video-preview":"max-video-preview:-1"},"canonical":"https:\/\/www.feketeszakallkalandpark.hu\/en\/kapcsolat\/","og_locale":"en_GB","og_type":"article","og_title":"Kapcsolat","og_description":"Nyitva tart\u00e1s Strand Nyit\u00e1s: 2026 tavasz Extr\u00e9m sz\u00e1razf\u00f6ldi akad\u00e1lyp\u00e1lya Nyit\u00e1s: 2026 tavasz V\u00edzi \u00e9lm\u00e9nypark Nyit\u00e1s: 2026 tavasz TAT Bistro &amp; Wine Bar Kib\u00e9relhet\u0151 \u00c9telb\u00e1r Nyit\u00e1s: 2026 tavasz Grillterasz Nyit\u00e1s: 2026 tavasz Feketeszak\u00e1ll \u00c9lm\u00e9nypark el\u00e9rhet\u0151s\u00e9gei: C\u00edm: 4450 Tiszal\u00f6k, Hrsz: 0537\/127&nbsp; Facebook oldalunk: facebook.com\/feketeszakallkalandpark Telefon:&nbsp;Szezonban: +36-70\/679-3490Szezonon k\u00edv\u00fcl:&nbsp;+36-70\/679-3491 E-mail:&nbsp;&nbsp;&nbsp;info@feketeszakallkalandpark.hu Strand \u00e9s \u00e9telb\u00e1r \u00fczemeltet\u0151je: Centrum Tender Kft.4450 Tiszal\u00f6k, Kossuth &hellip; Continue reading \"Kapcsolat\"","og_url":"https:\/\/www.feketeszakallkalandpark.hu\/en\/kapcsolat\/","og_site_name":"Feketeszak\u00e1ll \u00c9lm\u00e9nypark","article_modified_time":"2026-03-28T16:50:45+00:00","twitter_card":"summary_large_image","twitter_misc":{"Estimated reading time":"3 minutes"},"schema":{"@context":"https:\/\/schema.org","@graph":[{"@type":"WebPage","@id":"https:\/\/www.feketeszakallkalandpark.hu\/kapcsolat\/","url":"https:\/\/www.feketeszakallkalandpark.hu\/kapcsolat\/","name":"Kapcsolat - Feketeszak\u00e1ll \u00c9lm\u00e9nypark","isPartOf":{"@id":"https:\/\/www.feketeszakallkalandpark.hu\/#website"},"datePublished":"2020-03-09T14:01:42+00:00","dateModified":"2026-03-28T16:50:45+00:00","breadcrumb":{"@id":"https:\/\/www.feketeszakallkalandpark.hu\/kapcsolat\/#breadcrumb"},"inLanguage":"en-GB","potentialAction":[{"@type":"ReadAction","target":["https:\/\/www.feketeszakallkalandpark.hu\/kapcsolat\/"]}]},{"@type":"BreadcrumbList","@id":"https:\/\/www.feketeszakallkalandpark.hu\/kapcsolat\/#breadcrumb","itemListElement":[{"@type":"ListItem","position":1,"name":"Home","item":"https:\/\/www.feketeszakallkalandpark.hu\/"},{"@type":"ListItem","position":2,"name":"Kapcsolat"}]},{"@type":"WebSite","@id":"https:\/\/www.feketeszakallkalandpark.hu\/#website","url":"https:\/\/www.feketeszakallkalandpark.hu\/","name":"Feketeszak\u00e1ll \u00c9lm\u00e9nypark","description":"\u00c9lm\u00e9nypark \u00e9s Strand Tiszal\u00f6k","potentialAction":[{"@type":"SearchAction","target":{"@type":"EntryPoint","urlTemplate":"https:\/\/www.feketeszakallkalandpark.hu\/?s={search_term_string}"},"query-input":{"@type":"PropertyValueSpecification","valueRequired":true,"valueName":"search_term_string"}}],"inLanguage":"en-GB"}]}},"_links":{"self":[{"href":"https:\/\/www.feketeszakallkalandpark.hu\/en\/wp-json\/wp\/v2\/pages\/4501","targetHints":{"allow":["GET"]}}],"collection":[{"href":"https:\/\/www.feketeszakallkalandpark.hu\/en\/wp-json\/wp\/v2\/pages"}],"about":[{"href":"https:\/\/www.feketeszakallkalandpark.hu\/en\/wp-json\/wp\/v2\/types\/page"}],"author":[{"embeddable":true,"href":"https:\/\/www.feketeszakallkalandpark.hu\/en\/wp-json\/wp\/v2\/users\/4"}],"replies":[{"embeddable":true,"href":"https:\/\/www.feketeszakallkalandpark.hu\/en\/wp-json\/wp\/v2\/comments?post=4501"}],"version-history":[{"count":59,"href":"https:\/\/www.feketeszakallkalandpark.hu\/en\/wp-json\/wp\/v2\/pages\/4501\/revisions"}],"predecessor-version":[{"id":5286,"href":"https:\/\/www.feketeszakallkalandpark.hu\/en\/wp-json\/wp\/v2\/pages\/4501\/revisions\/5286"}],"wp:attachment":[{"href":"https:\/\/www.feketeszakallkalandpark.hu\/en\/wp-json\/wp\/v2\/media?parent=4501"}],"curies":[{"name":"wp","href":"https:\/\/api.w.org\/{rel}","templated":true}]}}