{"id":4504,"date":"2020-03-09T14:01:43","date_gmt":"2020-03-09T14:01:43","guid":{"rendered":"http:\/\/www.feketeszakallkalandpark.hu\/rendezvenyek\/"},"modified":"2021-05-13T19:01:57","modified_gmt":"2021-05-13T19:01:57","slug":"rendezvenyek","status":"publish","type":"page","link":"https:\/\/www.feketeszakallkalandpark.hu\/en\/rendezvenyek\/","title":{"rendered":"Events"},"content":{"rendered":"<div class=\"\" style=\"\" >\n    \n    <section class=\"u-clearfix u-palette-3-base u-section-2\" id=\"carousel_9d00\">\n      <div class=\"u-clearfix u-sheet u-sheet-1\"><\/div>\n    <\/section>\n    <section class=\"u-clearfix u-custom-color-1 u-section-3\" id=\"carousel_7c27\">\n      <div class=\"u-clearfix u-sheet u-valign-middle-sm u-valign-middle-xs u-sheet-1\">\n        <p class=\"u-text u-text-1\">Class trip, Teambuilding<\/p>\n        <p class=\"u-align-justify u-text u-text-2\">Going on a class trip or an unforgettable team-building activity with friends, but no idea? Join us and it's guaranteed to be the best experience of the summer! The Blackbeard Experience Park and Beach is the perfect choice if you want a memorable class trip or team building activity! We can offer you a program suitable for your age group, even for several days, with accommodation and meals. Our professional team will make sure that your class trip is truly unforgettable with exciting team-building activities! <br>\n        <\/p>\n      <\/div>\n    <\/section>\n    <section class=\"u-carousel u-slide u-block-92e7-1\" id=\"carousel_fc98\" data-interval=\"5000\" data-u-ride=\"carousel\">\n      <ol class=\"u-absolute-hcenter u-carousel-indicators u-block-92e7-2\">\n        <li data-u-target=\"#carousel_fc98\" class=\"u-grey-30\" data-u-slide-to=\"0\"><\/li>\n        <li data-u-target=\"#carousel_fc98\" class=\"u-grey-30\" data-u-slide-to=\"1\"><\/li>\n        <li data-u-target=\"#carousel_fc98\" class=\"u-grey-30\" data-u-slide-to=\"2\"><\/li>\n        <li data-u-target=\"#carousel_fc98\" class=\"u-grey-30\" data-u-slide-to=\"3\"><\/li>\n        <li data-u-target=\"#carousel_fc98\" class=\"u-grey-30\" data-u-slide-to=\"4\"><\/li>\n        <li data-u-target=\"#carousel_fc98\" class=\"u-grey-30\" data-u-slide-to=\"5\"><\/li>\n        <li data-u-target=\"#carousel_fc98\" class=\"u-grey-30\" data-u-slide-to=\"6\"><\/li>\n        <li data-u-target=\"#carousel_fc98\" class=\"u-grey-30\" data-u-slide-to=\"7\"><\/li>\n        <li data-u-target=\"#carousel_fc98\" class=\"u-grey-30\" data-u-slide-to=\"8\"><\/li>\n        <li data-u-target=\"#carousel_fc98\" class=\"u-grey-30\" data-u-slide-to=\"9\"><\/li>\n      <\/ol>\n      <div class=\"u-carousel-inner\" role=\"listbox\">\n        <div class=\"u-align-left u-carousel-item u-clearfix u-active u-section-4-1\" src=\"\">\n          <div class=\"u-clearfix u-sheet u-sheet-1\">\n            <img decoding=\"async\" class=\"u-expand-resize u-image u-image-1\" src=\"https:\/\/www.feketeszakallkalandpark.hu\/wp-content\/uploads\/2021\/05\/1.oldal_-scaled.jpg\" data-image-width=\"1835\" data-image-height=\"2560\">\n          <\/div>\n        <\/div>\n        <div class=\"u-align-left u-carousel-item u-clearfix u-section-4-2\" src=\"\">\n          <div class=\"u-clearfix u-sheet u-sheet-1\">\n            <img decoding=\"async\" class=\"u-expand-resize u-image u-image-1\" src=\"https:\/\/www.feketeszakallkalandpark.hu\/wp-content\/uploads\/2021\/05\/2.oldal_-scaled.jpg\">\n          <\/div>\n        <\/div>\n        <div class=\"u-align-left u-carousel-item u-clearfix u-section-4-3\" src=\"\">\n          <div class=\"u-clearfix u-sheet u-sheet-1\">\n            <img decoding=\"async\" class=\"u-expand-resize u-image u-image-1\" src=\"https:\/\/www.feketeszakallkalandpark.hu\/wp-content\/uploads\/2021\/05\/3.oldal_-scaled.jpg\">\n          <\/div>\n        <\/div>\n        <div class=\"u-align-left u-carousel-item u-clearfix u-section-4-4\" src=\"\">\n          <div class=\"u-clearfix u-sheet u-sheet-1\">\n            <img decoding=\"async\" class=\"u-expand-resize u-image u-image-1\" src=\"https:\/\/www.feketeszakallkalandpark.hu\/wp-content\/uploads\/2021\/05\/4.oldal_-scaled.jpg\">\n          <\/div>\n        <\/div>\n        <div class=\"u-align-left u-carousel-item u-clearfix u-section-4-5\" src=\"\">\n          <div class=\"u-clearfix u-sheet u-sheet-1\">\n            <img decoding=\"async\" class=\"u-expand-resize u-image u-image-1\" src=\"https:\/\/www.feketeszakallkalandpark.hu\/wp-content\/uploads\/2021\/05\/5.oldal_-scaled.jpg\">\n          <\/div>\n        <\/div>\n        <div class=\"u-align-left u-carousel-item u-clearfix u-section-4-6\" src=\"\">\n          <div class=\"u-clearfix u-sheet u-sheet-1\">\n            <img decoding=\"async\" class=\"u-expand-resize u-image u-image-1\" src=\"https:\/\/www.feketeszakallkalandpark.hu\/wp-content\/uploads\/2021\/05\/6.oldal_-scaled.jpg\">\n          <\/div>\n        <\/div>\n        <div class=\"u-align-left u-carousel-item u-clearfix u-section-4-7\" src=\"\">\n          <div class=\"u-clearfix u-sheet u-sheet-1\">\n            <img decoding=\"async\" class=\"u-expand-resize u-image u-image-1\" src=\"https:\/\/www.feketeszakallkalandpark.hu\/wp-content\/uploads\/2021\/05\/7.oldal_-scaled.jpg\">\n          <\/div>\n        <\/div>\n        <div class=\"u-align-left u-carousel-item u-clearfix u-section-4-8\" src=\"\">\n          <div class=\"u-clearfix u-sheet u-sheet-1\">\n            <img decoding=\"async\" class=\"u-expand-resize u-image u-image-1\" src=\"https:\/\/www.feketeszakallkalandpark.hu\/wp-content\/uploads\/2021\/05\/8.oldal_-scaled.jpg\">\n          <\/div>\n        <\/div>\n        <div class=\"u-align-left u-carousel-item u-clearfix u-section-4-9\" src=\"\">\n          <div class=\"u-clearfix u-sheet u-sheet-1\">\n            <img decoding=\"async\" class=\"u-expand-resize u-image u-image-1\" src=\"https:\/\/www.feketeszakallkalandpark.hu\/wp-content\/uploads\/2021\/05\/9.odlal_-scaled.jpg\">\n          <\/div>\n        <\/div>\n        <div class=\"u-align-left u-carousel-item u-clearfix u-section-4-10\" src=\"\">\n          <div class=\"u-clearfix u-sheet u-sheet-1\">\n            <img decoding=\"async\" class=\"u-expand-resize u-image u-image-default u-image-1\" src=\"https:\/\/www.feketeszakallkalandpark.hu\/wp-content\/uploads\/2021\/05\/10.oldal_-scaled.jpg\">\n          <\/div>\n        <\/div>\n      <\/div>\n      <a class=\"u-absolute-vcenter u-carousel-control u-carousel-control-prev u-text-grey-30 u-block-92e7-3\" href=\"#carousel_fc98\" role=\"button\" data-u-slide=\"prev\">\n        <span aria-hidden=\"true\">\n          <svg viewbox=\"0 0 477.175 477.175\"><path d=\"M145.188,238.575l215.5-215.5c5.3-5.3,5.3-13.8,0-19.1s-13.8-5.3-19.1,0l-225.1,225.1c-5.3,5.3-5.3,13.8,0,19.1l225.1,225                    c2.6,2.6,6.1,4,9.5,4s6.9-1.3,9.5-4c5.3-5.3,5.3-13.8,0-19.1L145.188,238.575z\"><\/path><\/svg>\n        <\/span>\n        <span class=\"sr-only\">Previous<\/span>\n      <\/a>\n      <a class=\"u-absolute-vcenter u-carousel-control u-carousel-control-next u-text-grey-30 u-block-92e7-4\" href=\"#carousel_fc98\" role=\"button\" data-u-slide=\"next\">\n        <span aria-hidden=\"true\">\n          <svg viewbox=\"0 0 477.175 477.175\"><path d=\"M360.731,229.075l-225.1-225.1c-5.3-5.3-13.8-5.3-19.1,0s-5.3,13.8,0,19.1l215.5,215.5l-215.5,215.5                    c-5.3,5.3-5.3,13.8,0,19.1c2.6,2.6,6.1,4,9.5,4c3.4,0,6.9-1.3,9.5-4l225.1-225.1C365.931,242.875,365.931,234.275,360.731,229.075z\"><\/path><\/svg>\n        <\/span>\n        <span class=\"sr-only\">Next<\/span>\n      <\/a>\n    <\/section>\n    <section class=\"u-clearfix u-palette-3-base u-section-5\" id=\"sec-d746\">\n      <div class=\"u-clearfix u-sheet u-sheet-1\"><\/div>\n    <\/section>\n    <section class=\"u-clearfix u-custom-color-1 u-section-6\" id=\"sec-f117\">\n      <div class=\"u-clearfix u-sheet u-sheet-1\">\n        <p class=\"u-text u-text-1\">Weddings - Get ready for the adventure of a lifetime with us!<\/p>\n        <p class=\"u-align-justify u-text u-text-2\">Looking for the ideal wedding venue with everything in one place? Do you love nature, birdsong, forests and water? Want a really special wedding ceremony either on the water's edge or on board a pirate ship?\nDo you want something that will make your big day a truly treasured memory? Then you've found the perfect venue, welcome to Blackbeard Experience Park!&nbsp; <br>\n        <\/p>\n        <p class=\"u-align-justify u-text u-text-3\">We have everything you need for a special wedding. We take care of all the organisation and management of your big day:<\/p>\n        <ul class=\"u-text u-text-4\">\n          <li>From engagement photography to maternity photography<\/li>\n          <li>From romantic wedding photography to extreme adventure photography (Trash the dress)<\/li>\n          <li>From the ceremony to the wedding<\/li>\n          <li>From hospitality to a crumb party<\/li>\n          <li>From record clowns to live music, even with an artist premier or exclusive star guests<\/li>\n        <\/ul>\n        <p class=\"u-align-justify u-text u-text-5\">In a picturesque setting on the banks of the Holt - Tisza, in the soft embrace of nature, with birdsong and a fairytale atmosphere, we await lovers who wish to get married.&nbsp; <br>\n        <\/p>\n        <p class=\"u-align-justify u-text u-text-6\">We have a 350 square metre, well-equipped and fully equipped event tent and the associated service units, as well as a modern kitchen at our guests' disposal.&nbsp; <br>\n        <\/p>\n        <p class=\"u-text u-text-7\">Contact us for a personalised offer:&nbsp; <br>e-mail:&nbsp;&nbsp; <a href=\"mailto:info@feketeszakallkalandpark.hu\" rel=\"noreferrer\">info@feketeszakallkalandpark.hu<\/a>\n          <br>tel.: +36706701019 \n        <\/p>\n      <\/div>\n    <\/section>\n    <section class=\"u-clearfix u-palette-3-base u-section-7\" id=\"carousel_3273\">\n      <div class=\"u-clearfix u-sheet u-sheet-1\"><\/div>\n    <\/section>\n    <section class=\"u-carousel u-slide u-block-dee0-1\" id=\"carousel_474d\" data-interval=\"5000\" data-u-ride=\"carousel\">\n      <ol class=\"u-absolute-hcenter u-carousel-indicators u-block-dee0-2\">\n        <li data-u-target=\"#carousel_474d\" class=\"u-grey-90\" data-u-slide-to=\"0\"><\/li>\n        <li data-u-target=\"#carousel_474d\" class=\"u-grey-90\" data-u-slide-to=\"1\"><\/li>\n        <li data-u-target=\"#carousel_474d\" class=\"u-grey-90\" data-u-slide-to=\"2\"><\/li>\n        <li data-u-target=\"#carousel_474d\" class=\"u-grey-90\" data-u-slide-to=\"3\"><\/li>\n        <li data-u-target=\"#carousel_474d\" class=\"u-grey-90\" data-u-slide-to=\"4\"><\/li>\n        <li data-u-target=\"#carousel_474d\" class=\"u-grey-90\" data-u-slide-to=\"5\"><\/li>\n        <li data-u-target=\"#carousel_474d\" class=\"u-grey-90\" data-u-slide-to=\"6\"><\/li>\n        <li data-u-target=\"#carousel_474d\" class=\"u-grey-90\" data-u-slide-to=\"7\"><\/li>\n      <\/ol>\n      <div class=\"u-carousel-inner\" role=\"listbox\">\n        <div class=\"u-align-center u-carousel-item u-clearfix u-image u-active u-section-8-1\" src=\"\">\n          <div class=\"u-clearfix u-sheet u-sheet-1\"><\/div>\n        <\/div>\n        <div class=\"u-align-center u-carousel-item u-clearfix u-image u-section-8-2\" src=\"\">\n          <div class=\"u-clearfix u-sheet u-sheet-1\"><\/div>\n        <\/div>\n        <div class=\"u-align-center u-carousel-item u-clearfix u-image u-section-8-3\" src=\"\">\n          <div class=\"u-clearfix u-sheet u-sheet-1\"><\/div>\n        <\/div>\n        <div class=\"u-align-center u-carousel-item u-clearfix u-image u-section-8-4\" src=\"\">\n          <div class=\"u-clearfix u-sheet u-sheet-1\"><\/div>\n        <\/div>\n        <div class=\"u-align-center u-carousel-item u-clearfix u-image u-section-8-5\" src=\"\">\n          <div class=\"u-clearfix u-sheet u-sheet-1\"><\/div>\n        <\/div>\n        <div class=\"u-align-center u-carousel-item u-clearfix u-image u-section-8-6\" src=\"\">\n          <div class=\"u-clearfix u-sheet u-sheet-1\"><\/div>\n        <\/div>\n        <div class=\"u-align-center u-carousel-item u-clearfix u-image u-section-8-7\" src=\"\">\n          <div class=\"u-clearfix u-sheet u-sheet-1\"><\/div>\n        <\/div>\n        <div class=\"u-align-center u-carousel-item u-clearfix u-image u-section-8-8\" src=\"\">\n          <div class=\"u-clearfix u-sheet u-sheet-1\"><\/div>\n        <\/div>\n      <\/div>\n      <a class=\"u-absolute-vcenter u-carousel-control u-carousel-control-prev u-text-body-alt-color u-block-dee0-3\" href=\"#carousel_474d\" role=\"button\" data-u-slide=\"prev\">\n        <span aria-hidden=\"true\">\n          <svg viewbox=\"0 0 256 256\"><g><polygon points=\"207.093,30.187 176.907,0 48.907,128 176.907,256 207.093,225.813 109.28,128\"><\/polygon>\n<\/g><\/svg>\n        <\/span>\n        <span class=\"sr-only\">\n          <svg viewbox=\"0 0 256 256\"><g><polygon points=\"207.093,30.187 176.907,0 48.907,128 176.907,256 207.093,225.813 109.28,128\"><\/polygon>\n<\/g><\/svg>\n        <\/span>\n      <\/a>\n      <a class=\"u-absolute-vcenter u-carousel-control u-carousel-control-next u-text-body-alt-color u-block-dee0-4\" href=\"#carousel_474d\" role=\"button\" data-u-slide=\"next\">\n        <span aria-hidden=\"true\">\n          <svg viewbox=\"0 0 306 306\"><g id=\"chevron-right\"><polygon points=\"94.35,0 58.65,35.7 175.95,153 58.65,270.3 94.35,306 247.35,153\"><\/polygon>\n<\/g><\/svg>\n        <\/span>\n        <span class=\"sr-only\">\n          <svg viewbox=\"0 0 306 306\"><g id=\"chevron-right\"><polygon points=\"94.35,0 58.65,35.7 175.95,153 58.65,270.3 94.35,306 247.35,153\"><\/polygon>\n<\/g><\/svg>\n        <\/span>\n      <\/a>\n    <\/section>\n    <section class=\"u-clearfix u-palette-3-base u-section-9\" id=\"carousel_0896\">\n      <div class=\"u-clearfix u-sheet u-sheet-1\"><\/div>\n    <\/section>\n    \n    \n    <span style=\"height: 64px; width: 64px; margin-left: 0; margin-right: auto; margin-top: 0; background-image: none; right: 20px; bottom: 20px;\" class=\"u-back-to-top u-icon u-icon-circle u-opacity u-opacity-85 u-palette-1-base u-spacing-10\" data-href=\"#\">\n      <svg class=\"u-svg-link\" preserveaspectratio=\"xMidYMin slice\" viewbox=\"0 0 551.13 551.13\"><use xmlns:xlink=\"http:\/\/www.w3.org\/1999\/xlink\" xlink:href=\"#svg-1d98\"><\/use><\/svg>\n      <svg class=\"u-svg-content\" enable-background=\"new 0 0 551.13 551.13\" viewbox=\"0 0 551.13 551.13\" xmlns=\"http:\/\/www.w3.org\/2000\/svg\" id=\"svg-1d98\"><path d=\"m275.565 189.451 223.897 223.897h51.668l-275.565-275.565-275.565 275.565h51.668z\"><\/path><\/svg>\n    <\/span>\n  \n<\/div>","protected":false},"excerpt":{"rendered":"<p>Oszt\u00e1lykir\u00e1ndul\u00e1s, Csapat\u00e9p\u00edt\u00e9s Oszt\u00e1lykir\u00e1ndul\u00e1sra menn\u00e9tek, vagy a bar\u00e1tokkal egy felejthetetlen csapat\u00e9p\u00edt\u00e9sre, de nincs \u00f6tletetek? Gyertek el hozz\u00e1nk \u00e9s garant\u00e1ltan ez lesz a ny\u00e1r legjobb \u00e9lm\u00e9nye! A Feketeszak\u00e1ll \u00c9lm\u00e9nypark \u00e9s Strand a legmegfelel\u0151bb v\u00e1laszt\u00e1s, ha eml\u00e9kezetes oszt\u00e1lykir\u00e1ndul\u00e1sra vagy csapat\u00e9p\u00edt\u00e9sre v\u00e1gytok! Koroszt\u00e1lyotoknak megfelel\u0151 programot k\u00edn\u00e1lunk sz\u00e1motokra, ak\u00e1r t\u00f6bb napra is, sz\u00e1ll\u00e1ssal, \u00e9tkez\u00e9ssel. Profi csapatunk gondoskodik, izgalmas csapat\u00e9p\u00edt\u0151 feladatokkal &hellip; <a href=\"https:\/\/www.feketeszakallkalandpark.hu\/en\/rendezvenyek\/\" class=\"more-link\">Continue reading<span class=\"screen-reader-text\"> &#8222;Rendezv\u00e9nyek&#8221;<\/span><\/a><\/p>","protected":false},"author":4,"featured_media":0,"parent":0,"menu_order":6,"comment_status":"closed","ping_status":"closed","template":"","meta":{"footnotes":""},"class_list":["post-4504","page","type-page","status-publish","hentry"],"yoast_head":"<!-- This site is optimized with the Yoast SEO Premium plugin v27.3 (Yoast SEO v27.3) - https:\/\/yoast.com\/product\/yoast-seo-premium-wordpress\/ -->\n<title>Rendezv\u00e9nyek - Feketeszak\u00e1ll \u00c9lm\u00e9nypark<\/title>\n<meta name=\"robots\" content=\"index, follow, max-snippet:-1, max-image-preview:large, max-video-preview:-1\" \/>\n<link rel=\"canonical\" href=\"https:\/\/www.feketeszakallkalandpark.hu\/en\/rendezvenyek\/\" \/>\n<meta property=\"og:locale\" content=\"en_GB\" \/>\n<meta property=\"og:type\" content=\"article\" \/>\n<meta property=\"og:title\" content=\"Rendezv\u00e9nyek\" \/>\n<meta property=\"og:description\" content=\"Oszt\u00e1lykir\u00e1ndul\u00e1s, Csapat\u00e9p\u00edt\u00e9s Oszt\u00e1lykir\u00e1ndul\u00e1sra menn\u00e9tek, vagy a bar\u00e1tokkal egy felejthetetlen csapat\u00e9p\u00edt\u00e9sre, de nincs \u00f6tletetek? Gyertek el hozz\u00e1nk \u00e9s garant\u00e1ltan ez lesz a ny\u00e1r legjobb \u00e9lm\u00e9nye! A Feketeszak\u00e1ll \u00c9lm\u00e9nypark \u00e9s Strand a legmegfelel\u0151bb v\u00e1laszt\u00e1s, ha eml\u00e9kezetes oszt\u00e1lykir\u00e1ndul\u00e1sra vagy csapat\u00e9p\u00edt\u00e9sre v\u00e1gytok! Koroszt\u00e1lyotoknak megfelel\u0151 programot k\u00edn\u00e1lunk sz\u00e1motokra, ak\u00e1r t\u00f6bb napra is, sz\u00e1ll\u00e1ssal, \u00e9tkez\u00e9ssel. Profi csapatunk gondoskodik, izgalmas csapat\u00e9p\u00edt\u0151 feladatokkal &hellip; Continue reading &quot;Rendezv\u00e9nyek&quot;\" \/>\n<meta property=\"og:url\" content=\"https:\/\/www.feketeszakallkalandpark.hu\/en\/rendezvenyek\/\" \/>\n<meta property=\"og:site_name\" content=\"Feketeszak\u00e1ll \u00c9lm\u00e9nypark\" \/>\n<meta property=\"article:modified_time\" content=\"2021-05-13T19:01:57+00:00\" \/>\n<meta name=\"twitter:card\" content=\"summary_large_image\" \/>\n<meta name=\"twitter:label1\" content=\"Estimated reading time\" \/>\n\t<meta name=\"twitter:data1\" content=\"2 minutes\" \/>\n<script type=\"application\/ld+json\" class=\"yoast-schema-graph\">{\"@context\":\"https:\\\/\\\/schema.org\",\"@graph\":[{\"@type\":\"WebPage\",\"@id\":\"https:\\\/\\\/www.feketeszakallkalandpark.hu\\\/rendezvenyek\\\/\",\"url\":\"https:\\\/\\\/www.feketeszakallkalandpark.hu\\\/rendezvenyek\\\/\",\"name\":\"Rendezv\u00e9nyek - Feketeszak\u00e1ll \u00c9lm\u00e9nypark\",\"isPartOf\":{\"@id\":\"https:\\\/\\\/www.feketeszakallkalandpark.hu\\\/#website\"},\"datePublished\":\"2020-03-09T14:01:43+00:00\",\"dateModified\":\"2021-05-13T19:01:57+00:00\",\"breadcrumb\":{\"@id\":\"https:\\\/\\\/www.feketeszakallkalandpark.hu\\\/rendezvenyek\\\/#breadcrumb\"},\"inLanguage\":\"en-GB\",\"potentialAction\":[{\"@type\":\"ReadAction\",\"target\":[\"https:\\\/\\\/www.feketeszakallkalandpark.hu\\\/rendezvenyek\\\/\"]}]},{\"@type\":\"BreadcrumbList\",\"@id\":\"https:\\\/\\\/www.feketeszakallkalandpark.hu\\\/rendezvenyek\\\/#breadcrumb\",\"itemListElement\":[{\"@type\":\"ListItem\",\"position\":1,\"name\":\"Home\",\"item\":\"https:\\\/\\\/www.feketeszakallkalandpark.hu\\\/\"},{\"@type\":\"ListItem\",\"position\":2,\"name\":\"Rendezv\u00e9nyek\"}]},{\"@type\":\"WebSite\",\"@id\":\"https:\\\/\\\/www.feketeszakallkalandpark.hu\\\/#website\",\"url\":\"https:\\\/\\\/www.feketeszakallkalandpark.hu\\\/\",\"name\":\"Feketeszak\u00e1ll \u00c9lm\u00e9nypark\",\"description\":\"\u00c9lm\u00e9nypark \u00e9s Strand Tiszal\u00f6k\",\"potentialAction\":[{\"@type\":\"SearchAction\",\"target\":{\"@type\":\"EntryPoint\",\"urlTemplate\":\"https:\\\/\\\/www.feketeszakallkalandpark.hu\\\/?s={search_term_string}\"},\"query-input\":{\"@type\":\"PropertyValueSpecification\",\"valueRequired\":true,\"valueName\":\"search_term_string\"}}],\"inLanguage\":\"en-GB\"}]}<\/script>\n<!-- \/ Yoast SEO Premium plugin. -->","yoast_head_json":{"title":"Rendezv\u00e9nyek - Feketeszak\u00e1ll \u00c9lm\u00e9nypark","robots":{"index":"index","follow":"follow","max-snippet":"max-snippet:-1","max-image-preview":"max-image-preview:large","max-video-preview":"max-video-preview:-1"},"canonical":"https:\/\/www.feketeszakallkalandpark.hu\/en\/rendezvenyek\/","og_locale":"en_GB","og_type":"article","og_title":"Rendezv\u00e9nyek","og_description":"Oszt\u00e1lykir\u00e1ndul\u00e1s, Csapat\u00e9p\u00edt\u00e9s Oszt\u00e1lykir\u00e1ndul\u00e1sra menn\u00e9tek, vagy a bar\u00e1tokkal egy felejthetetlen csapat\u00e9p\u00edt\u00e9sre, de nincs \u00f6tletetek? Gyertek el hozz\u00e1nk \u00e9s garant\u00e1ltan ez lesz a ny\u00e1r legjobb \u00e9lm\u00e9nye! A Feketeszak\u00e1ll \u00c9lm\u00e9nypark \u00e9s Strand a legmegfelel\u0151bb v\u00e1laszt\u00e1s, ha eml\u00e9kezetes oszt\u00e1lykir\u00e1ndul\u00e1sra vagy csapat\u00e9p\u00edt\u00e9sre v\u00e1gytok! Koroszt\u00e1lyotoknak megfelel\u0151 programot k\u00edn\u00e1lunk sz\u00e1motokra, ak\u00e1r t\u00f6bb napra is, sz\u00e1ll\u00e1ssal, \u00e9tkez\u00e9ssel. Profi csapatunk gondoskodik, izgalmas csapat\u00e9p\u00edt\u0151 feladatokkal &hellip; Continue reading \"Rendezv\u00e9nyek\"","og_url":"https:\/\/www.feketeszakallkalandpark.hu\/en\/rendezvenyek\/","og_site_name":"Feketeszak\u00e1ll \u00c9lm\u00e9nypark","article_modified_time":"2021-05-13T19:01:57+00:00","twitter_card":"summary_large_image","twitter_misc":{"Estimated reading time":"2 minutes"},"schema":{"@context":"https:\/\/schema.org","@graph":[{"@type":"WebPage","@id":"https:\/\/www.feketeszakallkalandpark.hu\/rendezvenyek\/","url":"https:\/\/www.feketeszakallkalandpark.hu\/rendezvenyek\/","name":"Rendezv\u00e9nyek - Feketeszak\u00e1ll \u00c9lm\u00e9nypark","isPartOf":{"@id":"https:\/\/www.feketeszakallkalandpark.hu\/#website"},"datePublished":"2020-03-09T14:01:43+00:00","dateModified":"2021-05-13T19:01:57+00:00","breadcrumb":{"@id":"https:\/\/www.feketeszakallkalandpark.hu\/rendezvenyek\/#breadcrumb"},"inLanguage":"en-GB","potentialAction":[{"@type":"ReadAction","target":["https:\/\/www.feketeszakallkalandpark.hu\/rendezvenyek\/"]}]},{"@type":"BreadcrumbList","@id":"https:\/\/www.feketeszakallkalandpark.hu\/rendezvenyek\/#breadcrumb","itemListElement":[{"@type":"ListItem","position":1,"name":"Home","item":"https:\/\/www.feketeszakallkalandpark.hu\/"},{"@type":"ListItem","position":2,"name":"Rendezv\u00e9nyek"}]},{"@type":"WebSite","@id":"https:\/\/www.feketeszakallkalandpark.hu\/#website","url":"https:\/\/www.feketeszakallkalandpark.hu\/","name":"Feketeszak\u00e1ll \u00c9lm\u00e9nypark","description":"\u00c9lm\u00e9nypark \u00e9s Strand Tiszal\u00f6k","potentialAction":[{"@type":"SearchAction","target":{"@type":"EntryPoint","urlTemplate":"https:\/\/www.feketeszakallkalandpark.hu\/?s={search_term_string}"},"query-input":{"@type":"PropertyValueSpecification","valueRequired":true,"valueName":"search_term_string"}}],"inLanguage":"en-GB"}]}},"_links":{"self":[{"href":"https:\/\/www.feketeszakallkalandpark.hu\/en\/wp-json\/wp\/v2\/pages\/4504","targetHints":{"allow":["GET"]}}],"collection":[{"href":"https:\/\/www.feketeszakallkalandpark.hu\/en\/wp-json\/wp\/v2\/pages"}],"about":[{"href":"https:\/\/www.feketeszakallkalandpark.hu\/en\/wp-json\/wp\/v2\/types\/page"}],"author":[{"embeddable":true,"href":"https:\/\/www.feketeszakallkalandpark.hu\/en\/wp-json\/wp\/v2\/users\/4"}],"replies":[{"embeddable":true,"href":"https:\/\/www.feketeszakallkalandpark.hu\/en\/wp-json\/wp\/v2\/comments?post=4504"}],"version-history":[{"count":10,"href":"https:\/\/www.feketeszakallkalandpark.hu\/en\/wp-json\/wp\/v2\/pages\/4504\/revisions"}],"predecessor-version":[{"id":4782,"href":"https:\/\/www.feketeszakallkalandpark.hu\/en\/wp-json\/wp\/v2\/pages\/4504\/revisions\/4782"}],"wp:attachment":[{"href":"https:\/\/www.feketeszakallkalandpark.hu\/en\/wp-json\/wp\/v2\/media?parent=4504"}],"curies":[{"name":"wp","href":"https:\/\/api.w.org\/{rel}","templated":true}]}}