{"id":4845,"date":"2022-04-23T12:03:57","date_gmt":"2022-04-23T12:03:57","guid":{"rendered":"https:\/\/www.feketeszakallkalandpark.hu\/?page_id=4845"},"modified":"2022-06-28T21:48:52","modified_gmt":"2022-06-28T21:48:52","slug":"etelbar","status":"publish","type":"page","link":"https:\/\/www.feketeszakallkalandpark.hu\/en\/etelbar\/","title":{"rendered":"Food Bar"},"content":{"rendered":"<div class=\"\" style=\"\" >\n    \n    <section class=\"u-align-center u-clearfix u-image u-shading u-section-2\" id=\"carousel_e520\" data-image-width=\"1600\" data-image-height=\"1200\" style=\"background-image: linear-gradient(0deg, rgba(0, 0, 0, 0.1), rgba(0, 0, 0, 0.1)), url(&quot;https:\/\/www.feketeszakallkalandpark.hu\/wp-content\/uploads\/2022\/05\/IMG_8229.jpg&quot;);\">\n      <div class=\"u-clearfix u-sheet u-valign-middle u-sheet-1\">\n        <div class=\"u-align-center u-container-style u-group u-shape-rectangle u-group-1\">\n          <div class=\"u-container-layout\">\n            <h6 class=\"u-text u-text-1\">Food Bar<\/h6>\n            <p class=\"u-text u-text-grey-40 u-text-2\">\n              <span class=\"u-text-white\"><\/span><b>\n                <span class=\"u-text-white\">At the Food Bar you can get the unadulterated beach experience. Choose from our freshly tapped\nbeers and quick meals: gyros, scones, fish, freshly baked steaks and more!&nbsp;<br>\n                  <br>Opening hours:&nbsp;<br>Monday-Thursday 8:00-20:00,&nbsp;<br>Friday-Sunday 8:00-23:00\n                <\/span>\n                <span class=\"u-text-white\"><\/span><\/b>\n            <\/p>\n            <div class=\"u-social-icons u-spacing-42 u-social-icons-1\">\n              <a class=\"u-social-url\" target=\"_blank\" href=\"https:\/\/www.facebook.com\/feketeszakallkalandpark\" title=\"\"><span class=\"u-icon u-icon-circle u-social-facebook u-social-icon u-icon-1\"><svg class=\"u-svg-link\" preserveaspectratio=\"xMidYMin slice\" viewbox=\"0 0 112 112\" style=\"\"><use xlink:href=\"#svg-344d\"><\/use><\/svg><svg xmlns=\"http:\/\/www.w3.org\/2000\/svg\" xmlns:xlink=\"http:\/\/www.w3.org\/1999\/xlink\" version=\"1.1\" xml:space=\"preserve\" class=\"u-svg-content\" viewbox=\"0 0 112 112\" x=\"0px\" y=\"0px\" id=\"svg-344d\"><path d=\"M75.5,28.8H65.4c-1.5,0-4,0.9-4,4.3v9.4h13.9l-1.5,15.8H61.4v45.1H42.8V58.3h-8.8V42.4h8.8V32.2 c0-7.4,3.4-18.8,18.8-18.8h13.8v15.4H75.5z\"><\/path><\/svg><\/span>\n              <\/a>\n              <a class=\"u-social-url\" target=\"_blank\" href=\"http:\/\/instagram.com\/feketeszakallelmenypark\" title=\"\"><span class=\"u-icon u-icon-circle u-social-icon u-social-instagram u-icon-2\"><svg class=\"u-svg-link\" preserveaspectratio=\"xMidYMin slice\" viewbox=\"0 0 112 112\" style=\"\"><use xlink:href=\"#svg-a614\"><\/use><\/svg><svg xmlns=\"http:\/\/www.w3.org\/2000\/svg\" xmlns:xlink=\"http:\/\/www.w3.org\/1999\/xlink\" version=\"1.1\" xml:space=\"preserve\" class=\"u-svg-content\" viewbox=\"0 0 112 112\" x=\"0px\" y=\"0px\" id=\"svg-a614\"><path d=\"M55.9,32.9c-12.8,0-23.2,10.4-23.2,23.2s10.4,23.2,23.2,23.2s23.2-10.4,23.2-23.2S68.7,32.9,55.9,32.9z M55.9,69.4c-7.4,0-13.3-6-13.3-13.3c-0.1-7.4,6-13.3,13.3-13.3s13.3,6,13.3,13.3C69.3,63.5,63.3,69.4,55.9,69.4z\"><\/path><path d=\"M79.7,26.8c-3,0-5.4,2.5-5.4,5.4s2.5,5.4,5.4,5.4c3,0,5.4-2.5,5.4-5.4S82.7,26.8,79.7,26.8z\"><\/path><path d=\"M78.2,11H33.5C21,11,10.8,21.3,10.8,33.7v44.7c0,12.6,10.2,22.8,22.7,22.8h44.7c12.6,0,22.7-10.2,22.7-22.7 V33.7C100.8,21.1,90.6,11,78.2,11z M91,78.4c0,7.1-5.8,12.8-12.8,12.8H33.5c-7.1,0-12.8-5.8-12.8-12.8V33.7 c0-7.1,5.8-12.8,12.8-12.8h44.7c7.1,0,12.8,5.8,12.8,12.8V78.4z\"><\/path><\/svg><\/span>\n              <\/a>\n            <\/div>\n          <\/div>\n        <\/div>\n      <\/div>\n    <\/section>\n    \n    \n  \n<\/div>","protected":false},"excerpt":{"rendered":"<p>\u00e9telb\u00e1r Az \u00c9telb\u00e1rban megkaphatod a hamis\u00edtatlan strand \u00e9lm\u00e9nyt. V\u00e1lassz frissen csapolt s\u00f6reink \u00e9s gyors \u00e9teleink k\u00f6z\u00fcl: gyros, l\u00e1ngos, halak, frissens\u00fcltek \u00e9s a t\u00f6bbi!&nbsp; Nyitvatart\u00e1s:&nbsp;H\u00e9tf\u0151-Cs\u00fct\u00f6rt\u00f6k 8:00-20:00,&nbsp;P\u00e9ntek-Vas\u00e1rnap 8:00-23:00<\/p>","protected":false},"author":4,"featured_media":0,"parent":0,"menu_order":0,"comment_status":"closed","ping_status":"closed","template":"","meta":{"footnotes":""},"class_list":["post-4845","page","type-page","status-publish","hentry"],"yoast_head":"<!-- This site is optimized with the Yoast SEO Premium plugin v27.3 (Yoast SEO v27.3) - https:\/\/yoast.com\/product\/yoast-seo-premium-wordpress\/ -->\n<title>\u00c9telb\u00e1r - Feketeszak\u00e1ll \u00c9lm\u00e9nypark<\/title>\n<meta name=\"robots\" content=\"index, follow, max-snippet:-1, max-image-preview:large, max-video-preview:-1\" \/>\n<link rel=\"canonical\" href=\"https:\/\/www.feketeszakallkalandpark.hu\/en\/etelbar\/\" \/>\n<meta property=\"og:locale\" content=\"en_GB\" \/>\n<meta property=\"og:type\" content=\"article\" \/>\n<meta property=\"og:title\" content=\"\u00c9telb\u00e1r\" \/>\n<meta property=\"og:description\" content=\"\u00e9telb\u00e1r Az \u00c9telb\u00e1rban megkaphatod a hamis\u00edtatlan strand \u00e9lm\u00e9nyt. V\u00e1lassz frissen csapolt s\u00f6reink \u00e9s gyors \u00e9teleink k\u00f6z\u00fcl: gyros, l\u00e1ngos, halak, frissens\u00fcltek \u00e9s a t\u00f6bbi!&nbsp; Nyitvatart\u00e1s:&nbsp;H\u00e9tf\u0151-Cs\u00fct\u00f6rt\u00f6k 8:00-20:00,&nbsp;P\u00e9ntek-Vas\u00e1rnap 8:00-23:00\" \/>\n<meta property=\"og:url\" content=\"https:\/\/www.feketeszakallkalandpark.hu\/en\/etelbar\/\" \/>\n<meta property=\"og:site_name\" content=\"Feketeszak\u00e1ll \u00c9lm\u00e9nypark\" \/>\n<meta property=\"article:modified_time\" content=\"2022-06-28T21:48:52+00:00\" \/>\n<meta name=\"twitter:card\" content=\"summary_large_image\" \/>\n<script type=\"application\/ld+json\" class=\"yoast-schema-graph\">{\"@context\":\"https:\\\/\\\/schema.org\",\"@graph\":[{\"@type\":\"WebPage\",\"@id\":\"https:\\\/\\\/www.feketeszakallkalandpark.hu\\\/etelbar\\\/\",\"url\":\"https:\\\/\\\/www.feketeszakallkalandpark.hu\\\/etelbar\\\/\",\"name\":\"\u00c9telb\u00e1r - Feketeszak\u00e1ll \u00c9lm\u00e9nypark\",\"isPartOf\":{\"@id\":\"https:\\\/\\\/www.feketeszakallkalandpark.hu\\\/#website\"},\"datePublished\":\"2022-04-23T12:03:57+00:00\",\"dateModified\":\"2022-06-28T21:48:52+00:00\",\"breadcrumb\":{\"@id\":\"https:\\\/\\\/www.feketeszakallkalandpark.hu\\\/etelbar\\\/#breadcrumb\"},\"inLanguage\":\"en-GB\",\"potentialAction\":[{\"@type\":\"ReadAction\",\"target\":[\"https:\\\/\\\/www.feketeszakallkalandpark.hu\\\/etelbar\\\/\"]}]},{\"@type\":\"BreadcrumbList\",\"@id\":\"https:\\\/\\\/www.feketeszakallkalandpark.hu\\\/etelbar\\\/#breadcrumb\",\"itemListElement\":[{\"@type\":\"ListItem\",\"position\":1,\"name\":\"Home\",\"item\":\"https:\\\/\\\/www.feketeszakallkalandpark.hu\\\/\"},{\"@type\":\"ListItem\",\"position\":2,\"name\":\"\u00c9telb\u00e1r\"}]},{\"@type\":\"WebSite\",\"@id\":\"https:\\\/\\\/www.feketeszakallkalandpark.hu\\\/#website\",\"url\":\"https:\\\/\\\/www.feketeszakallkalandpark.hu\\\/\",\"name\":\"Feketeszak\u00e1ll \u00c9lm\u00e9nypark\",\"description\":\"\u00c9lm\u00e9nypark \u00e9s Strand Tiszal\u00f6k\",\"potentialAction\":[{\"@type\":\"SearchAction\",\"target\":{\"@type\":\"EntryPoint\",\"urlTemplate\":\"https:\\\/\\\/www.feketeszakallkalandpark.hu\\\/?s={search_term_string}\"},\"query-input\":{\"@type\":\"PropertyValueSpecification\",\"valueRequired\":true,\"valueName\":\"search_term_string\"}}],\"inLanguage\":\"en-GB\"}]}<\/script>\n<!-- \/ Yoast SEO Premium plugin. -->","yoast_head_json":{"title":"\u00c9telb\u00e1r - Feketeszak\u00e1ll \u00c9lm\u00e9nypark","robots":{"index":"index","follow":"follow","max-snippet":"max-snippet:-1","max-image-preview":"max-image-preview:large","max-video-preview":"max-video-preview:-1"},"canonical":"https:\/\/www.feketeszakallkalandpark.hu\/en\/etelbar\/","og_locale":"en_GB","og_type":"article","og_title":"\u00c9telb\u00e1r","og_description":"\u00e9telb\u00e1r Az \u00c9telb\u00e1rban megkaphatod a hamis\u00edtatlan strand \u00e9lm\u00e9nyt. V\u00e1lassz frissen csapolt s\u00f6reink \u00e9s gyors \u00e9teleink k\u00f6z\u00fcl: gyros, l\u00e1ngos, halak, frissens\u00fcltek \u00e9s a t\u00f6bbi!&nbsp; Nyitvatart\u00e1s:&nbsp;H\u00e9tf\u0151-Cs\u00fct\u00f6rt\u00f6k 8:00-20:00,&nbsp;P\u00e9ntek-Vas\u00e1rnap 8:00-23:00","og_url":"https:\/\/www.feketeszakallkalandpark.hu\/en\/etelbar\/","og_site_name":"Feketeszak\u00e1ll \u00c9lm\u00e9nypark","article_modified_time":"2022-06-28T21:48:52+00:00","twitter_card":"summary_large_image","schema":{"@context":"https:\/\/schema.org","@graph":[{"@type":"WebPage","@id":"https:\/\/www.feketeszakallkalandpark.hu\/etelbar\/","url":"https:\/\/www.feketeszakallkalandpark.hu\/etelbar\/","name":"\u00c9telb\u00e1r - Feketeszak\u00e1ll \u00c9lm\u00e9nypark","isPartOf":{"@id":"https:\/\/www.feketeszakallkalandpark.hu\/#website"},"datePublished":"2022-04-23T12:03:57+00:00","dateModified":"2022-06-28T21:48:52+00:00","breadcrumb":{"@id":"https:\/\/www.feketeszakallkalandpark.hu\/etelbar\/#breadcrumb"},"inLanguage":"en-GB","potentialAction":[{"@type":"ReadAction","target":["https:\/\/www.feketeszakallkalandpark.hu\/etelbar\/"]}]},{"@type":"BreadcrumbList","@id":"https:\/\/www.feketeszakallkalandpark.hu\/etelbar\/#breadcrumb","itemListElement":[{"@type":"ListItem","position":1,"name":"Home","item":"https:\/\/www.feketeszakallkalandpark.hu\/"},{"@type":"ListItem","position":2,"name":"\u00c9telb\u00e1r"}]},{"@type":"WebSite","@id":"https:\/\/www.feketeszakallkalandpark.hu\/#website","url":"https:\/\/www.feketeszakallkalandpark.hu\/","name":"Feketeszak\u00e1ll \u00c9lm\u00e9nypark","description":"\u00c9lm\u00e9nypark \u00e9s Strand Tiszal\u00f6k","potentialAction":[{"@type":"SearchAction","target":{"@type":"EntryPoint","urlTemplate":"https:\/\/www.feketeszakallkalandpark.hu\/?s={search_term_string}"},"query-input":{"@type":"PropertyValueSpecification","valueRequired":true,"valueName":"search_term_string"}}],"inLanguage":"en-GB"}]}},"_links":{"self":[{"href":"https:\/\/www.feketeszakallkalandpark.hu\/en\/wp-json\/wp\/v2\/pages\/4845","targetHints":{"allow":["GET"]}}],"collection":[{"href":"https:\/\/www.feketeszakallkalandpark.hu\/en\/wp-json\/wp\/v2\/pages"}],"about":[{"href":"https:\/\/www.feketeszakallkalandpark.hu\/en\/wp-json\/wp\/v2\/types\/page"}],"author":[{"embeddable":true,"href":"https:\/\/www.feketeszakallkalandpark.hu\/en\/wp-json\/wp\/v2\/users\/4"}],"replies":[{"embeddable":true,"href":"https:\/\/www.feketeszakallkalandpark.hu\/en\/wp-json\/wp\/v2\/comments?post=4845"}],"version-history":[{"count":6,"href":"https:\/\/www.feketeszakallkalandpark.hu\/en\/wp-json\/wp\/v2\/pages\/4845\/revisions"}],"predecessor-version":[{"id":5002,"href":"https:\/\/www.feketeszakallkalandpark.hu\/en\/wp-json\/wp\/v2\/pages\/4845\/revisions\/5002"}],"wp:attachment":[{"href":"https:\/\/www.feketeszakallkalandpark.hu\/en\/wp-json\/wp\/v2\/media?parent=4845"}],"curies":[{"name":"wp","href":"https:\/\/api.w.org\/{rel}","templated":true}]}}