{"id":4896,"date":"2022-05-04T14:01:34","date_gmt":"2022-05-04T14:01:34","guid":{"rendered":"https:\/\/www.feketeszakallkalandpark.hu\/?page_id=4896"},"modified":"2022-07-29T04:56:31","modified_gmt":"2022-07-29T04:56:31","slug":"szallas","status":"publish","type":"page","link":"https:\/\/www.feketeszakallkalandpark.hu\/en\/szallas\/","title":{"rendered":"Accommodation"},"content":{"rendered":"<div class=\"\" style=\"\" >\n    \n    <section id=\"carousel_f461\" class=\"u-carousel u-slide u-block-faa8-1\" data-u-ride=\"carousel\" data-interval=\"5000\">\n      <ol class=\"u-absolute-hcenter u-carousel-indicators u-block-faa8-2\">\n        <li data-u-target=\"#carousel_f461\" data-u-slide-to=\"0\" class=\"u-active u-grey-30\"><\/li>\n        <li data-u-target=\"#carousel_f461\" class=\"u-grey-30\" data-u-slide-to=\"1\"><\/li>\n        <li data-u-target=\"#carousel_f461\" class=\"u-grey-30\" data-u-slide-to=\"2\"><\/li>\n      <\/ol>\n      <div class=\"u-carousel-inner\" role=\"listbox\">\n        <div class=\"skrollable skrollable-between u-active u-align-center u-carousel-item u-clearfix u-image u-shading u-section-2-1\" src=\"\" data-image-width=\"2560\" data-image-height=\"1920\" style=\"background-image: linear-gradient(0deg, rgba(0, 0, 0, 0.4), rgba(0, 0, 0, 0.4)), url(&quot;https:\/\/www.feketeszakallkalandpark.hu\/wp-content\/uploads\/2022\/05\/IMG_9376-min-scaled.jpg&quot;);\">\n          <div class=\"u-clearfix u-sheet u-valign-middle u-sheet-1\">\n            <h1 class=\"u-text u-text-1\">Our Bungalows<\/h1>\n            <p class=\"u-large-text u-text u-text-variant u-text-2\"> There is nothing more wonderful than a sunrise in the morning or a cup of coffee <br>with the sound of birdsong, all with a panoramic view of the Tisza, and in 2021, five fully equipped, <br>air-conditioned apartment houses will be available for our guests.\n            <\/p>\n            <div class=\"u-clearfix u-layout-wrap u-layout-wrap-1\">\n              <div class=\"u-layout\">\n                <div class=\"u-layout-row\">\n                  <div class=\"u-align-center-sm u-align-center-xs u-align-right-lg u-align-right-md u-align-right-xl u-container-style u-layout-cell u-left-cell u-size-60 u-layout-cell-1\">\n                    <div class=\"u-container-layout u-valign-middle u-container-layout-1\">\n                      <a href=\"https:\/\/www.feketeszakallkalandpark.hu\/en\/arak\/#sec-b931\" class=\"u-align-center u-border-2 u-border-palette-2-base u-btn u-btn-round u-button-style u-palette-2-base u-radius-50 u-btn-1\">Prices<\/a>\n                    <\/div>\n                  <\/div>\n                <\/div>\n              <\/div>\n            <\/div>\n          <\/div>\n        <\/div>\n        <div class=\"skrollable skrollable-between u-align-center u-carousel-item u-clearfix u-image u-shading u-section-2-2\" src=\"\" data-image-width=\"2560\" data-image-height=\"1707\" style=\"background-image: linear-gradient(0deg, rgba(0, 0, 0, 0.4), rgba(0, 0, 0, 0.4)), url(&quot;https:\/\/www.feketeszakallkalandpark.hu\/wp-content\/uploads\/2022\/05\/stor-scaled.jpg&quot;);\">\n          <div class=\"u-clearfix u-sheet u-valign-middle u-sheet-1\">\n            <h1 class=\"u-text u-text-1\">Tenting<\/h1>\n            <p class=\"u-large-text u-text u-text-variant u-text-2\"> Nature lovers may choose to spend the night outdoors, spying the Tiszal\u00f6k sky, listening to the monotonous, soothing sounds of nature, and then retire to the tent.<br>We can accommodate up to 75 people.<br>\n              <br>Tents for groups only, by reservation.<br>Please note that the use of fire and open flame is forbidden, there is no possibility to build a fire!<br>\n            <\/p>\n            <div class=\"u-clearfix u-layout-wrap u-layout-wrap-1\">\n              <div class=\"u-layout\">\n                <div class=\"u-layout-row\">\n                  <div class=\"u-align-center-sm u-align-center-xs u-align-right-lg u-align-right-md u-align-right-xl u-container-style u-layout-cell u-left-cell u-size-60 u-layout-cell-1\">\n                    <div class=\"u-container-layout u-valign-middle u-container-layout-1\">\n                      <a href=\"https:\/\/www.feketeszakallkalandpark.hu\/en\/arak\/#sec-b931\" class=\"u-align-center u-border-2 u-border-palette-2-base u-btn u-btn-round u-button-style u-palette-2-base u-radius-50 u-btn-1\">Prices<\/a>\n                    <\/div>\n                  <\/div>\n                <\/div>\n              <\/div>\n            <\/div>\n          <\/div>\n        <\/div>\n        <div class=\"skrollable skrollable-between u-align-center u-carousel-item u-clearfix u-image u-shading u-section-2-3\" src=\"\" data-image-width=\"1024\" data-image-height=\"684\" style=\"background-image: linear-gradient(0deg, rgba(0, 0, 0, 0.4), rgba(0, 0, 0, 0.4)), url(&quot;https:\/\/www.feketeszakallkalandpark.hu\/wp-content\/uploads\/2022\/05\/KIDSHOTEL.jpg&quot;);\">\n          <div class=\"u-clearfix u-sheet u-valign-middle u-sheet-1\">\n            <h1 class=\"u-text u-text-1\">KID Hotel<\/h1>\n            <p class=\"u-large-text u-text u-text-variant u-text-2\">Not far from the park is the KidHotel, which will be fully renovated in 2021. Our partner has a stone building with 2-6-8-10 bedded rooms for additional guests.<\/p>\n            <div class=\"u-clearfix u-layout-wrap u-layout-wrap-1\">\n              <div class=\"u-layout\">\n                <div class=\"u-layout-row\">\n                  <div class=\"u-align-center-sm u-align-center-xs u-align-right-lg u-align-right-md u-align-right-xl u-container-style u-layout-cell u-left-cell u-size-60 u-layout-cell-1\">\n                    <div class=\"u-container-layout u-valign-middle u-container-layout-1\">\n                      <a href=\"https:\/\/www.feketeszakallkalandpark.hu\/en\/kapcsolat\/\" class=\"u-align-center u-border-2 u-border-palette-2-base u-btn u-btn-round u-button-style u-palette-2-base u-radius-50 u-btn-1\">more information<\/a>\n                    <\/div>\n                  <\/div>\n                <\/div>\n              <\/div>\n            <\/div>\n          <\/div>\n        <\/div>\n      <\/div>\n      <a class=\"u-absolute-vcenter u-carousel-control u-carousel-control-prev u-text-body-alt-color u-block-faa8-3\" href=\"#carousel_f461\" role=\"button\" data-u-slide=\"prev\">\n        <span aria-hidden=\"true\">\n          <svg viewbox=\"0 0 477.175 477.175\"><path d=\"M145.188,238.575l215.5-215.5c5.3-5.3,5.3-13.8,0-19.1s-13.8-5.3-19.1,0l-225.1,225.1c-5.3,5.3-5.3,13.8,0,19.1l225.1,225                    c2.6,2.6,6.1,4,9.5,4s6.9-1.3,9.5-4c5.3-5.3,5.3-13.8,0-19.1L145.188,238.575z\"><\/path><\/svg>\n        <\/span>\n        <span class=\"sr-only\">Previous<\/span>\n      <\/a>\n      <a class=\"u-absolute-vcenter u-carousel-control u-carousel-control-next u-text-body-alt-color u-block-faa8-4\" href=\"#carousel_f461\" role=\"button\" data-u-slide=\"next\">\n        <span aria-hidden=\"true\">\n          <svg viewbox=\"0 0 477.175 477.175\"><path d=\"M360.731,229.075l-225.1-225.1c-5.3-5.3-13.8-5.3-19.1,0s-5.3,13.8,0,19.1l215.5,215.5l-215.5,215.5                    c-5.3,5.3-5.3,13.8,0,19.1c2.6,2.6,6.1,4,9.5,4c3.4,0,6.9-1.3,9.5-4l225.1-225.1C365.931,242.875,365.931,234.275,360.731,229.075z\"><\/path><\/svg>\n        <\/span>\n        <span class=\"sr-only\">Next<\/span>\n      <\/a>\n    <\/section>\n    \n    \n  \n<\/div>","protected":false},"excerpt":{"rendered":"<p>Bungall\u00f3ink Nincs csod\u00e1latosabb a reggeli napfelkelt\u00e9n\u00e9l, vagy egy mad\u00e1rcsicserg\u00e9sben elfogyasztott k\u00e1v\u00e9n\u00e1l, mindez tiszai panor\u00e1m\u00e1val, amelyhez 2021-ben m\u00e1r \u00f6t teljesen felszerelt, minden ig\u00e9nyt kiel\u00e9g\u00edt\u0151, klimatiz\u00e1lt apartmanh\u00e1z is vend\u00e9geink rendelkez\u00e9s\u00e9re \u00e1ll. \u00e1rak S\u00e1traz\u00e1s A term\u00e9szet szerelmesei d\u00f6nthetnek \u00fagy, hogy a szabadban t\u00f6ltik az \u00e9jszak\u00e1t, k\u00e9mlelik a tiszal\u00f6ki \u00e9gboltot, hallgatj\u00e1k a term\u00e9szet monoton, nyugtat\u00f3 zaj\u00e1t, majd a s\u00e1torban &hellip; <a href=\"https:\/\/www.feketeszakallkalandpark.hu\/en\/szallas\/\" class=\"more-link\">Continue reading<span class=\"screen-reader-text\"> &#8222;Sz\u00e1ll\u00e1s&#8221;<\/span><\/a><\/p>","protected":false},"author":4,"featured_media":0,"parent":0,"menu_order":0,"comment_status":"closed","ping_status":"closed","template":"","meta":{"footnotes":""},"class_list":["post-4896","page","type-page","status-publish","hentry"],"yoast_head":"<!-- This site is optimized with the Yoast SEO Premium plugin v27.3 (Yoast SEO v27.3) - https:\/\/yoast.com\/product\/yoast-seo-premium-wordpress\/ -->\n<title>Sz\u00e1ll\u00e1s - Feketeszak\u00e1ll \u00c9lm\u00e9nypark<\/title>\n<meta name=\"robots\" content=\"index, follow, max-snippet:-1, max-image-preview:large, max-video-preview:-1\" \/>\n<link rel=\"canonical\" href=\"https:\/\/www.feketeszakallkalandpark.hu\/en\/szallas\/\" \/>\n<meta property=\"og:locale\" content=\"en_GB\" \/>\n<meta property=\"og:type\" content=\"article\" \/>\n<meta property=\"og:title\" content=\"Sz\u00e1ll\u00e1s\" \/>\n<meta property=\"og:description\" content=\"Bungall\u00f3ink Nincs csod\u00e1latosabb a reggeli napfelkelt\u00e9n\u00e9l, vagy egy mad\u00e1rcsicserg\u00e9sben elfogyasztott k\u00e1v\u00e9n\u00e1l, mindez tiszai panor\u00e1m\u00e1val, amelyhez 2021-ben m\u00e1r \u00f6t teljesen felszerelt, minden ig\u00e9nyt kiel\u00e9g\u00edt\u0151, klimatiz\u00e1lt apartmanh\u00e1z is vend\u00e9geink rendelkez\u00e9s\u00e9re \u00e1ll. \u00e1rak S\u00e1traz\u00e1s A term\u00e9szet szerelmesei d\u00f6nthetnek \u00fagy, hogy a szabadban t\u00f6ltik az \u00e9jszak\u00e1t, k\u00e9mlelik a tiszal\u00f6ki \u00e9gboltot, hallgatj\u00e1k a term\u00e9szet monoton, nyugtat\u00f3 zaj\u00e1t, majd a s\u00e1torban &hellip; Continue reading &quot;Sz\u00e1ll\u00e1s&quot;\" \/>\n<meta property=\"og:url\" content=\"https:\/\/www.feketeszakallkalandpark.hu\/en\/szallas\/\" \/>\n<meta property=\"og:site_name\" content=\"Feketeszak\u00e1ll \u00c9lm\u00e9nypark\" \/>\n<meta property=\"article:modified_time\" content=\"2022-07-29T04:56:31+00:00\" \/>\n<meta name=\"twitter:card\" content=\"summary_large_image\" \/>\n<script type=\"application\/ld+json\" class=\"yoast-schema-graph\">{\"@context\":\"https:\\\/\\\/schema.org\",\"@graph\":[{\"@type\":\"WebPage\",\"@id\":\"https:\\\/\\\/www.feketeszakallkalandpark.hu\\\/szallas\\\/\",\"url\":\"https:\\\/\\\/www.feketeszakallkalandpark.hu\\\/szallas\\\/\",\"name\":\"Sz\u00e1ll\u00e1s - Feketeszak\u00e1ll \u00c9lm\u00e9nypark\",\"isPartOf\":{\"@id\":\"https:\\\/\\\/www.feketeszakallkalandpark.hu\\\/#website\"},\"datePublished\":\"2022-05-04T14:01:34+00:00\",\"dateModified\":\"2022-07-29T04:56:31+00:00\",\"breadcrumb\":{\"@id\":\"https:\\\/\\\/www.feketeszakallkalandpark.hu\\\/szallas\\\/#breadcrumb\"},\"inLanguage\":\"en-GB\",\"potentialAction\":[{\"@type\":\"ReadAction\",\"target\":[\"https:\\\/\\\/www.feketeszakallkalandpark.hu\\\/szallas\\\/\"]}]},{\"@type\":\"BreadcrumbList\",\"@id\":\"https:\\\/\\\/www.feketeszakallkalandpark.hu\\\/szallas\\\/#breadcrumb\",\"itemListElement\":[{\"@type\":\"ListItem\",\"position\":1,\"name\":\"Home\",\"item\":\"https:\\\/\\\/www.feketeszakallkalandpark.hu\\\/\"},{\"@type\":\"ListItem\",\"position\":2,\"name\":\"Sz\u00e1ll\u00e1s\"}]},{\"@type\":\"WebSite\",\"@id\":\"https:\\\/\\\/www.feketeszakallkalandpark.hu\\\/#website\",\"url\":\"https:\\\/\\\/www.feketeszakallkalandpark.hu\\\/\",\"name\":\"Feketeszak\u00e1ll \u00c9lm\u00e9nypark\",\"description\":\"\u00c9lm\u00e9nypark \u00e9s Strand Tiszal\u00f6k\",\"potentialAction\":[{\"@type\":\"SearchAction\",\"target\":{\"@type\":\"EntryPoint\",\"urlTemplate\":\"https:\\\/\\\/www.feketeszakallkalandpark.hu\\\/?s={search_term_string}\"},\"query-input\":{\"@type\":\"PropertyValueSpecification\",\"valueRequired\":true,\"valueName\":\"search_term_string\"}}],\"inLanguage\":\"en-GB\"}]}<\/script>\n<!-- \/ Yoast SEO Premium plugin. -->","yoast_head_json":{"title":"Sz\u00e1ll\u00e1s - Feketeszak\u00e1ll \u00c9lm\u00e9nypark","robots":{"index":"index","follow":"follow","max-snippet":"max-snippet:-1","max-image-preview":"max-image-preview:large","max-video-preview":"max-video-preview:-1"},"canonical":"https:\/\/www.feketeszakallkalandpark.hu\/en\/szallas\/","og_locale":"en_GB","og_type":"article","og_title":"Sz\u00e1ll\u00e1s","og_description":"Bungall\u00f3ink Nincs csod\u00e1latosabb a reggeli napfelkelt\u00e9n\u00e9l, vagy egy mad\u00e1rcsicserg\u00e9sben elfogyasztott k\u00e1v\u00e9n\u00e1l, mindez tiszai panor\u00e1m\u00e1val, amelyhez 2021-ben m\u00e1r \u00f6t teljesen felszerelt, minden ig\u00e9nyt kiel\u00e9g\u00edt\u0151, klimatiz\u00e1lt apartmanh\u00e1z is vend\u00e9geink rendelkez\u00e9s\u00e9re \u00e1ll. \u00e1rak S\u00e1traz\u00e1s A term\u00e9szet szerelmesei d\u00f6nthetnek \u00fagy, hogy a szabadban t\u00f6ltik az \u00e9jszak\u00e1t, k\u00e9mlelik a tiszal\u00f6ki \u00e9gboltot, hallgatj\u00e1k a term\u00e9szet monoton, nyugtat\u00f3 zaj\u00e1t, majd a s\u00e1torban &hellip; Continue reading \"Sz\u00e1ll\u00e1s\"","og_url":"https:\/\/www.feketeszakallkalandpark.hu\/en\/szallas\/","og_site_name":"Feketeszak\u00e1ll \u00c9lm\u00e9nypark","article_modified_time":"2022-07-29T04:56:31+00:00","twitter_card":"summary_large_image","schema":{"@context":"https:\/\/schema.org","@graph":[{"@type":"WebPage","@id":"https:\/\/www.feketeszakallkalandpark.hu\/szallas\/","url":"https:\/\/www.feketeszakallkalandpark.hu\/szallas\/","name":"Sz\u00e1ll\u00e1s - Feketeszak\u00e1ll \u00c9lm\u00e9nypark","isPartOf":{"@id":"https:\/\/www.feketeszakallkalandpark.hu\/#website"},"datePublished":"2022-05-04T14:01:34+00:00","dateModified":"2022-07-29T04:56:31+00:00","breadcrumb":{"@id":"https:\/\/www.feketeszakallkalandpark.hu\/szallas\/#breadcrumb"},"inLanguage":"en-GB","potentialAction":[{"@type":"ReadAction","target":["https:\/\/www.feketeszakallkalandpark.hu\/szallas\/"]}]},{"@type":"BreadcrumbList","@id":"https:\/\/www.feketeszakallkalandpark.hu\/szallas\/#breadcrumb","itemListElement":[{"@type":"ListItem","position":1,"name":"Home","item":"https:\/\/www.feketeszakallkalandpark.hu\/"},{"@type":"ListItem","position":2,"name":"Sz\u00e1ll\u00e1s"}]},{"@type":"WebSite","@id":"https:\/\/www.feketeszakallkalandpark.hu\/#website","url":"https:\/\/www.feketeszakallkalandpark.hu\/","name":"Feketeszak\u00e1ll \u00c9lm\u00e9nypark","description":"\u00c9lm\u00e9nypark \u00e9s Strand Tiszal\u00f6k","potentialAction":[{"@type":"SearchAction","target":{"@type":"EntryPoint","urlTemplate":"https:\/\/www.feketeszakallkalandpark.hu\/?s={search_term_string}"},"query-input":{"@type":"PropertyValueSpecification","valueRequired":true,"valueName":"search_term_string"}}],"inLanguage":"en-GB"}]}},"_links":{"self":[{"href":"https:\/\/www.feketeszakallkalandpark.hu\/en\/wp-json\/wp\/v2\/pages\/4896","targetHints":{"allow":["GET"]}}],"collection":[{"href":"https:\/\/www.feketeszakallkalandpark.hu\/en\/wp-json\/wp\/v2\/pages"}],"about":[{"href":"https:\/\/www.feketeszakallkalandpark.hu\/en\/wp-json\/wp\/v2\/types\/page"}],"author":[{"embeddable":true,"href":"https:\/\/www.feketeszakallkalandpark.hu\/en\/wp-json\/wp\/v2\/users\/4"}],"replies":[{"embeddable":true,"href":"https:\/\/www.feketeszakallkalandpark.hu\/en\/wp-json\/wp\/v2\/comments?post=4896"}],"version-history":[{"count":8,"href":"https:\/\/www.feketeszakallkalandpark.hu\/en\/wp-json\/wp\/v2\/pages\/4896\/revisions"}],"predecessor-version":[{"id":5089,"href":"https:\/\/www.feketeszakallkalandpark.hu\/en\/wp-json\/wp\/v2\/pages\/4896\/revisions\/5089"}],"wp:attachment":[{"href":"https:\/\/www.feketeszakallkalandpark.hu\/en\/wp-json\/wp\/v2\/media?parent=4896"}],"curies":[{"name":"wp","href":"https:\/\/api.w.org\/{rel}","templated":true}]}}