{"id":4917,"date":"2022-05-18T11:13:20","date_gmt":"2022-05-18T11:13:20","guid":{"rendered":"https:\/\/www.feketeszakallkalandpark.hu\/?page_id=4917"},"modified":"2022-05-18T11:13:20","modified_gmt":"2022-05-18T11:13:20","slug":"eskuvok","status":"publish","type":"page","link":"https:\/\/www.feketeszakallkalandpark.hu\/en\/eskuvok\/","title":{"rendered":"Weddings"},"content":{"rendered":"<div class=\"\" style=\"\" >\n    \n    <section class=\"u-clearfix u-palette-3-base u-section-2\" id=\"carousel_9d00\">\n      <div class=\"u-clearfix u-sheet u-sheet-1\"><\/div>\n    <\/section>\n    <section class=\"u-clearfix u-palette-3-base u-section-3\" id=\"sec-d746\">\n      <div class=\"u-clearfix u-sheet u-sheet-1\"><\/div>\n    <\/section>\n    <section class=\"u-clearfix u-custom-color-1 u-section-4\" id=\"sec-f117\">\n      <div class=\"u-clearfix u-sheet u-sheet-1\">\n        <p class=\"u-text u-text-1\">Weddings - Get ready for the adventure of a lifetime with us!<\/p>\n        <p class=\"u-align-justify u-text u-text-2\">Looking for the ideal wedding venue with everything in one place? Do you love nature, birdsong, forests and water? Want a really special wedding ceremony either on the water's edge or on board a pirate ship?\nDo you want something that will make your big day a truly treasured memory? Then you've found the perfect venue, welcome to Blackbeard Experience Park!&nbsp; <br>\n        <\/p>\n        <p class=\"u-align-justify u-text u-text-3\">We have everything you need for a special wedding. We take care of all the organisation and management of your big day:<\/p>\n        <ul class=\"u-text u-text-4\">\n          <li>From engagement photography to maternity photography<\/li>\n          <li>From romantic wedding photography to extreme adventure photography (Trash the dress)<\/li>\n          <li>From the ceremony to the wedding<\/li>\n          <li>From hospitality to a crumb party<\/li>\n          <li>From record clowns to live music, even with an artist premier or exclusive star guests<\/li>\n        <\/ul>\n        <p class=\"u-align-justify u-text u-text-5\">In a picturesque setting on the banks of the Holt - Tisza, in the soft embrace of nature, with birdsong and a fairytale atmosphere, we await lovers who wish to get married.&nbsp; <br>\n        <\/p>\n        <p class=\"u-align-justify u-text u-text-6\">We have a 350 square metre, well-equipped and fully equipped event tent and the associated service units, as well as a modern kitchen at our guests' disposal.&nbsp; <br>\n        <\/p>\n        <p class=\"u-text u-text-7\">Contact us for a personalised offer:&nbsp; <br>e-mail:&nbsp;&nbsp; <a href=\"mailto:info@feketeszakallkalandpark.hu\" rel=\"noreferrer\">info@feketeszakallkalandpark.hu<\/a>\n          <br>tel.: +36706701019 \n        <\/p>\n      <\/div>\n    <\/section>\n    <section class=\"u-clearfix u-palette-3-base u-section-5\" id=\"carousel_3273\">\n      <div class=\"u-clearfix u-sheet u-sheet-1\"><\/div>\n    <\/section>\n    <section class=\"u-carousel u-slide u-block-dee0-1\" id=\"carousel_474d\" data-interval=\"5000\" data-u-ride=\"carousel\">\n      <ol class=\"u-absolute-hcenter u-carousel-indicators u-block-dee0-2\">\n        <li data-u-target=\"#carousel_474d\" class=\"u-active u-grey-90\" data-u-slide-to=\"0\"><\/li>\n        <li data-u-target=\"#carousel_474d\" class=\"u-grey-90\" data-u-slide-to=\"1\"><\/li>\n        <li data-u-target=\"#carousel_474d\" class=\"u-grey-90\" data-u-slide-to=\"2\"><\/li>\n        <li data-u-target=\"#carousel_474d\" class=\"u-grey-90\" data-u-slide-to=\"3\"><\/li>\n        <li data-u-target=\"#carousel_474d\" class=\"u-grey-90\" data-u-slide-to=\"4\"><\/li>\n        <li data-u-target=\"#carousel_474d\" class=\"u-grey-90\" data-u-slide-to=\"5\"><\/li>\n        <li data-u-target=\"#carousel_474d\" class=\"u-grey-90\" data-u-slide-to=\"6\"><\/li>\n        <li data-u-target=\"#carousel_474d\" class=\"u-grey-90\" data-u-slide-to=\"7\"><\/li>\n      <\/ol>\n      <div class=\"u-carousel-inner\" role=\"listbox\">\n        <div class=\"u-active u-align-center u-carousel-item u-clearfix u-image u-section-6-1\" src=\"\" style=\"background-image: url(&quot;http:\/\/www.feketeszakallkalandpark.hu\/wp-content\/uploads\/2020\/03\/eskvdsztsFeketeszakll-1.jpg&quot;);\">\n          <div class=\"u-clearfix u-sheet u-sheet-1\"><\/div>\n        <\/div>\n        <div class=\"u-align-center u-carousel-item u-clearfix u-image u-section-6-2\" src=\"\" style=\"background-image: url(&quot;http:\/\/www.feketeszakallkalandpark.hu\/wp-content\/uploads\/2020\/03\/eskvFeketeszakllkalandpark-1.jpg&quot;);\">\n          <div class=\"u-clearfix u-sheet u-sheet-1\"><\/div>\n        <\/div>\n        <div class=\"u-align-center u-carousel-item u-clearfix u-image u-section-6-3\" src=\"\" style=\"background-image: url(&quot;http:\/\/www.feketeszakallkalandpark.hu\/wp-content\/uploads\/2020\/03\/eskvvacsoraFeketeszakll-1.jpg&quot;);\">\n          <div class=\"u-clearfix u-sheet u-sheet-1\"><\/div>\n        <\/div>\n        <div class=\"u-align-center u-carousel-item u-clearfix u-image u-section-6-4\" src=\"\" style=\"background-image: url(&quot;https:\/\/www.feketeszakallkalandpark.hu\/wp-content\/uploads\/2020\/03\/mennyasszonyTiszalk.jpg&quot;);\">\n          <div class=\"u-clearfix u-sheet u-sheet-1\"><\/div>\n        <\/div>\n        <div class=\"u-align-center u-carousel-item u-clearfix u-image u-section-6-5\" src=\"\" style=\"background-image: url(&quot;https:\/\/www.feketeszakallkalandpark.hu\/wp-content\/uploads\/2020\/03\/mennyasszonyFeketeszakll.jpg&quot;);\">\n          <div class=\"u-clearfix u-sheet u-sheet-1\"><\/div>\n        <\/div>\n        <div class=\"u-align-center u-carousel-item u-clearfix u-image u-section-6-6\" src=\"\" style=\"background-image: url(&quot;https:\/\/www.feketeszakallkalandpark.hu\/wp-content\/uploads\/2020\/03\/eskvicsokorTiszalk.jpg&quot;);\">\n          <div class=\"u-clearfix u-sheet u-sheet-1\"><\/div>\n        <\/div>\n        <div class=\"u-align-center u-carousel-item u-clearfix u-image u-section-6-7\" src=\"\" style=\"background-image: url(&quot;https:\/\/www.feketeszakallkalandpark.hu\/wp-content\/uploads\/2020\/03\/lagziFeketeszakll.jpg&quot;);\">\n          <div class=\"u-clearfix u-sheet u-sheet-1\"><\/div>\n        <\/div>\n        <div class=\"u-align-center u-carousel-item u-clearfix u-image u-section-6-8\" src=\"\" style=\"background-image: url(&quot;https:\/\/www.feketeszakallkalandpark.hu\/wp-content\/uploads\/2020\/03\/eskvitl.jpg&quot;);\">\n          <div class=\"u-clearfix u-sheet u-sheet-1\"><\/div>\n        <\/div>\n      <\/div>\n      <a class=\"u-absolute-vcenter u-carousel-control u-carousel-control-prev u-text-body-alt-color u-block-dee0-3\" href=\"#carousel_474d\" role=\"button\" data-u-slide=\"prev\">\n        <span aria-hidden=\"true\">\n          <svg viewbox=\"0 0 256 256\"><g><polygon points=\"207.093,30.187 176.907,0 48.907,128 176.907,256 207.093,225.813 109.28,128\"><\/polygon>\n<\/g><\/svg>\n        <\/span>\n        <span class=\"sr-only\">\n          <svg viewbox=\"0 0 256 256\"><g><polygon points=\"207.093,30.187 176.907,0 48.907,128 176.907,256 207.093,225.813 109.28,128\"><\/polygon>\n<\/g><\/svg>\n        <\/span>\n      <\/a>\n      <a class=\"u-absolute-vcenter u-carousel-control u-carousel-control-next u-text-body-alt-color u-block-dee0-4\" href=\"#carousel_474d\" role=\"button\" data-u-slide=\"next\">\n        <span aria-hidden=\"true\">\n          <svg viewbox=\"0 0 306 306\"><g id=\"chevron-right\"><polygon points=\"94.35,0 58.65,35.7 175.95,153 58.65,270.3 94.35,306 247.35,153\"><\/polygon>\n<\/g><\/svg>\n        <\/span>\n        <span class=\"sr-only\">\n          <svg viewbox=\"0 0 306 306\"><g id=\"chevron-right\"><polygon points=\"94.35,0 58.65,35.7 175.95,153 58.65,270.3 94.35,306 247.35,153\"><\/polygon>\n<\/g><\/svg>\n        <\/span>\n      <\/a>\n    <\/section>\n    <section class=\"u-clearfix u-palette-3-base u-section-7\" id=\"carousel_0896\">\n      <div class=\"u-clearfix u-sheet u-sheet-1\"><\/div>\n    <\/section>\n    \n    \n  \n<\/div>","protected":false},"excerpt":{"rendered":"<p>Esk\u00fcv\u0151k &#8211; K\u00e9sz\u00fclj vel\u00fcnk \u00e9leted nagy kalandj\u00e1ra! Ide\u00e1lis esk\u00fcv\u0151i helysz\u00ednt keresel, ahol mindent megtal\u00e1lsz egy helyen? Szereted a term\u00e9szetet, a mad\u00e1rcsicserg\u00e9st, az erd\u0151k \u00e9s a v\u00edz k\u00f6zels\u00e9g\u00e9t? Szeretn\u00e9l egy igaz\u00e1n k\u00fcl\u00f6nleges esk\u00fcv\u0151i szertart\u00e1st ak\u00e1r a v\u00edz parton, ak\u00e1r egy kal\u00f3zhaj\u00f3 fed\u00e9lzet\u00e9n? Valami olyanra v\u00e1gysz, amit\u0151l a nagy nap, val\u00f3ban kincset \u00e9r\u0151 eml\u00e9k lesz sz\u00e1motokra? Akkor &hellip; <a href=\"https:\/\/www.feketeszakallkalandpark.hu\/en\/eskuvok\/\" class=\"more-link\">Continue reading<span class=\"screen-reader-text\"> &#8222;Esk\u00fcv\u0151k&#8221;<\/span><\/a><\/p>","protected":false},"author":4,"featured_media":0,"parent":0,"menu_order":6,"comment_status":"closed","ping_status":"closed","template":"","meta":{"footnotes":""},"class_list":["post-4917","page","type-page","status-publish","hentry"],"yoast_head":"<!-- This site is optimized with the Yoast SEO Premium plugin v27.3 (Yoast SEO v27.3) - https:\/\/yoast.com\/product\/yoast-seo-premium-wordpress\/ -->\n<title>Esk\u00fcv\u0151k - Feketeszak\u00e1ll \u00c9lm\u00e9nypark<\/title>\n<meta name=\"robots\" content=\"index, follow, max-snippet:-1, max-image-preview:large, max-video-preview:-1\" \/>\n<link rel=\"canonical\" href=\"https:\/\/www.feketeszakallkalandpark.hu\/en\/eskuvok\/\" \/>\n<meta property=\"og:locale\" content=\"en_GB\" \/>\n<meta property=\"og:type\" content=\"article\" \/>\n<meta property=\"og:title\" content=\"Esk\u00fcv\u0151k\" \/>\n<meta property=\"og:description\" content=\"Esk\u00fcv\u0151k - K\u00e9sz\u00fclj vel\u00fcnk \u00e9leted nagy kalandj\u00e1ra! Ide\u00e1lis esk\u00fcv\u0151i helysz\u00ednt keresel, ahol mindent megtal\u00e1lsz egy helyen? Szereted a term\u00e9szetet, a mad\u00e1rcsicserg\u00e9st, az erd\u0151k \u00e9s a v\u00edz k\u00f6zels\u00e9g\u00e9t? Szeretn\u00e9l egy igaz\u00e1n k\u00fcl\u00f6nleges esk\u00fcv\u0151i szertart\u00e1st ak\u00e1r a v\u00edz parton, ak\u00e1r egy kal\u00f3zhaj\u00f3 fed\u00e9lzet\u00e9n? Valami olyanra v\u00e1gysz, amit\u0151l a nagy nap, val\u00f3ban kincset \u00e9r\u0151 eml\u00e9k lesz sz\u00e1motokra? Akkor &hellip; Continue reading &quot;Esk\u00fcv\u0151k&quot;\" \/>\n<meta property=\"og:url\" content=\"https:\/\/www.feketeszakallkalandpark.hu\/en\/eskuvok\/\" \/>\n<meta property=\"og:site_name\" content=\"Feketeszak\u00e1ll \u00c9lm\u00e9nypark\" \/>\n<meta name=\"twitter:card\" content=\"summary_large_image\" \/>\n<meta name=\"twitter:label1\" content=\"Estimated reading time\" \/>\n\t<meta name=\"twitter:data1\" content=\"1 minute\" \/>\n<script type=\"application\/ld+json\" class=\"yoast-schema-graph\">{\"@context\":\"https:\\\/\\\/schema.org\",\"@graph\":[{\"@type\":\"WebPage\",\"@id\":\"https:\\\/\\\/www.feketeszakallkalandpark.hu\\\/eskuvok\\\/\",\"url\":\"https:\\\/\\\/www.feketeszakallkalandpark.hu\\\/eskuvok\\\/\",\"name\":\"Esk\u00fcv\u0151k - Feketeszak\u00e1ll \u00c9lm\u00e9nypark\",\"isPartOf\":{\"@id\":\"https:\\\/\\\/www.feketeszakallkalandpark.hu\\\/#website\"},\"datePublished\":\"2022-05-18T11:13:20+00:00\",\"breadcrumb\":{\"@id\":\"https:\\\/\\\/www.feketeszakallkalandpark.hu\\\/eskuvok\\\/#breadcrumb\"},\"inLanguage\":\"en-GB\",\"potentialAction\":[{\"@type\":\"ReadAction\",\"target\":[\"https:\\\/\\\/www.feketeszakallkalandpark.hu\\\/eskuvok\\\/\"]}]},{\"@type\":\"BreadcrumbList\",\"@id\":\"https:\\\/\\\/www.feketeszakallkalandpark.hu\\\/eskuvok\\\/#breadcrumb\",\"itemListElement\":[{\"@type\":\"ListItem\",\"position\":1,\"name\":\"Home\",\"item\":\"https:\\\/\\\/www.feketeszakallkalandpark.hu\\\/\"},{\"@type\":\"ListItem\",\"position\":2,\"name\":\"Esk\u00fcv\u0151k\"}]},{\"@type\":\"WebSite\",\"@id\":\"https:\\\/\\\/www.feketeszakallkalandpark.hu\\\/#website\",\"url\":\"https:\\\/\\\/www.feketeszakallkalandpark.hu\\\/\",\"name\":\"Feketeszak\u00e1ll \u00c9lm\u00e9nypark\",\"description\":\"\u00c9lm\u00e9nypark \u00e9s Strand Tiszal\u00f6k\",\"potentialAction\":[{\"@type\":\"SearchAction\",\"target\":{\"@type\":\"EntryPoint\",\"urlTemplate\":\"https:\\\/\\\/www.feketeszakallkalandpark.hu\\\/?s={search_term_string}\"},\"query-input\":{\"@type\":\"PropertyValueSpecification\",\"valueRequired\":true,\"valueName\":\"search_term_string\"}}],\"inLanguage\":\"en-GB\"}]}<\/script>\n<!-- \/ Yoast SEO Premium plugin. -->","yoast_head_json":{"title":"Esk\u00fcv\u0151k - Feketeszak\u00e1ll \u00c9lm\u00e9nypark","robots":{"index":"index","follow":"follow","max-snippet":"max-snippet:-1","max-image-preview":"max-image-preview:large","max-video-preview":"max-video-preview:-1"},"canonical":"https:\/\/www.feketeszakallkalandpark.hu\/en\/eskuvok\/","og_locale":"en_GB","og_type":"article","og_title":"Esk\u00fcv\u0151k","og_description":"Esk\u00fcv\u0151k - K\u00e9sz\u00fclj vel\u00fcnk \u00e9leted nagy kalandj\u00e1ra! Ide\u00e1lis esk\u00fcv\u0151i helysz\u00ednt keresel, ahol mindent megtal\u00e1lsz egy helyen? Szereted a term\u00e9szetet, a mad\u00e1rcsicserg\u00e9st, az erd\u0151k \u00e9s a v\u00edz k\u00f6zels\u00e9g\u00e9t? Szeretn\u00e9l egy igaz\u00e1n k\u00fcl\u00f6nleges esk\u00fcv\u0151i szertart\u00e1st ak\u00e1r a v\u00edz parton, ak\u00e1r egy kal\u00f3zhaj\u00f3 fed\u00e9lzet\u00e9n? Valami olyanra v\u00e1gysz, amit\u0151l a nagy nap, val\u00f3ban kincset \u00e9r\u0151 eml\u00e9k lesz sz\u00e1motokra? Akkor &hellip; Continue reading \"Esk\u00fcv\u0151k\"","og_url":"https:\/\/www.feketeszakallkalandpark.hu\/en\/eskuvok\/","og_site_name":"Feketeszak\u00e1ll \u00c9lm\u00e9nypark","twitter_card":"summary_large_image","twitter_misc":{"Estimated reading time":"1 minute"},"schema":{"@context":"https:\/\/schema.org","@graph":[{"@type":"WebPage","@id":"https:\/\/www.feketeszakallkalandpark.hu\/eskuvok\/","url":"https:\/\/www.feketeszakallkalandpark.hu\/eskuvok\/","name":"Esk\u00fcv\u0151k - Feketeszak\u00e1ll \u00c9lm\u00e9nypark","isPartOf":{"@id":"https:\/\/www.feketeszakallkalandpark.hu\/#website"},"datePublished":"2022-05-18T11:13:20+00:00","breadcrumb":{"@id":"https:\/\/www.feketeszakallkalandpark.hu\/eskuvok\/#breadcrumb"},"inLanguage":"en-GB","potentialAction":[{"@type":"ReadAction","target":["https:\/\/www.feketeszakallkalandpark.hu\/eskuvok\/"]}]},{"@type":"BreadcrumbList","@id":"https:\/\/www.feketeszakallkalandpark.hu\/eskuvok\/#breadcrumb","itemListElement":[{"@type":"ListItem","position":1,"name":"Home","item":"https:\/\/www.feketeszakallkalandpark.hu\/"},{"@type":"ListItem","position":2,"name":"Esk\u00fcv\u0151k"}]},{"@type":"WebSite","@id":"https:\/\/www.feketeszakallkalandpark.hu\/#website","url":"https:\/\/www.feketeszakallkalandpark.hu\/","name":"Feketeszak\u00e1ll \u00c9lm\u00e9nypark","description":"\u00c9lm\u00e9nypark \u00e9s Strand Tiszal\u00f6k","potentialAction":[{"@type":"SearchAction","target":{"@type":"EntryPoint","urlTemplate":"https:\/\/www.feketeszakallkalandpark.hu\/?s={search_term_string}"},"query-input":{"@type":"PropertyValueSpecification","valueRequired":true,"valueName":"search_term_string"}}],"inLanguage":"en-GB"}]}},"_links":{"self":[{"href":"https:\/\/www.feketeszakallkalandpark.hu\/en\/wp-json\/wp\/v2\/pages\/4917","targetHints":{"allow":["GET"]}}],"collection":[{"href":"https:\/\/www.feketeszakallkalandpark.hu\/en\/wp-json\/wp\/v2\/pages"}],"about":[{"href":"https:\/\/www.feketeszakallkalandpark.hu\/en\/wp-json\/wp\/v2\/types\/page"}],"author":[{"embeddable":true,"href":"https:\/\/www.feketeszakallkalandpark.hu\/en\/wp-json\/wp\/v2\/users\/4"}],"replies":[{"embeddable":true,"href":"https:\/\/www.feketeszakallkalandpark.hu\/en\/wp-json\/wp\/v2\/comments?post=4917"}],"version-history":[{"count":4,"href":"https:\/\/www.feketeszakallkalandpark.hu\/en\/wp-json\/wp\/v2\/pages\/4917\/revisions"}],"predecessor-version":[{"id":4928,"href":"https:\/\/www.feketeszakallkalandpark.hu\/en\/wp-json\/wp\/v2\/pages\/4917\/revisions\/4928"}],"wp:attachment":[{"href":"https:\/\/www.feketeszakallkalandpark.hu\/en\/wp-json\/wp\/v2\/media?parent=4917"}],"curies":[{"name":"wp","href":"https:\/\/api.w.org\/{rel}","templated":true}]}}