{"id":4921,"date":"2022-05-18T11:12:55","date_gmt":"2022-05-18T11:12:55","guid":{"rendered":"https:\/\/www.feketeszakallkalandpark.hu\/?page_id=4921"},"modified":"2022-07-23T13:06:57","modified_gmt":"2022-07-23T13:06:57","slug":"csapatepites-3","status":"publish","type":"page","link":"https:\/\/www.feketeszakallkalandpark.hu\/en\/csapatepites-3\/","title":{"rendered":"Teambuilding"},"content":{"rendered":"<div class=\"\" style=\"\" >\n    \n    <section class=\"u-clearfix u-palette-3-base u-section-2\" id=\"carousel_9d00\">\n      <div class=\"u-clearfix u-sheet u-sheet-1\"><\/div>\n    <\/section>\n    <section class=\"u-clearfix u-custom-color-1 u-section-3\" id=\"carousel_7c27\">\n      <div class=\"u-clearfix u-sheet u-valign-middle-sm u-valign-middle-xs u-sheet-1\">\n        <h3 class=\"u-align-center u-text u-text-1\">Teambuilding<\/h3>\n        <p class=\"u-align-justify u-text u-text-2\">\n          <span style=\"font-weight: 700;\"> Adventure on the Tisza with your colleagues! <\/span>\n          <br>If you're looking for a really fun, close-to-nature team-building event with exciting activities and a gastronomic experience to remember, look no further: you've found it! <br>Our professional team will take care of exciting team-building activities, meals and even accommodation for multi-day programmes.&nbsp;<br>\n        <\/p>\n        <div class=\"u-clearfix u-expanded-width u-layout-wrap u-layout-wrap-1\">\n          <div class=\"u-layout\">\n            <div class=\"u-layout-row\">\n              <div class=\"u-container-style u-layout-cell u-size-30 u-layout-cell-1\">\n                <div class=\"u-container-layout u-container-layout-1\">\n                  <h4 class=\"u-text u-text-default u-text-3\">Accommodation types<\/h4>\n                  <ul class=\"u-text u-text-4\">\n                    <li>Bungalows (on site and nearby)<\/li>\n                    <li>Tents (on site)<\/li>\n                    <li>Guest houses (nearby)<\/li>\n                  <\/ul>\n                <\/div>\n              <\/div>\n              <div class=\"u-container-style u-layout-cell u-size-30 u-layout-cell-2\">\n                <div class=\"u-container-layout u-valign-top u-container-layout-2\">\n                  <h4 class=\"u-text u-text-default u-text-5\">Dining options<\/h4>\n                  <ul class=\"u-text u-text-6\">\n                    <li> Two-course lunches or one-dish meals<\/li>\n                    <li> Fast food<\/li>\n                    <li>Folk dishes<\/li>\n                    <li>Oven-baked delicacies<\/li>\n                    <li>Freshly baked<\/li>\n                  <\/ul>\n                <\/div>\n              <\/div>\n            <\/div>\n          <\/div>\n        <\/div>\n        <p class=\"u-align-center u-text u-text-7\"><b>Need more information? Contact us!&nbsp;<\/b>\n        <\/p>\n        <a href=\"https:\/\/www.feketeszakallkalandpark.hu\/en\/kapcsolat\/\" class=\"u-active-none u-border-none u-btn u-btn-round u-button-style u-hover-palette-1-light-1 u-palette-1-base u-radius-6 u-btn-1\">Price offer please<\/a>\n      <\/div>\n    <\/section>\n    <section class=\"u-carousel u-slide u-block-92e7-1\" id=\"carousel_fc98\" data-interval=\"5000\" data-u-ride=\"carousel\">\n      <ol class=\"u-absolute-hcenter u-carousel-indicators u-block-92e7-2\">\n        <li data-u-target=\"#carousel_fc98\" class=\"u-active u-grey-30\" data-u-slide-to=\"0\"><\/li>\n        <li data-u-target=\"#carousel_fc98\" class=\"u-grey-30\" data-u-slide-to=\"1\"><\/li>\n        <li data-u-target=\"#carousel_fc98\" class=\"u-grey-30\" data-u-slide-to=\"2\"><\/li>\n        <li data-u-target=\"#carousel_fc98\" class=\"u-grey-30\" data-u-slide-to=\"3\"><\/li>\n        <li data-u-target=\"#carousel_fc98\" class=\"u-grey-30\" data-u-slide-to=\"4\"><\/li>\n        <li data-u-target=\"#carousel_fc98\" class=\"u-grey-30\" data-u-slide-to=\"5\"><\/li>\n        <li data-u-target=\"#carousel_fc98\" class=\"u-grey-30\" data-u-slide-to=\"6\"><\/li>\n        <li data-u-target=\"#carousel_fc98\" class=\"u-grey-30\" data-u-slide-to=\"7\"><\/li>\n        <li data-u-target=\"#carousel_fc98\" class=\"u-grey-30\" data-u-slide-to=\"8\"><\/li>\n        <li data-u-target=\"#carousel_fc98\" class=\"u-grey-30\" data-u-slide-to=\"9\"><\/li>\n      <\/ol>\n      <div class=\"u-carousel-inner\" role=\"listbox\">\n        <div class=\"u-active u-align-left u-carousel-item u-clearfix u-section-4-1\" src=\"\">\n          <div class=\"u-clearfix u-sheet u-sheet-1\">\n            <img decoding=\"async\" class=\"u-image u-image-1\" src=\"https:\/\/www.feketeszakallkalandpark.hu\/wp-content\/uploads\/2021\/05\/1.oldal_-scaled.jpg\" data-image-width=\"1835\" data-image-height=\"2560\">\n          <\/div>\n        <\/div>\n        <div class=\"u-align-left u-carousel-item u-clearfix u-section-4-2\" src=\"\">\n          <div class=\"u-clearfix u-sheet u-sheet-1\">\n            <img decoding=\"async\" class=\"u-image u-image-1\" src=\"https:\/\/www.feketeszakallkalandpark.hu\/wp-content\/uploads\/2021\/05\/2.oldal_-scaled.jpg\">\n          <\/div>\n        <\/div>\n        <div class=\"u-align-left u-carousel-item u-clearfix u-section-4-3\" src=\"\">\n          <div class=\"u-clearfix u-sheet u-sheet-1\">\n            <img decoding=\"async\" class=\"u-image u-image-1\" src=\"https:\/\/www.feketeszakallkalandpark.hu\/wp-content\/uploads\/2021\/05\/3.oldal_-scaled.jpg\">\n          <\/div>\n        <\/div>\n        <div class=\"u-align-left u-carousel-item u-clearfix u-section-4-4\" src=\"\">\n          <div class=\"u-clearfix u-sheet u-sheet-1\">\n            <img decoding=\"async\" class=\"u-image u-image-1\" src=\"https:\/\/www.feketeszakallkalandpark.hu\/wp-content\/uploads\/2021\/05\/4.oldal_-scaled.jpg\">\n          <\/div>\n        <\/div>\n        <div class=\"u-align-left u-carousel-item u-clearfix u-section-4-5\" src=\"\">\n          <div class=\"u-clearfix u-sheet u-sheet-1\">\n            <img decoding=\"async\" class=\"u-image u-image-1\" src=\"https:\/\/www.feketeszakallkalandpark.hu\/wp-content\/uploads\/2021\/05\/5.oldal_-scaled.jpg\">\n          <\/div>\n        <\/div>\n        <div class=\"u-align-left u-carousel-item u-clearfix u-section-4-6\" src=\"\">\n          <div class=\"u-clearfix u-sheet u-sheet-1\">\n            <img decoding=\"async\" class=\"u-image u-image-1\" src=\"https:\/\/www.feketeszakallkalandpark.hu\/wp-content\/uploads\/2021\/05\/6.oldal_-scaled.jpg\">\n          <\/div>\n        <\/div>\n        <div class=\"u-align-left u-carousel-item u-clearfix u-section-4-7\" src=\"\">\n          <div class=\"u-clearfix u-sheet u-sheet-1\">\n            <img decoding=\"async\" class=\"u-image u-image-1\" src=\"https:\/\/www.feketeszakallkalandpark.hu\/wp-content\/uploads\/2021\/05\/7.oldal_-scaled.jpg\">\n          <\/div>\n        <\/div>\n        <div class=\"u-align-left u-carousel-item u-clearfix u-section-4-8\" src=\"\">\n          <div class=\"u-clearfix u-sheet u-sheet-1\">\n            <img decoding=\"async\" class=\"u-image u-image-1\" src=\"https:\/\/www.feketeszakallkalandpark.hu\/wp-content\/uploads\/2021\/05\/8.oldal_-scaled.jpg\">\n          <\/div>\n        <\/div>\n        <div class=\"u-align-left u-carousel-item u-clearfix u-section-4-9\" src=\"\">\n          <div class=\"u-clearfix u-sheet u-sheet-1\">\n            <img decoding=\"async\" class=\"u-image u-image-1\" src=\"https:\/\/www.feketeszakallkalandpark.hu\/wp-content\/uploads\/2021\/05\/9.odlal_-scaled.jpg\">\n          <\/div>\n        <\/div>\n        <div class=\"u-align-left u-carousel-item u-clearfix u-section-4-10\" src=\"\">\n          <div class=\"u-clearfix u-sheet u-sheet-1\">\n            <img decoding=\"async\" class=\"u-image u-image-default u-image-1\" src=\"https:\/\/www.feketeszakallkalandpark.hu\/wp-content\/uploads\/2021\/05\/10.oldal_-scaled.jpg\">\n          <\/div>\n        <\/div>\n      <\/div>\n      <a class=\"u-absolute-vcenter u-carousel-control u-carousel-control-prev u-text-grey-30 u-block-92e7-3\" href=\"#carousel_fc98\" role=\"button\" data-u-slide=\"prev\">\n        <span aria-hidden=\"true\">\n          <svg viewbox=\"0 0 477.175 477.175\"><path d=\"M145.188,238.575l215.5-215.5c5.3-5.3,5.3-13.8,0-19.1s-13.8-5.3-19.1,0l-225.1,225.1c-5.3,5.3-5.3,13.8,0,19.1l225.1,225                    c2.6,2.6,6.1,4,9.5,4s6.9-1.3,9.5-4c5.3-5.3,5.3-13.8,0-19.1L145.188,238.575z\"><\/path><\/svg>\n        <\/span>\n        <span class=\"sr-only\">Previous<\/span>\n      <\/a>\n      <a class=\"u-absolute-vcenter u-carousel-control u-carousel-control-next u-text-grey-30 u-block-92e7-4\" href=\"#carousel_fc98\" role=\"button\" data-u-slide=\"next\">\n        <span aria-hidden=\"true\">\n          <svg viewbox=\"0 0 477.175 477.175\"><path d=\"M360.731,229.075l-225.1-225.1c-5.3-5.3-13.8-5.3-19.1,0s-5.3,13.8,0,19.1l215.5,215.5l-215.5,215.5                    c-5.3,5.3-5.3,13.8,0,19.1c2.6,2.6,6.1,4,9.5,4c3.4,0,6.9-1.3,9.5-4l225.1-225.1C365.931,242.875,365.931,234.275,360.731,229.075z\"><\/path><\/svg>\n        <\/span>\n        <span class=\"sr-only\">Next<\/span>\n      <\/a>\n    <\/section>\n    <section class=\"u-clearfix u-palette-3-base u-section-5\" id=\"sec-d746\">\n      <div class=\"u-clearfix u-sheet u-sheet-1\"><\/div>\n    <\/section>\n    <section class=\"u-clearfix u-palette-3-base u-section-6\" id=\"carousel_3273\">\n      <div class=\"u-clearfix u-sheet u-sheet-1\"><\/div>\n    <\/section>\n    <section class=\"u-clearfix u-palette-3-base u-section-7\" id=\"carousel_0896\">\n      <div class=\"u-clearfix u-sheet u-sheet-1\"><\/div>\n    <\/section>\n    \n    \n  \n<\/div>","protected":false},"excerpt":{"rendered":"<p>Csapat\u00e9p\u00edt\u00e9s Kalandozz a Tisz\u00e1n a koll\u00e9g\u00e1iddal! Ha egy igaz\u00e1n j\u00f3 hangulat\u00fa, term\u00e9szetk\u00f6zeli csapat\u00e9p\u00edt\u0151re v\u00e1gytok izgalmas programokkal \u00e9s eml\u00edt\u00e9sre m\u00e9lt\u00f3 gasztron\u00f3miai \u00e9lm\u00e9nyekkel, akkor ne keressetek tov\u00e1bb: megtal\u00e1lt\u00e1tok! Profi csapatunk gondoskodik az izgalmas csapat\u00e9p\u00edt\u0151 feladatokr\u00f3l, az \u00e9tkez\u00e9sr\u0151l \u00e9s t\u00f6bb napos program eset\u00e9n ak\u00e1r a sz\u00e1ll\u00e1sr\u00f3l is.&nbsp; Sz\u00e1ll\u00e1st\u00edpusok Bungal\u00f3k (helyben \u00e9s k\u00f6zelben) S\u00e1toroz\u00e1si lehet\u0151s\u00e9g (helyben) Vend\u00e9gh\u00e1zak (k\u00f6zelben) \u00c9tkez\u00e9si &hellip; <a href=\"https:\/\/www.feketeszakallkalandpark.hu\/en\/csapatepites-3\/\" class=\"more-link\">Continue reading<span class=\"screen-reader-text\"> &#8222;Csapat\u00e9p\u00edt\u00e9s&#8221;<\/span><\/a><\/p>","protected":false},"author":4,"featured_media":0,"parent":0,"menu_order":6,"comment_status":"closed","ping_status":"closed","template":"","meta":{"footnotes":""},"class_list":["post-4921","page","type-page","status-publish","hentry"],"yoast_head":"<!-- This site is optimized with the Yoast SEO Premium plugin v27.3 (Yoast SEO v27.3) - https:\/\/yoast.com\/product\/yoast-seo-premium-wordpress\/ -->\n<title>Csapat\u00e9p\u00edt\u00e9s - Feketeszak\u00e1ll \u00c9lm\u00e9nypark<\/title>\n<meta name=\"robots\" content=\"index, follow, max-snippet:-1, max-image-preview:large, max-video-preview:-1\" \/>\n<link rel=\"canonical\" href=\"https:\/\/www.feketeszakallkalandpark.hu\/en\/csapatepites-3\/\" \/>\n<meta property=\"og:locale\" content=\"en_GB\" \/>\n<meta property=\"og:type\" content=\"article\" \/>\n<meta property=\"og:title\" content=\"Csapat\u00e9p\u00edt\u00e9s\" \/>\n<meta property=\"og:description\" content=\"Csapat\u00e9p\u00edt\u00e9s Kalandozz a Tisz\u00e1n a koll\u00e9g\u00e1iddal! Ha egy igaz\u00e1n j\u00f3 hangulat\u00fa, term\u00e9szetk\u00f6zeli csapat\u00e9p\u00edt\u0151re v\u00e1gytok izgalmas programokkal \u00e9s eml\u00edt\u00e9sre m\u00e9lt\u00f3 gasztron\u00f3miai \u00e9lm\u00e9nyekkel, akkor ne keressetek tov\u00e1bb: megtal\u00e1lt\u00e1tok! Profi csapatunk gondoskodik az izgalmas csapat\u00e9p\u00edt\u0151 feladatokr\u00f3l, az \u00e9tkez\u00e9sr\u0151l \u00e9s t\u00f6bb napos program eset\u00e9n ak\u00e1r a sz\u00e1ll\u00e1sr\u00f3l is.&nbsp; Sz\u00e1ll\u00e1st\u00edpusok Bungal\u00f3k (helyben \u00e9s k\u00f6zelben) S\u00e1toroz\u00e1si lehet\u0151s\u00e9g (helyben) Vend\u00e9gh\u00e1zak (k\u00f6zelben) \u00c9tkez\u00e9si &hellip; Continue reading &quot;Csapat\u00e9p\u00edt\u00e9s&quot;\" \/>\n<meta property=\"og:url\" content=\"https:\/\/www.feketeszakallkalandpark.hu\/en\/csapatepites-3\/\" \/>\n<meta property=\"og:site_name\" content=\"Feketeszak\u00e1ll \u00c9lm\u00e9nypark\" \/>\n<meta property=\"article:modified_time\" content=\"2022-07-23T13:06:57+00:00\" \/>\n<meta name=\"twitter:card\" content=\"summary_large_image\" \/>\n<meta name=\"twitter:label1\" content=\"Estimated reading time\" \/>\n\t<meta name=\"twitter:data1\" content=\"1 minute\" \/>\n<script type=\"application\/ld+json\" class=\"yoast-schema-graph\">{\"@context\":\"https:\\\/\\\/schema.org\",\"@graph\":[{\"@type\":\"WebPage\",\"@id\":\"https:\\\/\\\/www.feketeszakallkalandpark.hu\\\/csapatepites-3\\\/\",\"url\":\"https:\\\/\\\/www.feketeszakallkalandpark.hu\\\/csapatepites-3\\\/\",\"name\":\"Csapat\u00e9p\u00edt\u00e9s - Feketeszak\u00e1ll \u00c9lm\u00e9nypark\",\"isPartOf\":{\"@id\":\"https:\\\/\\\/www.feketeszakallkalandpark.hu\\\/#website\"},\"datePublished\":\"2022-05-18T11:12:55+00:00\",\"dateModified\":\"2022-07-23T13:06:57+00:00\",\"breadcrumb\":{\"@id\":\"https:\\\/\\\/www.feketeszakallkalandpark.hu\\\/csapatepites-3\\\/#breadcrumb\"},\"inLanguage\":\"en-GB\",\"potentialAction\":[{\"@type\":\"ReadAction\",\"target\":[\"https:\\\/\\\/www.feketeszakallkalandpark.hu\\\/csapatepites-3\\\/\"]}]},{\"@type\":\"BreadcrumbList\",\"@id\":\"https:\\\/\\\/www.feketeszakallkalandpark.hu\\\/csapatepites-3\\\/#breadcrumb\",\"itemListElement\":[{\"@type\":\"ListItem\",\"position\":1,\"name\":\"Home\",\"item\":\"https:\\\/\\\/www.feketeszakallkalandpark.hu\\\/\"},{\"@type\":\"ListItem\",\"position\":2,\"name\":\"Csapat\u00e9p\u00edt\u00e9s\"}]},{\"@type\":\"WebSite\",\"@id\":\"https:\\\/\\\/www.feketeszakallkalandpark.hu\\\/#website\",\"url\":\"https:\\\/\\\/www.feketeszakallkalandpark.hu\\\/\",\"name\":\"Feketeszak\u00e1ll \u00c9lm\u00e9nypark\",\"description\":\"\u00c9lm\u00e9nypark \u00e9s Strand Tiszal\u00f6k\",\"potentialAction\":[{\"@type\":\"SearchAction\",\"target\":{\"@type\":\"EntryPoint\",\"urlTemplate\":\"https:\\\/\\\/www.feketeszakallkalandpark.hu\\\/?s={search_term_string}\"},\"query-input\":{\"@type\":\"PropertyValueSpecification\",\"valueRequired\":true,\"valueName\":\"search_term_string\"}}],\"inLanguage\":\"en-GB\"}]}<\/script>\n<!-- \/ Yoast SEO Premium plugin. -->","yoast_head_json":{"title":"Csapat\u00e9p\u00edt\u00e9s - Feketeszak\u00e1ll \u00c9lm\u00e9nypark","robots":{"index":"index","follow":"follow","max-snippet":"max-snippet:-1","max-image-preview":"max-image-preview:large","max-video-preview":"max-video-preview:-1"},"canonical":"https:\/\/www.feketeszakallkalandpark.hu\/en\/csapatepites-3\/","og_locale":"en_GB","og_type":"article","og_title":"Csapat\u00e9p\u00edt\u00e9s","og_description":"Csapat\u00e9p\u00edt\u00e9s Kalandozz a Tisz\u00e1n a koll\u00e9g\u00e1iddal! Ha egy igaz\u00e1n j\u00f3 hangulat\u00fa, term\u00e9szetk\u00f6zeli csapat\u00e9p\u00edt\u0151re v\u00e1gytok izgalmas programokkal \u00e9s eml\u00edt\u00e9sre m\u00e9lt\u00f3 gasztron\u00f3miai \u00e9lm\u00e9nyekkel, akkor ne keressetek tov\u00e1bb: megtal\u00e1lt\u00e1tok! Profi csapatunk gondoskodik az izgalmas csapat\u00e9p\u00edt\u0151 feladatokr\u00f3l, az \u00e9tkez\u00e9sr\u0151l \u00e9s t\u00f6bb napos program eset\u00e9n ak\u00e1r a sz\u00e1ll\u00e1sr\u00f3l is.&nbsp; Sz\u00e1ll\u00e1st\u00edpusok Bungal\u00f3k (helyben \u00e9s k\u00f6zelben) S\u00e1toroz\u00e1si lehet\u0151s\u00e9g (helyben) Vend\u00e9gh\u00e1zak (k\u00f6zelben) \u00c9tkez\u00e9si &hellip; Continue reading \"Csapat\u00e9p\u00edt\u00e9s\"","og_url":"https:\/\/www.feketeszakallkalandpark.hu\/en\/csapatepites-3\/","og_site_name":"Feketeszak\u00e1ll \u00c9lm\u00e9nypark","article_modified_time":"2022-07-23T13:06:57+00:00","twitter_card":"summary_large_image","twitter_misc":{"Estimated reading time":"1 minute"},"schema":{"@context":"https:\/\/schema.org","@graph":[{"@type":"WebPage","@id":"https:\/\/www.feketeszakallkalandpark.hu\/csapatepites-3\/","url":"https:\/\/www.feketeszakallkalandpark.hu\/csapatepites-3\/","name":"Csapat\u00e9p\u00edt\u00e9s - Feketeszak\u00e1ll \u00c9lm\u00e9nypark","isPartOf":{"@id":"https:\/\/www.feketeszakallkalandpark.hu\/#website"},"datePublished":"2022-05-18T11:12:55+00:00","dateModified":"2022-07-23T13:06:57+00:00","breadcrumb":{"@id":"https:\/\/www.feketeszakallkalandpark.hu\/csapatepites-3\/#breadcrumb"},"inLanguage":"en-GB","potentialAction":[{"@type":"ReadAction","target":["https:\/\/www.feketeszakallkalandpark.hu\/csapatepites-3\/"]}]},{"@type":"BreadcrumbList","@id":"https:\/\/www.feketeszakallkalandpark.hu\/csapatepites-3\/#breadcrumb","itemListElement":[{"@type":"ListItem","position":1,"name":"Home","item":"https:\/\/www.feketeszakallkalandpark.hu\/"},{"@type":"ListItem","position":2,"name":"Csapat\u00e9p\u00edt\u00e9s"}]},{"@type":"WebSite","@id":"https:\/\/www.feketeszakallkalandpark.hu\/#website","url":"https:\/\/www.feketeszakallkalandpark.hu\/","name":"Feketeszak\u00e1ll \u00c9lm\u00e9nypark","description":"\u00c9lm\u00e9nypark \u00e9s Strand Tiszal\u00f6k","potentialAction":[{"@type":"SearchAction","target":{"@type":"EntryPoint","urlTemplate":"https:\/\/www.feketeszakallkalandpark.hu\/?s={search_term_string}"},"query-input":{"@type":"PropertyValueSpecification","valueRequired":true,"valueName":"search_term_string"}}],"inLanguage":"en-GB"}]}},"_links":{"self":[{"href":"https:\/\/www.feketeszakallkalandpark.hu\/en\/wp-json\/wp\/v2\/pages\/4921","targetHints":{"allow":["GET"]}}],"collection":[{"href":"https:\/\/www.feketeszakallkalandpark.hu\/en\/wp-json\/wp\/v2\/pages"}],"about":[{"href":"https:\/\/www.feketeszakallkalandpark.hu\/en\/wp-json\/wp\/v2\/types\/page"}],"author":[{"embeddable":true,"href":"https:\/\/www.feketeszakallkalandpark.hu\/en\/wp-json\/wp\/v2\/users\/4"}],"replies":[{"embeddable":true,"href":"https:\/\/www.feketeszakallkalandpark.hu\/en\/wp-json\/wp\/v2\/comments?post=4921"}],"version-history":[{"count":4,"href":"https:\/\/www.feketeszakallkalandpark.hu\/en\/wp-json\/wp\/v2\/pages\/4921\/revisions"}],"predecessor-version":[{"id":5087,"href":"https:\/\/www.feketeszakallkalandpark.hu\/en\/wp-json\/wp\/v2\/pages\/4921\/revisions\/5087"}],"wp:attachment":[{"href":"https:\/\/www.feketeszakallkalandpark.hu\/en\/wp-json\/wp\/v2\/media?parent=4921"}],"curies":[{"name":"wp","href":"https:\/\/api.w.org\/{rel}","templated":true}]}}