{"id":4931,"date":"2022-05-18T11:18:14","date_gmt":"2022-05-18T11:18:14","guid":{"rendered":"https:\/\/www.feketeszakallkalandpark.hu\/?page_id=4931"},"modified":"2026-02-09T19:44:29","modified_gmt":"2026-02-09T19:44:29","slug":"osztalykirandulas-3","status":"publish","type":"page","link":"https:\/\/www.feketeszakallkalandpark.hu\/en\/osztalykirandulas-3\/","title":{"rendered":"Class trip"},"content":{"rendered":"<div class=\"\" style=\"\" >\n    \n    <section class=\"u-clearfix u-palette-3-base u-section-2\" id=\"carousel_9d00\">\n      <div class=\"u-clearfix u-sheet u-sheet-1\"><\/div>\n    <\/section>\n    <section class=\"u-clearfix u-custom-color-1 u-section-3\" id=\"carousel_7c27\">\n      <div class=\"u-clearfix u-sheet u-valign-middle-sm u-valign-middle-xs u-sheet-1\">\n        <p class=\"u-text u-text-1\">Class trip<\/p>\n        <p class=\"u-align-justify u-text u-text-2\">Going on a class trip, or on an unforgettable team-building trip with friends and colleagues, but you have no idea? Join us and it's guaranteed to be the best experience of the summer! The Blackbeard Experience Park and Beach is the perfect choice if you want a memorable class trip or team building activity! We can offer you a program suitable for your age group, even for several days, with accommodation and meals. Our professional team will make sure that your class trip will be a memorable one, with exciting team-building activities. truly unforgettable! <br>\n        <\/p>\n        <img decoding=\"async\" class=\"u-image u-image-round u-preserve-proportions u-radius u-image-1\" src=\"https:\/\/www.feketeszakallkalandpark.hu\/wp-content\/uploads\/2026\/02\/uj_programok_2026-post.jpg\" alt=\"\" data-image-width=\"1080\" data-image-height=\"1080\">\n      <\/div>\n    <\/section>\n    <section class=\"u-carousel u-slide u-block-92e7-1\" id=\"carousel-327c\" data-interval=\"5000\" data-u-ride=\"carousel\">\n      <ol class=\"u-absolute-hcenter u-carousel-indicators u-block-92e7-2\">\n        <li data-u-target=\"#carousel-327c\" class=\"u-active u-grey-30\" data-u-slide-to=\"0\"><\/li>\n        <li data-u-target=\"#carousel-327c\" class=\"u-grey-30\" data-u-slide-to=\"1\"><\/li>\n        <li data-u-target=\"#carousel-327c\" class=\"u-grey-30\" data-u-slide-to=\"2\"><\/li>\n        <li data-u-target=\"#carousel-327c\" class=\"u-grey-30\" data-u-slide-to=\"3\"><\/li>\n        <li data-u-target=\"#carousel-327c\" class=\"u-grey-30\" data-u-slide-to=\"4\"><\/li>\n        <li data-u-target=\"#carousel-327c\" class=\"u-grey-30\" data-u-slide-to=\"5\"><\/li>\n        <li data-u-target=\"#carousel-327c\" class=\"u-grey-30\" data-u-slide-to=\"6\"><\/li>\n        <li data-u-target=\"#carousel-327c\" class=\"u-grey-30\" data-u-slide-to=\"7\"><\/li>\n        <li data-u-target=\"#carousel-327c\" class=\"u-grey-30\" data-u-slide-to=\"8\"><\/li>\n        <li data-u-target=\"#carousel-327c\" class=\"u-grey-30\" data-u-slide-to=\"9\"><\/li>\n      <\/ol>\n      <div class=\"u-carousel-inner\" role=\"listbox\">\n        <div class=\"u-active u-align-left u-carousel-item u-clearfix u-section-4-1\" src=\"\">\n          <div class=\"u-clearfix u-sheet u-sheet-1\">\n            <img decoding=\"async\" class=\"u-image u-image-1\" src=\"https:\/\/www.feketeszakallkalandpark.hu\/wp-content\/uploads\/2021\/05\/1.oldal_-scaled.jpg\" data-image-width=\"1835\" data-image-height=\"2560\">\n          <\/div>\n        <\/div>\n        <div class=\"u-align-left u-carousel-item u-clearfix u-section-4-2\" src=\"\">\n          <div class=\"u-clearfix u-sheet u-sheet-1\">\n            <img decoding=\"async\" class=\"u-image u-image-1\" src=\"https:\/\/www.feketeszakallkalandpark.hu\/wp-content\/uploads\/2021\/05\/2.oldal_-scaled.jpg\">\n          <\/div>\n        <\/div>\n        <div class=\"u-align-left u-carousel-item u-clearfix u-section-4-3\" src=\"\">\n          <div class=\"u-clearfix u-sheet u-sheet-1\">\n            <img decoding=\"async\" class=\"u-image u-image-1\" src=\"https:\/\/www.feketeszakallkalandpark.hu\/wp-content\/uploads\/2021\/05\/3.oldal_-scaled.jpg\">\n          <\/div>\n        <\/div>\n        <div class=\"u-align-left u-carousel-item u-clearfix u-section-4-4\" src=\"\">\n          <div class=\"u-clearfix u-sheet u-sheet-1\">\n            <img decoding=\"async\" class=\"u-image u-image-1\" src=\"https:\/\/www.feketeszakallkalandpark.hu\/wp-content\/uploads\/2021\/05\/4.oldal_-scaled.jpg\">\n          <\/div>\n        <\/div>\n        <div class=\"u-align-left u-carousel-item u-clearfix u-section-4-5\" src=\"\">\n          <div class=\"u-clearfix u-sheet u-sheet-1\">\n            <img decoding=\"async\" class=\"u-image u-image-1\" src=\"https:\/\/www.feketeszakallkalandpark.hu\/wp-content\/uploads\/2021\/05\/5.oldal_-scaled.jpg\">\n          <\/div>\n        <\/div>\n        <div class=\"u-align-left u-carousel-item u-clearfix u-section-4-6\" src=\"\">\n          <div class=\"u-clearfix u-sheet u-sheet-1\">\n            <img decoding=\"async\" class=\"u-image u-image-1\" src=\"https:\/\/www.feketeszakallkalandpark.hu\/wp-content\/uploads\/2021\/05\/6.oldal_-scaled.jpg\">\n          <\/div>\n        <\/div>\n        <div class=\"u-align-left u-carousel-item u-clearfix u-section-4-7\" src=\"\">\n          <div class=\"u-clearfix u-sheet u-sheet-1\">\n            <img decoding=\"async\" class=\"u-image u-image-1\" src=\"https:\/\/www.feketeszakallkalandpark.hu\/wp-content\/uploads\/2021\/05\/7.oldal_-scaled.jpg\">\n          <\/div>\n        <\/div>\n        <div class=\"u-align-left u-carousel-item u-clearfix u-section-4-8\" src=\"\">\n          <div class=\"u-clearfix u-sheet u-sheet-1\">\n            <img decoding=\"async\" class=\"u-image u-image-1\" src=\"https:\/\/www.feketeszakallkalandpark.hu\/wp-content\/uploads\/2021\/05\/8.oldal_-scaled.jpg\">\n          <\/div>\n        <\/div>\n        <div class=\"u-align-left u-carousel-item u-clearfix u-section-4-9\" src=\"\">\n          <div class=\"u-clearfix u-sheet u-sheet-1\">\n            <img decoding=\"async\" class=\"u-image u-image-1\" src=\"https:\/\/www.feketeszakallkalandpark.hu\/wp-content\/uploads\/2021\/05\/9.odlal_-scaled.jpg\">\n          <\/div>\n        <\/div>\n        <div class=\"u-align-left u-carousel-item u-clearfix u-section-4-10\" src=\"\">\n          <div class=\"u-clearfix u-sheet u-sheet-1\">\n            <img decoding=\"async\" class=\"u-image u-image-default u-image-1\" src=\"https:\/\/www.feketeszakallkalandpark.hu\/wp-content\/uploads\/2021\/05\/10.oldal_-scaled.jpg\">\n          <\/div>\n        <\/div>\n      <\/div>\n      <a class=\"u-absolute-vcenter u-carousel-control u-carousel-control-prev u-text-grey-30 u-block-92e7-3\" href=\"#carousel-327c\" role=\"button\" data-u-slide=\"prev\"><span aria-hidden=\"true\">\n          <svg viewbox=\"0 0 477.175 477.175\"><path d=\"M145.188,238.575l215.5-215.5c5.3-5.3,5.3-13.8,0-19.1s-13.8-5.3-19.1,0l-225.1,225.1c-5.3,5.3-5.3,13.8,0,19.1l225.1,225                    c2.6,2.6,6.1,4,9.5,4s6.9-1.3,9.5-4c5.3-5.3,5.3-13.8,0-19.1L145.188,238.575z\"><\/path><\/svg><\/span><span class=\"sr-only\">Previous<\/span>\n      <\/a>\n      <a class=\"u-absolute-vcenter u-carousel-control u-carousel-control-next u-text-grey-30 u-block-92e7-4\" href=\"#carousel-327c\" role=\"button\" data-u-slide=\"next\"><span aria-hidden=\"true\">\n          <svg viewbox=\"0 0 477.175 477.175\"><path d=\"M360.731,229.075l-225.1-225.1c-5.3-5.3-13.8-5.3-19.1,0s-5.3,13.8,0,19.1l215.5,215.5l-215.5,215.5                    c-5.3,5.3-5.3,13.8,0,19.1c2.6,2.6,6.1,4,9.5,4c3.4,0,6.9-1.3,9.5-4l225.1-225.1C365.931,242.875,365.931,234.275,360.731,229.075z\"><\/path><\/svg><\/span><span class=\"sr-only\">Next<\/span>\n      <\/a>\n    <\/section>\n    <section class=\"u-clearfix u-palette-3-base u-section-5\" id=\"sec-d746\">\n      <div class=\"u-clearfix u-sheet u-sheet-1\"><\/div>\n    <\/section>\n    <section class=\"u-clearfix u-palette-3-base u-section-6\" id=\"carousel_3273\">\n      <div class=\"u-clearfix u-sheet u-sheet-1\"><\/div>\n    <\/section>\n    <section class=\"u-clearfix u-palette-3-base u-section-7\" id=\"carousel_0896\">\n      <div class=\"u-clearfix u-sheet u-sheet-1\"><\/div>\n    <\/section>\n    \n    \n    \n  \n<\/div>","protected":false},"excerpt":{"rendered":"<p>Oszt\u00e1lykir\u00e1ndul\u00e1s Oszt\u00e1lykir\u00e1ndul\u00e1sra menn\u00e9tek, vagy a bar\u00e1tokkal, koll\u00e9g\u00e1kkal egy felejthetetlen csapat\u00e9p\u00edt\u00e9sre, de nincs \u00f6tletetek? Gyertek el hozz\u00e1nk \u00e9s garant\u00e1ltan ez lesz a ny\u00e1r legjobb \u00e9lm\u00e9nye! A Feketeszak\u00e1ll \u00c9lm\u00e9nypark \u00e9s Strand a legmegfelel\u0151bb v\u00e1laszt\u00e1s, ha eml\u00e9kezetes oszt\u00e1lykir\u00e1ndul\u00e1sra vagy csapat\u00e9p\u00edt\u00e9sre v\u00e1gytok! Koroszt\u00e1lyotoknak megfelel\u0151 programot k\u00edn\u00e1lunk sz\u00e1motokra, ak\u00e1r t\u00f6bb napra is, sz\u00e1ll\u00e1ssal, \u00e9tkez\u00e9ssel. Profi csapatunk gondoskodik, izgalmas csapat\u00e9p\u00edt\u0151 feladatokkal &hellip; <a href=\"https:\/\/www.feketeszakallkalandpark.hu\/en\/osztalykirandulas-3\/\" class=\"more-link\">Continue reading<span class=\"screen-reader-text\"> &#8222;Oszt\u00e1lykir\u00e1ndul\u00e1s&#8221;<\/span><\/a><\/p>","protected":false},"author":4,"featured_media":0,"parent":0,"menu_order":6,"comment_status":"closed","ping_status":"closed","template":"","meta":{"footnotes":""},"class_list":["post-4931","page","type-page","status-publish","hentry"],"yoast_head":"<!-- This site is optimized with the Yoast SEO Premium plugin v27.3 (Yoast SEO v27.3) - https:\/\/yoast.com\/product\/yoast-seo-premium-wordpress\/ -->\n<title>Oszt\u00e1lykir\u00e1ndul\u00e1s - Feketeszak\u00e1ll \u00c9lm\u00e9nypark<\/title>\n<meta name=\"robots\" content=\"index, follow, max-snippet:-1, max-image-preview:large, max-video-preview:-1\" \/>\n<link rel=\"canonical\" href=\"https:\/\/www.feketeszakallkalandpark.hu\/en\/osztalykirandulas-3\/\" \/>\n<meta property=\"og:locale\" content=\"en_GB\" \/>\n<meta property=\"og:type\" content=\"article\" \/>\n<meta property=\"og:title\" content=\"Oszt\u00e1lykir\u00e1ndul\u00e1s\" \/>\n<meta property=\"og:description\" content=\"Oszt\u00e1lykir\u00e1ndul\u00e1s Oszt\u00e1lykir\u00e1ndul\u00e1sra menn\u00e9tek, vagy a bar\u00e1tokkal, koll\u00e9g\u00e1kkal egy felejthetetlen csapat\u00e9p\u00edt\u00e9sre, de nincs \u00f6tletetek? Gyertek el hozz\u00e1nk \u00e9s garant\u00e1ltan ez lesz a ny\u00e1r legjobb \u00e9lm\u00e9nye! A Feketeszak\u00e1ll \u00c9lm\u00e9nypark \u00e9s Strand a legmegfelel\u0151bb v\u00e1laszt\u00e1s, ha eml\u00e9kezetes oszt\u00e1lykir\u00e1ndul\u00e1sra vagy csapat\u00e9p\u00edt\u00e9sre v\u00e1gytok! Koroszt\u00e1lyotoknak megfelel\u0151 programot k\u00edn\u00e1lunk sz\u00e1motokra, ak\u00e1r t\u00f6bb napra is, sz\u00e1ll\u00e1ssal, \u00e9tkez\u00e9ssel. Profi csapatunk gondoskodik, izgalmas csapat\u00e9p\u00edt\u0151 feladatokkal &hellip; Continue reading &quot;Oszt\u00e1lykir\u00e1ndul\u00e1s&quot;\" \/>\n<meta property=\"og:url\" content=\"https:\/\/www.feketeszakallkalandpark.hu\/en\/osztalykirandulas-3\/\" \/>\n<meta property=\"og:site_name\" content=\"Feketeszak\u00e1ll \u00c9lm\u00e9nypark\" \/>\n<meta property=\"article:modified_time\" content=\"2026-02-09T19:44:29+00:00\" \/>\n<meta name=\"twitter:card\" content=\"summary_large_image\" \/>\n<meta name=\"twitter:label1\" content=\"Estimated reading time\" \/>\n\t<meta name=\"twitter:data1\" content=\"1 minute\" \/>\n<script type=\"application\/ld+json\" class=\"yoast-schema-graph\">{\"@context\":\"https:\\\/\\\/schema.org\",\"@graph\":[{\"@type\":\"WebPage\",\"@id\":\"https:\\\/\\\/www.feketeszakallkalandpark.hu\\\/osztalykirandulas-3\\\/\",\"url\":\"https:\\\/\\\/www.feketeszakallkalandpark.hu\\\/osztalykirandulas-3\\\/\",\"name\":\"Oszt\u00e1lykir\u00e1ndul\u00e1s - Feketeszak\u00e1ll \u00c9lm\u00e9nypark\",\"isPartOf\":{\"@id\":\"https:\\\/\\\/www.feketeszakallkalandpark.hu\\\/#website\"},\"datePublished\":\"2022-05-18T11:18:14+00:00\",\"dateModified\":\"2026-02-09T19:44:29+00:00\",\"breadcrumb\":{\"@id\":\"https:\\\/\\\/www.feketeszakallkalandpark.hu\\\/osztalykirandulas-3\\\/#breadcrumb\"},\"inLanguage\":\"en-GB\",\"potentialAction\":[{\"@type\":\"ReadAction\",\"target\":[\"https:\\\/\\\/www.feketeszakallkalandpark.hu\\\/osztalykirandulas-3\\\/\"]}]},{\"@type\":\"BreadcrumbList\",\"@id\":\"https:\\\/\\\/www.feketeszakallkalandpark.hu\\\/osztalykirandulas-3\\\/#breadcrumb\",\"itemListElement\":[{\"@type\":\"ListItem\",\"position\":1,\"name\":\"Home\",\"item\":\"https:\\\/\\\/www.feketeszakallkalandpark.hu\\\/\"},{\"@type\":\"ListItem\",\"position\":2,\"name\":\"Oszt\u00e1lykir\u00e1ndul\u00e1s\"}]},{\"@type\":\"WebSite\",\"@id\":\"https:\\\/\\\/www.feketeszakallkalandpark.hu\\\/#website\",\"url\":\"https:\\\/\\\/www.feketeszakallkalandpark.hu\\\/\",\"name\":\"Feketeszak\u00e1ll \u00c9lm\u00e9nypark\",\"description\":\"\u00c9lm\u00e9nypark \u00e9s Strand Tiszal\u00f6k\",\"potentialAction\":[{\"@type\":\"SearchAction\",\"target\":{\"@type\":\"EntryPoint\",\"urlTemplate\":\"https:\\\/\\\/www.feketeszakallkalandpark.hu\\\/?s={search_term_string}\"},\"query-input\":{\"@type\":\"PropertyValueSpecification\",\"valueRequired\":true,\"valueName\":\"search_term_string\"}}],\"inLanguage\":\"en-GB\"}]}<\/script>\n<!-- \/ Yoast SEO Premium plugin. -->","yoast_head_json":{"title":"Oszt\u00e1lykir\u00e1ndul\u00e1s - Feketeszak\u00e1ll \u00c9lm\u00e9nypark","robots":{"index":"index","follow":"follow","max-snippet":"max-snippet:-1","max-image-preview":"max-image-preview:large","max-video-preview":"max-video-preview:-1"},"canonical":"https:\/\/www.feketeszakallkalandpark.hu\/en\/osztalykirandulas-3\/","og_locale":"en_GB","og_type":"article","og_title":"Oszt\u00e1lykir\u00e1ndul\u00e1s","og_description":"Oszt\u00e1lykir\u00e1ndul\u00e1s Oszt\u00e1lykir\u00e1ndul\u00e1sra menn\u00e9tek, vagy a bar\u00e1tokkal, koll\u00e9g\u00e1kkal egy felejthetetlen csapat\u00e9p\u00edt\u00e9sre, de nincs \u00f6tletetek? Gyertek el hozz\u00e1nk \u00e9s garant\u00e1ltan ez lesz a ny\u00e1r legjobb \u00e9lm\u00e9nye! A Feketeszak\u00e1ll \u00c9lm\u00e9nypark \u00e9s Strand a legmegfelel\u0151bb v\u00e1laszt\u00e1s, ha eml\u00e9kezetes oszt\u00e1lykir\u00e1ndul\u00e1sra vagy csapat\u00e9p\u00edt\u00e9sre v\u00e1gytok! Koroszt\u00e1lyotoknak megfelel\u0151 programot k\u00edn\u00e1lunk sz\u00e1motokra, ak\u00e1r t\u00f6bb napra is, sz\u00e1ll\u00e1ssal, \u00e9tkez\u00e9ssel. Profi csapatunk gondoskodik, izgalmas csapat\u00e9p\u00edt\u0151 feladatokkal &hellip; Continue reading \"Oszt\u00e1lykir\u00e1ndul\u00e1s\"","og_url":"https:\/\/www.feketeszakallkalandpark.hu\/en\/osztalykirandulas-3\/","og_site_name":"Feketeszak\u00e1ll \u00c9lm\u00e9nypark","article_modified_time":"2026-02-09T19:44:29+00:00","twitter_card":"summary_large_image","twitter_misc":{"Estimated reading time":"1 minute"},"schema":{"@context":"https:\/\/schema.org","@graph":[{"@type":"WebPage","@id":"https:\/\/www.feketeszakallkalandpark.hu\/osztalykirandulas-3\/","url":"https:\/\/www.feketeszakallkalandpark.hu\/osztalykirandulas-3\/","name":"Oszt\u00e1lykir\u00e1ndul\u00e1s - Feketeszak\u00e1ll \u00c9lm\u00e9nypark","isPartOf":{"@id":"https:\/\/www.feketeszakallkalandpark.hu\/#website"},"datePublished":"2022-05-18T11:18:14+00:00","dateModified":"2026-02-09T19:44:29+00:00","breadcrumb":{"@id":"https:\/\/www.feketeszakallkalandpark.hu\/osztalykirandulas-3\/#breadcrumb"},"inLanguage":"en-GB","potentialAction":[{"@type":"ReadAction","target":["https:\/\/www.feketeszakallkalandpark.hu\/osztalykirandulas-3\/"]}]},{"@type":"BreadcrumbList","@id":"https:\/\/www.feketeszakallkalandpark.hu\/osztalykirandulas-3\/#breadcrumb","itemListElement":[{"@type":"ListItem","position":1,"name":"Home","item":"https:\/\/www.feketeszakallkalandpark.hu\/"},{"@type":"ListItem","position":2,"name":"Oszt\u00e1lykir\u00e1ndul\u00e1s"}]},{"@type":"WebSite","@id":"https:\/\/www.feketeszakallkalandpark.hu\/#website","url":"https:\/\/www.feketeszakallkalandpark.hu\/","name":"Feketeszak\u00e1ll \u00c9lm\u00e9nypark","description":"\u00c9lm\u00e9nypark \u00e9s Strand Tiszal\u00f6k","potentialAction":[{"@type":"SearchAction","target":{"@type":"EntryPoint","urlTemplate":"https:\/\/www.feketeszakallkalandpark.hu\/?s={search_term_string}"},"query-input":{"@type":"PropertyValueSpecification","valueRequired":true,"valueName":"search_term_string"}}],"inLanguage":"en-GB"}]}},"_links":{"self":[{"href":"https:\/\/www.feketeszakallkalandpark.hu\/en\/wp-json\/wp\/v2\/pages\/4931","targetHints":{"allow":["GET"]}}],"collection":[{"href":"https:\/\/www.feketeszakallkalandpark.hu\/en\/wp-json\/wp\/v2\/pages"}],"about":[{"href":"https:\/\/www.feketeszakallkalandpark.hu\/en\/wp-json\/wp\/v2\/types\/page"}],"author":[{"embeddable":true,"href":"https:\/\/www.feketeszakallkalandpark.hu\/en\/wp-json\/wp\/v2\/users\/4"}],"replies":[{"embeddable":true,"href":"https:\/\/www.feketeszakallkalandpark.hu\/en\/wp-json\/wp\/v2\/comments?post=4931"}],"version-history":[{"count":3,"href":"https:\/\/www.feketeszakallkalandpark.hu\/en\/wp-json\/wp\/v2\/pages\/4931\/revisions"}],"predecessor-version":[{"id":5270,"href":"https:\/\/www.feketeszakallkalandpark.hu\/en\/wp-json\/wp\/v2\/pages\/4931\/revisions\/5270"}],"wp:attachment":[{"href":"https:\/\/www.feketeszakallkalandpark.hu\/en\/wp-json\/wp\/v2\/media?parent=4931"}],"curies":[{"name":"wp","href":"https:\/\/api.w.org\/{rel}","templated":true}]}}