{"id":4940,"date":"2022-05-23T19:54:25","date_gmt":"2022-05-23T19:54:25","guid":{"rendered":"https:\/\/www.feketeszakallkalandpark.hu\/?page_id=4940"},"modified":"2024-05-19T07:44:51","modified_gmt":"2024-05-19T07:44:51","slug":"lezerharc-szabalyzat","status":"publish","type":"page","link":"https:\/\/www.feketeszakallkalandpark.hu\/en\/lezerharc-szabalyzat\/","title":{"rendered":"A Feketeszak\u00e1ll \u00c9lm\u00e9nypark L\u00e9zerharc p\u00e1ly\u00e1j\u00e1nak szab\u00e1lyzata"},"content":{"rendered":"<div class=\"\" style=\"\" >\n    \n    <section class=\"u-clearfix u-section-2\" id=\"sec-9239\">\n      <div class=\"u-clearfix u-sheet u-sheet-1\">\n        <h3 class=\"u-align-center u-text u-text-1\"> Rules of the Blackbeard Experience Park Laser Fighting Course<\/h3>\n        <p class=\"u-align-left u-text u-text-2\">\n          <span style=\"font-weight: 700;\"> Dear Guests!<\/span>\n          <br>\n          <br>Before using the Laser Fighting Games, please read carefully the service rules, which must be fully respected by all our guests! By using the equipment, you acknowledge that you have read and accept the rules and regulations and that they are binding on you.<br>\n          <br>1. The area of the track suitable for the use of the device is determined by the animators. <br>2. You may enter and stay on the course or use the equipment only at your own risk, after signing the relevant \"Declaration of Responsibility\", wearing a valid wristband and within the time limit of the wristband. Otherwise, it is strictly FORBIDDEN to be on the course and to use the equipment! <br>3. Persons under the influence of alcohol, drugs or other mind-altering intoxicants are NOT permitted to enter or remain on the course or to use the equipment. <br>4. Persons under the age of 10 are not allowed on the course and are NOT allowed to fight with or use the Laser. <br>5. Persons over the age of 10 but under the age of 18 must have parental permission to be on the course! <br>6. Entering and staying on the course is only allowed with closed shoes and properly closed clothing and wearing a safety helmet, otherwise it is FORBIDDEN! <br>7. It is strictly FORBIDDEN to bring sharp or piercing objects (in particular, but not limited to knives, etc...) onto the course area! <br>8. In order to protect the life and physical safety of all persons on the course, everyone is obliged to pay due attention to others! <br>9. Everyone must obey the instructions of the staff in charge of the pitch and the games! <br>10. It is FORBIDDEN to leave the track area with your equipment! <br>11. It is strictly FORBIDDEN to hit the other player or any other object with the equipment, or to subject the equipment to any kind of force! <br>12. It is everyone's responsibility to protect their equipment from pollution! <br>13. In the event of intentional or negligent damage to the equipment, all guests are liable for damages. <br>\n          <br>\n        <\/p>\n      <\/div>\n    <\/section>\n    \n    \n    \n  \n<\/div>","protected":false},"excerpt":{"rendered":"<p>A Feketeszak\u00e1ll \u00c9lm\u00e9nypark L\u00e9zerharc P\u00e1ly\u00e1j\u00e1nak Szab\u00e1lyzata Tisztelt Vend\u00e9geink! K\u00e9rj\u00fck, hogy a L\u00e9zerharc j\u00e1t\u00e9kok haszn\u00e1lat\u00e1t megel\u0151z\u0151en figyelmesen olvass\u00e1k el a szolg\u00e1ltat\u00f3i szab\u00e1lyzatot, amelynek marad\u00e9ktalan betart\u00e1sa minden vend\u00e9g\u00fcnk sz\u00e1m\u00e1ra k\u00f6telez\u0151! Az eszk\u00f6z\u00f6k haszn\u00e1latba v\u00e9tel\u00e9vel \u00d6n\u00f6k elismerik, hogy a szab\u00e1lyzatban foglaltakat megismert\u00e9k \u00e9s magukra n\u00e9zve k\u00f6telez\u0151 \u00e9rv\u00e9ny\u0171nek elfogadj\u00e1k. 1. Az eszk\u00f6z haszn\u00e1lat\u00e1ra alkalmas p\u00e1lya ter\u00fclet\u00e9t az anim\u00e1torok hat\u00e1rozz\u00e1k &hellip; <a href=\"https:\/\/www.feketeszakallkalandpark.hu\/en\/lezerharc-szabalyzat\/\" class=\"more-link\">Continue reading<span class=\"screen-reader-text\"> &#8222;A Feketeszak\u00e1ll \u00c9lm\u00e9nypark L\u00e9zerharc p\u00e1ly\u00e1j\u00e1nak szab\u00e1lyzata&#8221;<\/span><\/a><\/p>","protected":false},"author":4,"featured_media":0,"parent":0,"menu_order":0,"comment_status":"closed","ping_status":"closed","template":"","meta":{"footnotes":""},"class_list":["post-4940","page","type-page","status-publish","hentry"],"yoast_head":"<!-- This site is optimized with the Yoast SEO Premium plugin v27.4 (Yoast SEO v27.4) - https:\/\/yoast.com\/product\/yoast-seo-premium-wordpress\/ -->\n<title>A Feketeszak\u00e1ll \u00c9lm\u00e9nypark L\u00e9zerharc p\u00e1ly\u00e1j\u00e1nak szab\u00e1lyzata - Feketeszak\u00e1ll \u00c9lm\u00e9nypark<\/title>\n<meta name=\"robots\" content=\"index, follow, max-snippet:-1, max-image-preview:large, max-video-preview:-1\" \/>\n<link rel=\"canonical\" href=\"https:\/\/www.feketeszakallkalandpark.hu\/en\/lezerharc-szabalyzat\/\" \/>\n<meta property=\"og:locale\" content=\"en_GB\" \/>\n<meta property=\"og:type\" content=\"article\" \/>\n<meta property=\"og:title\" content=\"A Feketeszak\u00e1ll \u00c9lm\u00e9nypark L\u00e9zerharc p\u00e1ly\u00e1j\u00e1nak szab\u00e1lyzata\" \/>\n<meta property=\"og:description\" content=\"A Feketeszak\u00e1ll \u00c9lm\u00e9nypark L\u00e9zerharc P\u00e1ly\u00e1j\u00e1nak Szab\u00e1lyzata Tisztelt Vend\u00e9geink! K\u00e9rj\u00fck, hogy a L\u00e9zerharc j\u00e1t\u00e9kok haszn\u00e1lat\u00e1t megel\u0151z\u0151en figyelmesen olvass\u00e1k el a szolg\u00e1ltat\u00f3i szab\u00e1lyzatot, amelynek marad\u00e9ktalan betart\u00e1sa minden vend\u00e9g\u00fcnk sz\u00e1m\u00e1ra k\u00f6telez\u0151! Az eszk\u00f6z\u00f6k haszn\u00e1latba v\u00e9tel\u00e9vel \u00d6n\u00f6k elismerik, hogy a szab\u00e1lyzatban foglaltakat megismert\u00e9k \u00e9s magukra n\u00e9zve k\u00f6telez\u0151 \u00e9rv\u00e9ny\u0171nek elfogadj\u00e1k. 1. Az eszk\u00f6z haszn\u00e1lat\u00e1ra alkalmas p\u00e1lya ter\u00fclet\u00e9t az anim\u00e1torok hat\u00e1rozz\u00e1k &hellip; Continue reading &quot;A Feketeszak\u00e1ll \u00c9lm\u00e9nypark L\u00e9zerharc p\u00e1ly\u00e1j\u00e1nak szab\u00e1lyzata&quot;\" \/>\n<meta property=\"og:url\" content=\"https:\/\/www.feketeszakallkalandpark.hu\/en\/lezerharc-szabalyzat\/\" \/>\n<meta property=\"og:site_name\" content=\"Feketeszak\u00e1ll \u00c9lm\u00e9nypark\" \/>\n<meta property=\"article:modified_time\" content=\"2024-05-19T07:44:51+00:00\" \/>\n<meta name=\"twitter:card\" content=\"summary_large_image\" \/>\n<meta name=\"twitter:label1\" content=\"Estimated reading time\" \/>\n\t<meta name=\"twitter:data1\" content=\"2 minutes\" \/>\n<script type=\"application\/ld+json\" class=\"yoast-schema-graph\">{\"@context\":\"https:\\\/\\\/schema.org\",\"@graph\":[{\"@type\":\"WebPage\",\"@id\":\"https:\\\/\\\/www.feketeszakallkalandpark.hu\\\/lezerharc-szabalyzat\\\/\",\"url\":\"https:\\\/\\\/www.feketeszakallkalandpark.hu\\\/lezerharc-szabalyzat\\\/\",\"name\":\"A Feketeszak\u00e1ll \u00c9lm\u00e9nypark L\u00e9zerharc p\u00e1ly\u00e1j\u00e1nak szab\u00e1lyzata - Feketeszak\u00e1ll \u00c9lm\u00e9nypark\",\"isPartOf\":{\"@id\":\"https:\\\/\\\/www.feketeszakallkalandpark.hu\\\/#website\"},\"datePublished\":\"2022-05-23T19:54:25+00:00\",\"dateModified\":\"2024-05-19T07:44:51+00:00\",\"breadcrumb\":{\"@id\":\"https:\\\/\\\/www.feketeszakallkalandpark.hu\\\/lezerharc-szabalyzat\\\/#breadcrumb\"},\"inLanguage\":\"en-GB\",\"potentialAction\":[{\"@type\":\"ReadAction\",\"target\":[\"https:\\\/\\\/www.feketeszakallkalandpark.hu\\\/lezerharc-szabalyzat\\\/\"]}]},{\"@type\":\"BreadcrumbList\",\"@id\":\"https:\\\/\\\/www.feketeszakallkalandpark.hu\\\/lezerharc-szabalyzat\\\/#breadcrumb\",\"itemListElement\":[{\"@type\":\"ListItem\",\"position\":1,\"name\":\"Home\",\"item\":\"https:\\\/\\\/www.feketeszakallkalandpark.hu\\\/\"},{\"@type\":\"ListItem\",\"position\":2,\"name\":\"A Feketeszak\u00e1ll \u00c9lm\u00e9nypark L\u00e9zerharc p\u00e1ly\u00e1j\u00e1nak szab\u00e1lyzata\"}]},{\"@type\":\"WebSite\",\"@id\":\"https:\\\/\\\/www.feketeszakallkalandpark.hu\\\/#website\",\"url\":\"https:\\\/\\\/www.feketeszakallkalandpark.hu\\\/\",\"name\":\"Feketeszak\u00e1ll \u00c9lm\u00e9nypark\",\"description\":\"\u00c9lm\u00e9nypark \u00e9s Strand Tiszal\u00f6k\",\"potentialAction\":[{\"@type\":\"SearchAction\",\"target\":{\"@type\":\"EntryPoint\",\"urlTemplate\":\"https:\\\/\\\/www.feketeszakallkalandpark.hu\\\/?s={search_term_string}\"},\"query-input\":{\"@type\":\"PropertyValueSpecification\",\"valueRequired\":true,\"valueName\":\"search_term_string\"}}],\"inLanguage\":\"en-GB\"}]}<\/script>\n<!-- \/ Yoast SEO Premium plugin. -->","yoast_head_json":{"title":"A Feketeszak\u00e1ll \u00c9lm\u00e9nypark L\u00e9zerharc p\u00e1ly\u00e1j\u00e1nak szab\u00e1lyzata - Feketeszak\u00e1ll \u00c9lm\u00e9nypark","robots":{"index":"index","follow":"follow","max-snippet":"max-snippet:-1","max-image-preview":"max-image-preview:large","max-video-preview":"max-video-preview:-1"},"canonical":"https:\/\/www.feketeszakallkalandpark.hu\/en\/lezerharc-szabalyzat\/","og_locale":"en_GB","og_type":"article","og_title":"A Feketeszak\u00e1ll \u00c9lm\u00e9nypark L\u00e9zerharc p\u00e1ly\u00e1j\u00e1nak szab\u00e1lyzata","og_description":"A Feketeszak\u00e1ll \u00c9lm\u00e9nypark L\u00e9zerharc P\u00e1ly\u00e1j\u00e1nak Szab\u00e1lyzata Tisztelt Vend\u00e9geink! K\u00e9rj\u00fck, hogy a L\u00e9zerharc j\u00e1t\u00e9kok haszn\u00e1lat\u00e1t megel\u0151z\u0151en figyelmesen olvass\u00e1k el a szolg\u00e1ltat\u00f3i szab\u00e1lyzatot, amelynek marad\u00e9ktalan betart\u00e1sa minden vend\u00e9g\u00fcnk sz\u00e1m\u00e1ra k\u00f6telez\u0151! Az eszk\u00f6z\u00f6k haszn\u00e1latba v\u00e9tel\u00e9vel \u00d6n\u00f6k elismerik, hogy a szab\u00e1lyzatban foglaltakat megismert\u00e9k \u00e9s magukra n\u00e9zve k\u00f6telez\u0151 \u00e9rv\u00e9ny\u0171nek elfogadj\u00e1k. 1. Az eszk\u00f6z haszn\u00e1lat\u00e1ra alkalmas p\u00e1lya ter\u00fclet\u00e9t az anim\u00e1torok hat\u00e1rozz\u00e1k &hellip; Continue reading \"A Feketeszak\u00e1ll \u00c9lm\u00e9nypark L\u00e9zerharc p\u00e1ly\u00e1j\u00e1nak szab\u00e1lyzata\"","og_url":"https:\/\/www.feketeszakallkalandpark.hu\/en\/lezerharc-szabalyzat\/","og_site_name":"Feketeszak\u00e1ll \u00c9lm\u00e9nypark","article_modified_time":"2024-05-19T07:44:51+00:00","twitter_card":"summary_large_image","twitter_misc":{"Estimated reading time":"2 minutes"},"schema":{"@context":"https:\/\/schema.org","@graph":[{"@type":"WebPage","@id":"https:\/\/www.feketeszakallkalandpark.hu\/lezerharc-szabalyzat\/","url":"https:\/\/www.feketeszakallkalandpark.hu\/lezerharc-szabalyzat\/","name":"A Feketeszak\u00e1ll \u00c9lm\u00e9nypark L\u00e9zerharc p\u00e1ly\u00e1j\u00e1nak szab\u00e1lyzata - Feketeszak\u00e1ll \u00c9lm\u00e9nypark","isPartOf":{"@id":"https:\/\/www.feketeszakallkalandpark.hu\/#website"},"datePublished":"2022-05-23T19:54:25+00:00","dateModified":"2024-05-19T07:44:51+00:00","breadcrumb":{"@id":"https:\/\/www.feketeszakallkalandpark.hu\/lezerharc-szabalyzat\/#breadcrumb"},"inLanguage":"en-GB","potentialAction":[{"@type":"ReadAction","target":["https:\/\/www.feketeszakallkalandpark.hu\/lezerharc-szabalyzat\/"]}]},{"@type":"BreadcrumbList","@id":"https:\/\/www.feketeszakallkalandpark.hu\/lezerharc-szabalyzat\/#breadcrumb","itemListElement":[{"@type":"ListItem","position":1,"name":"Home","item":"https:\/\/www.feketeszakallkalandpark.hu\/"},{"@type":"ListItem","position":2,"name":"A Feketeszak\u00e1ll \u00c9lm\u00e9nypark L\u00e9zerharc p\u00e1ly\u00e1j\u00e1nak szab\u00e1lyzata"}]},{"@type":"WebSite","@id":"https:\/\/www.feketeszakallkalandpark.hu\/#website","url":"https:\/\/www.feketeszakallkalandpark.hu\/","name":"Feketeszak\u00e1ll \u00c9lm\u00e9nypark","description":"\u00c9lm\u00e9nypark \u00e9s Strand Tiszal\u00f6k","potentialAction":[{"@type":"SearchAction","target":{"@type":"EntryPoint","urlTemplate":"https:\/\/www.feketeszakallkalandpark.hu\/?s={search_term_string}"},"query-input":{"@type":"PropertyValueSpecification","valueRequired":true,"valueName":"search_term_string"}}],"inLanguage":"en-GB"}]}},"_links":{"self":[{"href":"https:\/\/www.feketeszakallkalandpark.hu\/en\/wp-json\/wp\/v2\/pages\/4940","targetHints":{"allow":["GET"]}}],"collection":[{"href":"https:\/\/www.feketeszakallkalandpark.hu\/en\/wp-json\/wp\/v2\/pages"}],"about":[{"href":"https:\/\/www.feketeszakallkalandpark.hu\/en\/wp-json\/wp\/v2\/types\/page"}],"author":[{"embeddable":true,"href":"https:\/\/www.feketeszakallkalandpark.hu\/en\/wp-json\/wp\/v2\/users\/4"}],"replies":[{"embeddable":true,"href":"https:\/\/www.feketeszakallkalandpark.hu\/en\/wp-json\/wp\/v2\/comments?post=4940"}],"version-history":[{"count":4,"href":"https:\/\/www.feketeszakallkalandpark.hu\/en\/wp-json\/wp\/v2\/pages\/4940\/revisions"}],"predecessor-version":[{"id":5189,"href":"https:\/\/www.feketeszakallkalandpark.hu\/en\/wp-json\/wp\/v2\/pages\/4940\/revisions\/5189"}],"wp:attachment":[{"href":"https:\/\/www.feketeszakallkalandpark.hu\/en\/wp-json\/wp\/v2\/media?parent=4940"}],"curies":[{"name":"wp","href":"https:\/\/api.w.org\/{rel}","templated":true}]}}