{"id":4968,"date":"2022-05-30T07:50:12","date_gmt":"2022-05-30T07:50:12","guid":{"rendered":"https:\/\/www.feketeszakallkalandpark.hu\/?page_id=4968"},"modified":"2023-08-27T13:03:13","modified_gmt":"2023-08-27T13:03:13","slug":"grill-terasz","status":"publish","type":"page","link":"https:\/\/www.feketeszakallkalandpark.hu\/en\/grill-terasz\/","title":{"rendered":"Grill Terrace"},"content":{"rendered":"<div class=\"\" style=\"\" >\n    \n    <section class=\"u-align-center u-clearfix u-image u-shading u-section-2\" id=\"carousel_e520\" data-image-width=\"1600\" data-image-height=\"1200\" style=\"background-image: linear-gradient(0deg, rgba(0, 0, 0, 0.1), rgba(0, 0, 0, 0.1)), url(&quot;https:\/\/www.feketeszakallkalandpark.hu\/wp-content\/uploads\/2022\/05\/IMG_8176.jpg&quot;);\">\n      <div class=\"u-clearfix u-sheet u-sheet-1\">\n        <div class=\"u-align-center u-container-style u-group u-shape-rectangle u-group-1\">\n          <div class=\"u-container-layout\">\n            <h6 class=\"u-text u-text-1\">Grill Terrace<\/h6>\n            <p class=\"u-text u-text-2\"><b><\/b><b>Tiszal\u00f6k small-scale grill cheese, fish, excellent Italian coffee specialties and premium Hungarian wine\nselection await you at the Grill Terasz. And of course, our multi-award-winning hamburger made with\nHortob\u00e1gy Angus beef and Irish cheddar cheese, with most of the ingredients - from the red onion\njam, to the buck and homemade sauces - created by us!<\/b>\n            <\/p>\n            <div class=\"u-social-icons u-spacing-42 u-social-icons-1\">\n              <a class=\"u-social-url\" target=\"_blank\" href=\"https:\/\/www.facebook.com\/feketeszakallkalandpark\" title=\"\"><span class=\"u-icon u-icon-circle u-social-facebook u-social-icon u-icon-1\"><svg class=\"u-svg-link\" preserveaspectratio=\"xMidYMin slice\" viewbox=\"0 0 112 112\" style=\"\"><use xlink:href=\"#svg-344d\"><\/use><\/svg><svg xmlns=\"http:\/\/www.w3.org\/2000\/svg\" xmlns:xlink=\"http:\/\/www.w3.org\/1999\/xlink\" version=\"1.1\" xml:space=\"preserve\" class=\"u-svg-content\" viewbox=\"0 0 112 112\" x=\"0px\" y=\"0px\" id=\"svg-344d\"><path d=\"M75.5,28.8H65.4c-1.5,0-4,0.9-4,4.3v9.4h13.9l-1.5,15.8H61.4v45.1H42.8V58.3h-8.8V42.4h8.8V32.2 c0-7.4,3.4-18.8,18.8-18.8h13.8v15.4H75.5z\"><\/path><\/svg><\/span>\n              <\/a>\n              <a class=\"u-social-url\" target=\"_blank\" href=\"http:\/\/instagram.com\/feketeszakallelmenypark\" title=\"\"><span class=\"u-icon u-icon-circle u-social-icon u-social-instagram u-icon-2\"><svg class=\"u-svg-link\" preserveaspectratio=\"xMidYMin slice\" viewbox=\"0 0 112 112\" style=\"\"><use xlink:href=\"#svg-a614\"><\/use><\/svg><svg xmlns=\"http:\/\/www.w3.org\/2000\/svg\" xmlns:xlink=\"http:\/\/www.w3.org\/1999\/xlink\" version=\"1.1\" xml:space=\"preserve\" class=\"u-svg-content\" viewbox=\"0 0 112 112\" x=\"0px\" y=\"0px\" id=\"svg-a614\"><path d=\"M55.9,32.9c-12.8,0-23.2,10.4-23.2,23.2s10.4,23.2,23.2,23.2s23.2-10.4,23.2-23.2S68.7,32.9,55.9,32.9z M55.9,69.4c-7.4,0-13.3-6-13.3-13.3c-0.1-7.4,6-13.3,13.3-13.3s13.3,6,13.3,13.3C69.3,63.5,63.3,69.4,55.9,69.4z\"><\/path><path d=\"M79.7,26.8c-3,0-5.4,2.5-5.4,5.4s2.5,5.4,5.4,5.4c3,0,5.4-2.5,5.4-5.4S82.7,26.8,79.7,26.8z\"><\/path><path d=\"M78.2,11H33.5C21,11,10.8,21.3,10.8,33.7v44.7c0,12.6,10.2,22.8,22.7,22.8h44.7c12.6,0,22.7-10.2,22.7-22.7 V33.7C100.8,21.1,90.6,11,78.2,11z M91,78.4c0,7.1-5.8,12.8-12.8,12.8H33.5c-7.1,0-12.8-5.8-12.8-12.8V33.7 c0-7.1,5.8-12.8,12.8-12.8h44.7c7.1,0,12.8,5.8,12.8,12.8V78.4z\"><\/path><\/svg><\/span>\n              <\/a>\n            <\/div>\n          <\/div>\n        <\/div>\n      <\/div>\n    <\/section>\n    <section class=\"u-align-center u-clearfix u-section-3\" id=\"sec-ba81\">\n      <div class=\"u-clearfix u-sheet u-sheet-1\">\n        <img decoding=\"async\" class=\"u-image u-image-round u-radius-10 u-image-1\" src=\"https:\/\/www.feketeszakallkalandpark.hu\/wp-content\/uploads\/2022\/06\/128_JEB1631-scaled.jpg\" alt=\"\" data-image-width=\"2560\" data-image-height=\"1707\">\n        <p class=\"u-large-text u-text u-text-variant u-text-1\"><b>Our burgers were also awarded in four categories at the <span class=\"u-text-custom-color-2\">Saft'n'Burger<\/span> 2021 competition. <\/b>\n        <\/p>\n      <\/div>\n    <\/section>\n    <section class=\"u-align-center u-clearfix u-section-4\" id=\"sec-fe6f\">\n      <div class=\"u-clearfix u-sheet u-sheet-1\">\n        <p class=\"u-large-text u-text u-text-variant u-text-1\">\n          <span class=\"u-text-custom-color-3\"><b>Opening hours: Friday-Sunday 12:00-22:00 <\/b>\n          <\/span>\n        <\/p>\n      <\/div>\n    <\/section>\n    \n    \n    \n  \n<\/div>","protected":false},"excerpt":{"rendered":"<p>Grillterasz Tiszal\u00f6ki kistermel\u0151i grill sajt, halak, kiv\u00e1l\u00f3 olasz k\u00e1v\u00e9k\u00fcl\u00f6nlegess\u00e9gek \u00e9s pr\u00e9mium magyar bork\u00edn\u00e1lat v\u00e1r a Grill Teraszon. Na meg persze a t\u00f6bbsz\u00f6r\u00f6sen d\u00edjazott, Hortob\u00e1gy Angus marhah\u00fassal \u00e9s \u00edr cheddar sajttal k\u00e9sz\u00fclt hamburger\u00fcnk, amelynek a lehet\u0151 legt\u00f6bb elem\u00e9t &#8211; a lilahagyma lekv\u00e1rt\u00f3l, a bucin \u00e1t, a h\u00e1zi sz\u00f3szokig &#8211; mi alkotjuk meg! A burgereinket 2021-ben a &hellip; <a href=\"https:\/\/www.feketeszakallkalandpark.hu\/en\/grill-terasz\/\" class=\"more-link\">Continue reading<span class=\"screen-reader-text\"> &#8222;Grill Terasz&#8221;<\/span><\/a><\/p>","protected":false},"author":4,"featured_media":0,"parent":0,"menu_order":0,"comment_status":"closed","ping_status":"closed","template":"","meta":{"footnotes":""},"class_list":["post-4968","page","type-page","status-publish","hentry"],"yoast_head":"<!-- This site is optimized with the Yoast SEO Premium plugin v27.3 (Yoast SEO v27.3) - https:\/\/yoast.com\/product\/yoast-seo-premium-wordpress\/ -->\n<title>Grill Terasz - Feketeszak\u00e1ll \u00c9lm\u00e9nypark<\/title>\n<meta name=\"robots\" content=\"index, follow, max-snippet:-1, max-image-preview:large, max-video-preview:-1\" \/>\n<link rel=\"canonical\" href=\"https:\/\/www.feketeszakallkalandpark.hu\/en\/grill-terasz\/\" \/>\n<meta property=\"og:locale\" content=\"en_GB\" \/>\n<meta property=\"og:type\" content=\"article\" \/>\n<meta property=\"og:title\" content=\"Grill Terasz\" \/>\n<meta property=\"og:description\" content=\"Grillterasz Tiszal\u00f6ki kistermel\u0151i grill sajt, halak, kiv\u00e1l\u00f3 olasz k\u00e1v\u00e9k\u00fcl\u00f6nlegess\u00e9gek \u00e9s pr\u00e9mium magyar bork\u00edn\u00e1lat v\u00e1r a Grill Teraszon. Na meg persze a t\u00f6bbsz\u00f6r\u00f6sen d\u00edjazott, Hortob\u00e1gy Angus marhah\u00fassal \u00e9s \u00edr cheddar sajttal k\u00e9sz\u00fclt hamburger\u00fcnk, amelynek a lehet\u0151 legt\u00f6bb elem\u00e9t - a lilahagyma lekv\u00e1rt\u00f3l, a bucin \u00e1t, a h\u00e1zi sz\u00f3szokig - mi alkotjuk meg! A burgereinket 2021-ben a &hellip; Continue reading &quot;Grill Terasz&quot;\" \/>\n<meta property=\"og:url\" content=\"https:\/\/www.feketeszakallkalandpark.hu\/en\/grill-terasz\/\" \/>\n<meta property=\"og:site_name\" content=\"Feketeszak\u00e1ll \u00c9lm\u00e9nypark\" \/>\n<meta property=\"article:modified_time\" content=\"2023-08-27T13:03:13+00:00\" \/>\n<meta name=\"twitter:card\" content=\"summary_large_image\" \/>\n<script type=\"application\/ld+json\" class=\"yoast-schema-graph\">{\"@context\":\"https:\\\/\\\/schema.org\",\"@graph\":[{\"@type\":\"WebPage\",\"@id\":\"https:\\\/\\\/www.feketeszakallkalandpark.hu\\\/grill-terasz\\\/\",\"url\":\"https:\\\/\\\/www.feketeszakallkalandpark.hu\\\/grill-terasz\\\/\",\"name\":\"Grill Terasz - Feketeszak\u00e1ll \u00c9lm\u00e9nypark\",\"isPartOf\":{\"@id\":\"https:\\\/\\\/www.feketeszakallkalandpark.hu\\\/#website\"},\"datePublished\":\"2022-05-30T07:50:12+00:00\",\"dateModified\":\"2023-08-27T13:03:13+00:00\",\"breadcrumb\":{\"@id\":\"https:\\\/\\\/www.feketeszakallkalandpark.hu\\\/grill-terasz\\\/#breadcrumb\"},\"inLanguage\":\"en-GB\",\"potentialAction\":[{\"@type\":\"ReadAction\",\"target\":[\"https:\\\/\\\/www.feketeszakallkalandpark.hu\\\/grill-terasz\\\/\"]}]},{\"@type\":\"BreadcrumbList\",\"@id\":\"https:\\\/\\\/www.feketeszakallkalandpark.hu\\\/grill-terasz\\\/#breadcrumb\",\"itemListElement\":[{\"@type\":\"ListItem\",\"position\":1,\"name\":\"Home\",\"item\":\"https:\\\/\\\/www.feketeszakallkalandpark.hu\\\/\"},{\"@type\":\"ListItem\",\"position\":2,\"name\":\"Grill Terasz\"}]},{\"@type\":\"WebSite\",\"@id\":\"https:\\\/\\\/www.feketeszakallkalandpark.hu\\\/#website\",\"url\":\"https:\\\/\\\/www.feketeszakallkalandpark.hu\\\/\",\"name\":\"Feketeszak\u00e1ll \u00c9lm\u00e9nypark\",\"description\":\"\u00c9lm\u00e9nypark \u00e9s Strand Tiszal\u00f6k\",\"potentialAction\":[{\"@type\":\"SearchAction\",\"target\":{\"@type\":\"EntryPoint\",\"urlTemplate\":\"https:\\\/\\\/www.feketeszakallkalandpark.hu\\\/?s={search_term_string}\"},\"query-input\":{\"@type\":\"PropertyValueSpecification\",\"valueRequired\":true,\"valueName\":\"search_term_string\"}}],\"inLanguage\":\"en-GB\"}]}<\/script>\n<!-- \/ Yoast SEO Premium plugin. -->","yoast_head_json":{"title":"Grill Terasz - Feketeszak\u00e1ll \u00c9lm\u00e9nypark","robots":{"index":"index","follow":"follow","max-snippet":"max-snippet:-1","max-image-preview":"max-image-preview:large","max-video-preview":"max-video-preview:-1"},"canonical":"https:\/\/www.feketeszakallkalandpark.hu\/en\/grill-terasz\/","og_locale":"en_GB","og_type":"article","og_title":"Grill Terasz","og_description":"Grillterasz Tiszal\u00f6ki kistermel\u0151i grill sajt, halak, kiv\u00e1l\u00f3 olasz k\u00e1v\u00e9k\u00fcl\u00f6nlegess\u00e9gek \u00e9s pr\u00e9mium magyar bork\u00edn\u00e1lat v\u00e1r a Grill Teraszon. Na meg persze a t\u00f6bbsz\u00f6r\u00f6sen d\u00edjazott, Hortob\u00e1gy Angus marhah\u00fassal \u00e9s \u00edr cheddar sajttal k\u00e9sz\u00fclt hamburger\u00fcnk, amelynek a lehet\u0151 legt\u00f6bb elem\u00e9t - a lilahagyma lekv\u00e1rt\u00f3l, a bucin \u00e1t, a h\u00e1zi sz\u00f3szokig - mi alkotjuk meg! A burgereinket 2021-ben a &hellip; Continue reading \"Grill Terasz\"","og_url":"https:\/\/www.feketeszakallkalandpark.hu\/en\/grill-terasz\/","og_site_name":"Feketeszak\u00e1ll \u00c9lm\u00e9nypark","article_modified_time":"2023-08-27T13:03:13+00:00","twitter_card":"summary_large_image","schema":{"@context":"https:\/\/schema.org","@graph":[{"@type":"WebPage","@id":"https:\/\/www.feketeszakallkalandpark.hu\/grill-terasz\/","url":"https:\/\/www.feketeszakallkalandpark.hu\/grill-terasz\/","name":"Grill Terasz - Feketeszak\u00e1ll \u00c9lm\u00e9nypark","isPartOf":{"@id":"https:\/\/www.feketeszakallkalandpark.hu\/#website"},"datePublished":"2022-05-30T07:50:12+00:00","dateModified":"2023-08-27T13:03:13+00:00","breadcrumb":{"@id":"https:\/\/www.feketeszakallkalandpark.hu\/grill-terasz\/#breadcrumb"},"inLanguage":"en-GB","potentialAction":[{"@type":"ReadAction","target":["https:\/\/www.feketeszakallkalandpark.hu\/grill-terasz\/"]}]},{"@type":"BreadcrumbList","@id":"https:\/\/www.feketeszakallkalandpark.hu\/grill-terasz\/#breadcrumb","itemListElement":[{"@type":"ListItem","position":1,"name":"Home","item":"https:\/\/www.feketeszakallkalandpark.hu\/"},{"@type":"ListItem","position":2,"name":"Grill Terasz"}]},{"@type":"WebSite","@id":"https:\/\/www.feketeszakallkalandpark.hu\/#website","url":"https:\/\/www.feketeszakallkalandpark.hu\/","name":"Feketeszak\u00e1ll \u00c9lm\u00e9nypark","description":"\u00c9lm\u00e9nypark \u00e9s Strand Tiszal\u00f6k","potentialAction":[{"@type":"SearchAction","target":{"@type":"EntryPoint","urlTemplate":"https:\/\/www.feketeszakallkalandpark.hu\/?s={search_term_string}"},"query-input":{"@type":"PropertyValueSpecification","valueRequired":true,"valueName":"search_term_string"}}],"inLanguage":"en-GB"}]}},"_links":{"self":[{"href":"https:\/\/www.feketeszakallkalandpark.hu\/en\/wp-json\/wp\/v2\/pages\/4968","targetHints":{"allow":["GET"]}}],"collection":[{"href":"https:\/\/www.feketeszakallkalandpark.hu\/en\/wp-json\/wp\/v2\/pages"}],"about":[{"href":"https:\/\/www.feketeszakallkalandpark.hu\/en\/wp-json\/wp\/v2\/types\/page"}],"author":[{"embeddable":true,"href":"https:\/\/www.feketeszakallkalandpark.hu\/en\/wp-json\/wp\/v2\/users\/4"}],"replies":[{"embeddable":true,"href":"https:\/\/www.feketeszakallkalandpark.hu\/en\/wp-json\/wp\/v2\/comments?post=4968"}],"version-history":[{"count":9,"href":"https:\/\/www.feketeszakallkalandpark.hu\/en\/wp-json\/wp\/v2\/pages\/4968\/revisions"}],"predecessor-version":[{"id":5062,"href":"https:\/\/www.feketeszakallkalandpark.hu\/en\/wp-json\/wp\/v2\/pages\/4968\/revisions\/5062"}],"wp:attachment":[{"href":"https:\/\/www.feketeszakallkalandpark.hu\/en\/wp-json\/wp\/v2\/media?parent=4968"}],"curies":[{"name":"wp","href":"https:\/\/api.w.org\/{rel}","templated":true}]}}