{"id":5024,"date":"2022-06-28T22:28:04","date_gmt":"2022-06-28T22:28:04","guid":{"rendered":"https:\/\/www.feketeszakallkalandpark.hu\/?page_id=5024"},"modified":"2022-06-28T22:52:41","modified_gmt":"2022-06-28T22:52:41","slug":"gasztronomiank","status":"publish","type":"page","link":"https:\/\/www.feketeszakallkalandpark.hu\/en\/gasztronomiank\/","title":{"rendered":"Gastronomy"},"content":{"rendered":"<div class=\"\" style=\"\" >\n    \n    <section class=\"u-clearfix u-section-2\" id=\"sec-2adc\">\n      <div class=\"u-clearfix u-sheet u-valign-middle u-sheet-1\">\n        <div class=\"fr-view u-align-center u-clearfix u-rich-text u-text u-text-1\">\n          <h3 style=\"text-align: center;\">Gastronomy<\/h3>\n          <p id=\"isPasted\">\n            <span style=\"font-size: 1.125rem;\">At Blackbeard Experience Park, everything is made locally from premium, high-quality ingredients, often sourced from local small-scale producers.&nbsp;<\/span>\n          <\/p>\n          <p>\n            <span style=\"font-size: 1.125rem;\">Selected Hungarian wines, award-winning homemade hamburgers, Italian coffee specialities, artisanal ice cream, delicious fresh baked goods, classic beach dishes... these are just a few of the delicacies on offer. And for the more gourmets, our weekend offer includes Hungarian and international cuisine.<\/span>\n          <\/p>\n          <p>\n            <img decoding=\"async\" src=\"https:\/\/www.feketeszakallkalandpark.hu\/wp-content\/uploads\/2022\/06\/122_JEB1586-3-scaled.jpg\" width=\"570\" style=\"width: 570px;\" class=\"fr-dib fr-fic\">\n          <\/p>\n          <p style=\"text-align: center;\">\n            <span style=\"line-height: 2.0;\">\n              <span style=\"font-size: 1.125rem;\">The quality is guaranteed by the renowned experts and chefs of the Hungarian gastronomic world, who change from year to year and who are present as mentors. It's important to us that dining out is not just a routine, but a real feast; an experience worth returning for.<\/span>\n            <\/span>\n          <\/p>\n          <hr>\n          <p>\n            <span style=\"font-size: 1.125rem;\">Catering facilities in the area:<\/span>\n          <\/p>\n          <p>\n            <span style=\"font-size: 1.125rem;\">Food Bar<\/span>\n          <\/p>\n          <p>\n            <span style=\"font-size: 1.125rem;\">Grill Terrace<\/span>\n          <\/p>\n          <p>\n            <span style=\"font-size: 1.125rem;\">Artisan ice-cream parlour<\/span>\n          <\/p>\n          <p>\n            <span style=\"font-size: 1.125rem;\">TAT Bistro<\/span>\n          <\/p>\n        <\/div>\n      <\/div>\n    <\/section>\n    <section class=\"u-clearfix u-section-3\" id=\"sec-c895\">\n      <div class=\"u-clearfix u-sheet u-sheet-1\">\n        <div class=\"u-expanded-width u-layout-grid u-list u-list-1\">\n          <div class=\"u-repeater u-repeater-1\">\n            <div class=\"u-container-style u-list-item u-repeater-item\">\n              <div class=\"u-container-layout u-similar-container u-container-layout-1\">\n                <img decoding=\"async\" class=\"u-image u-image-default u-image-1\" src=\"https:\/\/www.feketeszakallkalandpark.hu\/wp-content\/uploads\/2022\/05\/IMG_8229.jpg\" alt=\"\" data-image-width=\"1600\" data-image-height=\"1200\" data-href=\"https:\/\/www.feketeszakallkalandpark.hu\/etelbar\/\" title=\"Food Bar\">\n                <p class=\"u-text u-text-default u-text-1\">\n                  <a class=\"u-active-none u-border-none u-btn u-button-link u-button-style u-hover-none u-none u-text-custom-color-3 u-btn-1\" href=\"https:\/\/www.feketeszakallkalandpark.hu\/en\/etelbar\/\">Food Bar<\/a>\n                <\/p>\n              <\/div>\n            <\/div>\n            <div class=\"u-container-style u-list-item u-repeater-item\">\n              <div class=\"u-container-layout u-similar-container u-container-layout-2\">\n                <img decoding=\"async\" class=\"u-image u-image-default u-image-2\" src=\"https:\/\/www.feketeszakallkalandpark.hu\/wp-content\/uploads\/2022\/05\/IMG_8176.jpg\" alt=\"\" data-image-width=\"1600\" data-image-height=\"1200\" data-href=\"https:\/\/www.feketeszakallkalandpark.hu\/grill-terasz\/\" title=\"Grill Terrace\">\n                <p class=\"u-text u-text-default u-text-2\">\n                  <a class=\"u-active-none u-border-none u-btn u-button-link u-button-style u-hover-none u-none u-text-custom-color-3 u-btn-2\" href=\"https:\/\/www.feketeszakallkalandpark.hu\/en\/grill-terasz\/\">Grill Terrace<\/a>\n                <\/p>\n              <\/div>\n            <\/div>\n            <div class=\"u-container-style u-list-item u-repeater-item\">\n              <div class=\"u-container-layout u-similar-container u-container-layout-3\">\n                <img decoding=\"async\" class=\"u-image u-image-default u-image-3\" src=\"https:\/\/www.feketeszakallkalandpark.hu\/wp-content\/uploads\/2022\/06\/086_JEB1040-scaled.jpg\" alt=\"\" data-image-width=\"2560\" data-image-height=\"1707\" data-href=\"https:\/\/www.feketeszakallkalandpark.hu\/fagylaltozo\/\" title=\"Fagylaltoz\u00f3\">\n                <p class=\"u-text u-text-default u-text-3\">\n                  <a class=\"u-active-none u-border-none u-btn u-button-link u-button-style u-hover-none u-none u-text-custom-color-3 u-btn-3\" href=\"https:\/\/www.feketeszakallkalandpark.hu\/en\/fagylaltozo\/\">Artisan ice-cream parlour<\/a>\n                <\/p>\n              <\/div>\n            <\/div>\n            <div class=\"u-container-style u-list-item u-repeater-item\">\n              <div class=\"u-container-layout u-similar-container u-container-layout-4\">\n                <img decoding=\"async\" class=\"u-image u-image-default u-image-4\" src=\"https:\/\/www.feketeszakallkalandpark.hu\/wp-content\/uploads\/2021\/06\/TATVILGOS-1-scaled.jpg\" alt=\"\" data-image-width=\"2560\" data-image-height=\"1918\" data-href=\"https:\/\/www.feketeszakallkalandpark.hu\/tatbistro\/\" title=\"TAT Bistro \u00e9s Wine bar\">\n                <p class=\"u-text u-text-default u-text-4\">\n                  <a class=\"u-active-none u-border-none u-btn u-button-link u-button-style u-hover-none u-none u-text-custom-color-3 u-btn-4\" href=\"https:\/\/www.feketeszakallkalandpark.hu\/en\/tatbistro\/\">TAT Bistro<\/a>\n                <\/p>\n              <\/div>\n            <\/div>\n          <\/div>\n        <\/div>\n      <\/div>\n    <\/section>\n    \n    \n  \n<\/div>","protected":false},"excerpt":{"rendered":"<p>Gasztron\u00f3mi\u00e1nk A Feketeszak\u00e1ll \u00c9lm\u00e9nyparkban mindent helyben, kiv\u00e1l\u00f3 min\u0151s\u00e9g\u0171, pr\u00e9mium alapanyagokb\u00f3l k\u00e9sz\u00edt\u00fcnk, amiket gyakran helyi kistermel\u0151kt\u0151l szerz\u00fcnk be.&nbsp; V\u00e1logatott magyar borok, d\u00edjnyertes h\u00e1zi hamburger, olasz k\u00e1v\u00e9k\u00fcl\u00f6nlegess\u00e9gek, k\u00e9zm\u0171ves fagylalt, \u00edzletes frissens\u00fcltek, klasszikus strandos \u00e9telek\u2026 ez csak n\u00e9h\u00e1ny finoms\u00e1g a gasztron\u00f3miai k\u00edn\u00e1latunkb\u00f3l. Az \u00ednyencebbek sz\u00e1m\u00e1ra pedig a h\u00e9tv\u00e9gi aj\u00e1nlatunk keret\u00e9ben a magyar \u00e9s a nemzetk\u00f6zi konyha \u00e9telk\u00fcl\u00f6nlegess\u00e9geivel v\u00e1rjuk &hellip; <a href=\"https:\/\/www.feketeszakallkalandpark.hu\/en\/gasztronomiank\/\" class=\"more-link\">Continue reading<span class=\"screen-reader-text\"> &#8222;Gasztron\u00f3mi\u00e1nk&#8221;<\/span><\/a><\/p>","protected":false},"author":4,"featured_media":0,"parent":0,"menu_order":0,"comment_status":"closed","ping_status":"closed","template":"","meta":{"footnotes":""},"class_list":["post-5024","page","type-page","status-publish","hentry"],"yoast_head":"<!-- This site is optimized with the Yoast SEO Premium plugin v27.3 (Yoast SEO v27.3) - https:\/\/yoast.com\/product\/yoast-seo-premium-wordpress\/ -->\n<title>Gasztron\u00f3mi\u00e1nk - Feketeszak\u00e1ll \u00c9lm\u00e9nypark<\/title>\n<meta name=\"robots\" content=\"index, follow, max-snippet:-1, max-image-preview:large, max-video-preview:-1\" \/>\n<link rel=\"canonical\" href=\"https:\/\/www.feketeszakallkalandpark.hu\/en\/gasztronomiank\/\" \/>\n<meta property=\"og:locale\" content=\"en_GB\" \/>\n<meta property=\"og:type\" content=\"article\" \/>\n<meta property=\"og:title\" content=\"Gasztron\u00f3mi\u00e1nk\" \/>\n<meta property=\"og:description\" content=\"Gasztron\u00f3mi\u00e1nk A Feketeszak\u00e1ll \u00c9lm\u00e9nyparkban mindent helyben, kiv\u00e1l\u00f3 min\u0151s\u00e9g\u0171, pr\u00e9mium alapanyagokb\u00f3l k\u00e9sz\u00edt\u00fcnk, amiket gyakran helyi kistermel\u0151kt\u0151l szerz\u00fcnk be.&nbsp; V\u00e1logatott magyar borok, d\u00edjnyertes h\u00e1zi hamburger, olasz k\u00e1v\u00e9k\u00fcl\u00f6nlegess\u00e9gek, k\u00e9zm\u0171ves fagylalt, \u00edzletes frissens\u00fcltek, klasszikus strandos \u00e9telek\u2026 ez csak n\u00e9h\u00e1ny finoms\u00e1g a gasztron\u00f3miai k\u00edn\u00e1latunkb\u00f3l. Az \u00ednyencebbek sz\u00e1m\u00e1ra pedig a h\u00e9tv\u00e9gi aj\u00e1nlatunk keret\u00e9ben a magyar \u00e9s a nemzetk\u00f6zi konyha \u00e9telk\u00fcl\u00f6nlegess\u00e9geivel v\u00e1rjuk &hellip; Continue reading &quot;Gasztron\u00f3mi\u00e1nk&quot;\" \/>\n<meta property=\"og:url\" content=\"https:\/\/www.feketeszakallkalandpark.hu\/en\/gasztronomiank\/\" \/>\n<meta property=\"og:site_name\" content=\"Feketeszak\u00e1ll \u00c9lm\u00e9nypark\" \/>\n<meta property=\"article:modified_time\" content=\"2022-06-28T22:52:41+00:00\" \/>\n<meta name=\"twitter:card\" content=\"summary_large_image\" \/>\n<meta name=\"twitter:label1\" content=\"Estimated reading time\" \/>\n\t<meta name=\"twitter:data1\" content=\"1 minute\" \/>\n<script type=\"application\/ld+json\" class=\"yoast-schema-graph\">{\"@context\":\"https:\\\/\\\/schema.org\",\"@graph\":[{\"@type\":\"WebPage\",\"@id\":\"https:\\\/\\\/www.feketeszakallkalandpark.hu\\\/gasztronomiank\\\/\",\"url\":\"https:\\\/\\\/www.feketeszakallkalandpark.hu\\\/gasztronomiank\\\/\",\"name\":\"Gasztron\u00f3mi\u00e1nk - Feketeszak\u00e1ll \u00c9lm\u00e9nypark\",\"isPartOf\":{\"@id\":\"https:\\\/\\\/www.feketeszakallkalandpark.hu\\\/#website\"},\"datePublished\":\"2022-06-28T22:28:04+00:00\",\"dateModified\":\"2022-06-28T22:52:41+00:00\",\"breadcrumb\":{\"@id\":\"https:\\\/\\\/www.feketeszakallkalandpark.hu\\\/gasztronomiank\\\/#breadcrumb\"},\"inLanguage\":\"en-GB\",\"potentialAction\":[{\"@type\":\"ReadAction\",\"target\":[\"https:\\\/\\\/www.feketeszakallkalandpark.hu\\\/gasztronomiank\\\/\"]}]},{\"@type\":\"BreadcrumbList\",\"@id\":\"https:\\\/\\\/www.feketeszakallkalandpark.hu\\\/gasztronomiank\\\/#breadcrumb\",\"itemListElement\":[{\"@type\":\"ListItem\",\"position\":1,\"name\":\"Home\",\"item\":\"https:\\\/\\\/www.feketeszakallkalandpark.hu\\\/\"},{\"@type\":\"ListItem\",\"position\":2,\"name\":\"Gasztron\u00f3mi\u00e1nk\"}]},{\"@type\":\"WebSite\",\"@id\":\"https:\\\/\\\/www.feketeszakallkalandpark.hu\\\/#website\",\"url\":\"https:\\\/\\\/www.feketeszakallkalandpark.hu\\\/\",\"name\":\"Feketeszak\u00e1ll \u00c9lm\u00e9nypark\",\"description\":\"\u00c9lm\u00e9nypark \u00e9s Strand Tiszal\u00f6k\",\"potentialAction\":[{\"@type\":\"SearchAction\",\"target\":{\"@type\":\"EntryPoint\",\"urlTemplate\":\"https:\\\/\\\/www.feketeszakallkalandpark.hu\\\/?s={search_term_string}\"},\"query-input\":{\"@type\":\"PropertyValueSpecification\",\"valueRequired\":true,\"valueName\":\"search_term_string\"}}],\"inLanguage\":\"en-GB\"}]}<\/script>\n<!-- \/ Yoast SEO Premium plugin. -->","yoast_head_json":{"title":"Gasztron\u00f3mi\u00e1nk - Feketeszak\u00e1ll \u00c9lm\u00e9nypark","robots":{"index":"index","follow":"follow","max-snippet":"max-snippet:-1","max-image-preview":"max-image-preview:large","max-video-preview":"max-video-preview:-1"},"canonical":"https:\/\/www.feketeszakallkalandpark.hu\/en\/gasztronomiank\/","og_locale":"en_GB","og_type":"article","og_title":"Gasztron\u00f3mi\u00e1nk","og_description":"Gasztron\u00f3mi\u00e1nk A Feketeszak\u00e1ll \u00c9lm\u00e9nyparkban mindent helyben, kiv\u00e1l\u00f3 min\u0151s\u00e9g\u0171, pr\u00e9mium alapanyagokb\u00f3l k\u00e9sz\u00edt\u00fcnk, amiket gyakran helyi kistermel\u0151kt\u0151l szerz\u00fcnk be.&nbsp; V\u00e1logatott magyar borok, d\u00edjnyertes h\u00e1zi hamburger, olasz k\u00e1v\u00e9k\u00fcl\u00f6nlegess\u00e9gek, k\u00e9zm\u0171ves fagylalt, \u00edzletes frissens\u00fcltek, klasszikus strandos \u00e9telek\u2026 ez csak n\u00e9h\u00e1ny finoms\u00e1g a gasztron\u00f3miai k\u00edn\u00e1latunkb\u00f3l. Az \u00ednyencebbek sz\u00e1m\u00e1ra pedig a h\u00e9tv\u00e9gi aj\u00e1nlatunk keret\u00e9ben a magyar \u00e9s a nemzetk\u00f6zi konyha \u00e9telk\u00fcl\u00f6nlegess\u00e9geivel v\u00e1rjuk &hellip; Continue reading \"Gasztron\u00f3mi\u00e1nk\"","og_url":"https:\/\/www.feketeszakallkalandpark.hu\/en\/gasztronomiank\/","og_site_name":"Feketeszak\u00e1ll \u00c9lm\u00e9nypark","article_modified_time":"2022-06-28T22:52:41+00:00","twitter_card":"summary_large_image","twitter_misc":{"Estimated reading time":"1 minute"},"schema":{"@context":"https:\/\/schema.org","@graph":[{"@type":"WebPage","@id":"https:\/\/www.feketeszakallkalandpark.hu\/gasztronomiank\/","url":"https:\/\/www.feketeszakallkalandpark.hu\/gasztronomiank\/","name":"Gasztron\u00f3mi\u00e1nk - Feketeszak\u00e1ll \u00c9lm\u00e9nypark","isPartOf":{"@id":"https:\/\/www.feketeszakallkalandpark.hu\/#website"},"datePublished":"2022-06-28T22:28:04+00:00","dateModified":"2022-06-28T22:52:41+00:00","breadcrumb":{"@id":"https:\/\/www.feketeszakallkalandpark.hu\/gasztronomiank\/#breadcrumb"},"inLanguage":"en-GB","potentialAction":[{"@type":"ReadAction","target":["https:\/\/www.feketeszakallkalandpark.hu\/gasztronomiank\/"]}]},{"@type":"BreadcrumbList","@id":"https:\/\/www.feketeszakallkalandpark.hu\/gasztronomiank\/#breadcrumb","itemListElement":[{"@type":"ListItem","position":1,"name":"Home","item":"https:\/\/www.feketeszakallkalandpark.hu\/"},{"@type":"ListItem","position":2,"name":"Gasztron\u00f3mi\u00e1nk"}]},{"@type":"WebSite","@id":"https:\/\/www.feketeszakallkalandpark.hu\/#website","url":"https:\/\/www.feketeszakallkalandpark.hu\/","name":"Feketeszak\u00e1ll \u00c9lm\u00e9nypark","description":"\u00c9lm\u00e9nypark \u00e9s Strand Tiszal\u00f6k","potentialAction":[{"@type":"SearchAction","target":{"@type":"EntryPoint","urlTemplate":"https:\/\/www.feketeszakallkalandpark.hu\/?s={search_term_string}"},"query-input":{"@type":"PropertyValueSpecification","valueRequired":true,"valueName":"search_term_string"}}],"inLanguage":"en-GB"}]}},"_links":{"self":[{"href":"https:\/\/www.feketeszakallkalandpark.hu\/en\/wp-json\/wp\/v2\/pages\/5024","targetHints":{"allow":["GET"]}}],"collection":[{"href":"https:\/\/www.feketeszakallkalandpark.hu\/en\/wp-json\/wp\/v2\/pages"}],"about":[{"href":"https:\/\/www.feketeszakallkalandpark.hu\/en\/wp-json\/wp\/v2\/types\/page"}],"author":[{"embeddable":true,"href":"https:\/\/www.feketeszakallkalandpark.hu\/en\/wp-json\/wp\/v2\/users\/4"}],"replies":[{"embeddable":true,"href":"https:\/\/www.feketeszakallkalandpark.hu\/en\/wp-json\/wp\/v2\/comments?post=5024"}],"version-history":[{"count":8,"href":"https:\/\/www.feketeszakallkalandpark.hu\/en\/wp-json\/wp\/v2\/pages\/5024\/revisions"}],"predecessor-version":[{"id":5043,"href":"https:\/\/www.feketeszakallkalandpark.hu\/en\/wp-json\/wp\/v2\/pages\/5024\/revisions\/5043"}],"wp:attachment":[{"href":"https:\/\/www.feketeszakallkalandpark.hu\/en\/wp-json\/wp\/v2\/media?parent=5024"}],"curies":[{"name":"wp","href":"https:\/\/api.w.org\/{rel}","templated":true}]}}